{"id":1442,"date":"2025-04-18T02:29:04","date_gmt":"2025-04-18T00:29:04","guid":{"rendered":"https:\/\/www.regionalis.shop\/doris-fuchs\/product\/aromaanhaenger-mit-glasperlen-eleganz\/"},"modified":"2025-04-18T02:29:04","modified_gmt":"2025-04-18T00:29:04","slug":"aromaanhaenger-mit-glasperlen-eleganz","status":"publish","type":"product","link":"https:\/\/www.regionalis.shop\/doris-fuchs\/shop\/aromaanhaenger-mit-glasperlen-eleganz\/","title":{"rendered":"Aromaanh\u00e4nger mit Glasperlen &#8222;Eleganz&#8220;"},"content":{"rendered":"<p>Aroma-Anh\u00e4nger haben eine alte Tradition. Schon unsere Vorfahren nutzten \u00e4hnliche Anh\u00e4nger um ihren Lieblingsduft bei sich zu tragen ohne sch\u00f6ne Kleidungsst\u00fccke damit zu benetzen.<\/p>\n<p>Der Anh\u00e4nger wird mit insgesamt 340 hochwertigen Delica Glasperlen ummantelt. Jede dieser Glasperlen wird doppelt mit der Hand gen\u00e4ht. Ein exquisites Unikat &#8211; als Geschenk f\u00fcr einen ganz lieben Menschen oder um sich selbst was Gutes zu tun.<\/p>\n<p>Zur richtigen Verwendung wird der obere, durchbrochene Teil abgeschraubt und der darauf aufgesteckte \u201eDocht\u201c mit dem Lieblingsduft oder zwei Tropfen eines hochwertigen, \u00e4therischen \u00d6les (zur Aromatherapie geeignet) betr\u00e4ufelt. Wieder zusammengeschraubt kann der Anh\u00e4nger an der beiliegenden Edelstahlkette um den Hals getragen oder auch in K\u00f6rpern\u00e4he aufgeh\u00e4ngt werden. Die Kette ist 65cm lang und kann individuell gek\u00fcrzt werden.<\/p>\n<p>Der Aroma-Anh\u00e4nger wird mit vier Ersatzdochten und einem schwarzen Samtt\u00e4schchen ausgeliefert.<\/p>\n<p>Laut einer Kundenrezension \u2026 \u201e sehr zu empfehlen f\u00fcr jeden, der von einem Hauch seines Lieblingsduftes umh\u00fcllt werden m\u00f6chte \u2026\u201c<\/p>\n","protected":false},"excerpt":{"rendered":"<p>Aroma-Anh\u00e4nger haben eine alte Tradition. Schon unsere Vorfahren nutzten \u00e4hnliche Anh\u00e4nger um ihren Lieblingsduft bei sich zu tragen ohne sch\u00f6ne Kleidungsst\u00fccke damit zu benetzen. Der Anh\u00e4nger wird mit insgesamt 340 hochwertigen Delica Glasperlen ummantelt. Jede dieser Glasperlen wird doppelt mit der Hand gen\u00e4ht. Ein exquisites Unikat &#8211; als Geschenk f\u00fcr einen ganz lieben Menschen oder &hellip; <a href=\"https:\/\/www.regionalis.shop\/doris-fuchs\/shop\/aromaanhaenger-mit-glasperlen-eleganz\/\">Continued<\/a><\/p>\n","protected":false},"featured_media":1443,"template":"","meta":{"_acf_changed":false},"product_brand":[],"product_cat":[125,52],"product_tag":[],"class_list":{"0":"post-1442","1":"product","2":"type-product","3":"status-publish","4":"has-post-thumbnail","6":"product_cat-duefte","7":"product_cat-kosmetika","9":"first","10":"instock","11":"purchasable","12":"product-type-simple"},"acf":[],"_links":{"self":[{"href":"https:\/\/www.regionalis.shop\/doris-fuchs\/wp-json\/wp\/v2\/product\/1442","targetHints":{"allow":["GET"]}}],"collection":[{"href":"https:\/\/www.regionalis.shop\/doris-fuchs\/wp-json\/wp\/v2\/product"}],"about":[{"href":"https:\/\/www.regionalis.shop\/doris-fuchs\/wp-json\/wp\/v2\/types\/product"}],"wp:featuredmedia":[{"embeddable":true,"href":"https:\/\/www.regionalis.shop\/doris-fuchs\/wp-json\/wp\/v2\/media\/1443"}],"wp:attachment":[{"href":"https:\/\/www.regionalis.shop\/doris-fuchs\/wp-json\/wp\/v2\/media?parent=1442"}],"wp:term":[{"taxonomy":"product_brand","embeddable":true,"href":"https:\/\/www.regionalis.shop\/doris-fuchs\/wp-json\/wp\/v2\/product_brand?post=1442"},{"taxonomy":"product_cat","embeddable":true,"href":"https:\/\/www.regionalis.shop\/doris-fuchs\/wp-json\/wp\/v2\/product_cat?post=1442"},{"taxonomy":"product_tag","embeddable":true,"href":"https:\/\/www.regionalis.shop\/doris-fuchs\/wp-json\/wp\/v2\/product_tag?post=1442"}],"curies":[{"name":"wp","href":"https:\/\/api.w.org\/{rel}","templated":true}]}}