{"id":1053,"date":"2025-04-18T12:10:53","date_gmt":"2025-04-18T10:10:53","guid":{"rendered":"https:\/\/www.regionalis.shop\/dragonshoarding\/product\/silberring-mit-iolit\/"},"modified":"2025-04-18T12:10:53","modified_gmt":"2025-04-18T10:10:53","slug":"silberring-mit-iolit","status":"publish","type":"product","link":"https:\/\/www.regionalis.shop\/dragonshoarding\/shop\/silberring-mit-iolit\/","title":{"rendered":"Silberring mit Iolit"},"content":{"rendered":"<p>Dieser Ring wurde aus gepr\u00fcftem Sterling Silber (925), und einem Iolit mit Princess-schliff gefertigt.<br \/>\nDas Band des Rings wurde aus individuellen Kettenglieder gearbeitet.<\/p>\n<p>Edelsteine werden von einem renomierten lokalen H\u00e4ndler eingekauft.<\/p>\n<p>Bitte geben sie beim Kauf unbedingt ihre Ringgr\u00f6\u00dfe an.<\/p>\n<p>Da jedes St\u00fcck ein Unikat ist k\u00f6nnen leichte Unterschiede auftauchen was Farbe\/Klarheit der Edelsteine, sowie Form, Oberfl\u00e4chenbeschaffenheit etc. angeht.<\/p>\n<p>Sollten bestimmte W\u00fcnsche bestehen, L\u00e4nge, Form, Gr\u00f6\u00dfe, etc. k\u00f6nnen sie mich gerne kontaktieren.<\/p>\n","protected":false},"excerpt":{"rendered":"<p>Dieser Ring wurde aus gepr\u00fcftem Sterling Silber (925), und einem Iolit mit Princess-schliff gefertigt. Das Band des Rings wurde aus individuellen Kettenglieder gearbeitet. Edelsteine werden von einem renomierten lokalen H\u00e4ndler eingekauft. Bitte geben sie beim Kauf unbedingt ihre Ringgr\u00f6\u00dfe an. Da jedes St\u00fcck ein Unikat ist k\u00f6nnen leichte Unterschiede auftauchen was Farbe\/Klarheit der Edelsteine, sowie &hellip; <a href=\"https:\/\/www.regionalis.shop\/dragonshoarding\/shop\/silberring-mit-iolit\/\">Continued<\/a><\/p>\n","protected":false},"featured_media":1054,"template":"","meta":{"_acf_changed":false},"product_brand":[],"product_cat":[165,70],"product_tag":[],"class_list":{"0":"post-1053","1":"product","2":"type-product","3":"status-publish","4":"has-post-thumbnail","6":"product_cat-ringe","7":"product_cat-schmuck","9":"first","10":"instock","11":"purchasable","12":"product-type-simple"},"acf":[],"_links":{"self":[{"href":"https:\/\/www.regionalis.shop\/dragonshoarding\/wp-json\/wp\/v2\/product\/1053","targetHints":{"allow":["GET"]}}],"collection":[{"href":"https:\/\/www.regionalis.shop\/dragonshoarding\/wp-json\/wp\/v2\/product"}],"about":[{"href":"https:\/\/www.regionalis.shop\/dragonshoarding\/wp-json\/wp\/v2\/types\/product"}],"wp:featuredmedia":[{"embeddable":true,"href":"https:\/\/www.regionalis.shop\/dragonshoarding\/wp-json\/wp\/v2\/media\/1054"}],"wp:attachment":[{"href":"https:\/\/www.regionalis.shop\/dragonshoarding\/wp-json\/wp\/v2\/media?parent=1053"}],"wp:term":[{"taxonomy":"product_brand","embeddable":true,"href":"https:\/\/www.regionalis.shop\/dragonshoarding\/wp-json\/wp\/v2\/product_brand?post=1053"},{"taxonomy":"product_cat","embeddable":true,"href":"https:\/\/www.regionalis.shop\/dragonshoarding\/wp-json\/wp\/v2\/product_cat?post=1053"},{"taxonomy":"product_tag","embeddable":true,"href":"https:\/\/www.regionalis.shop\/dragonshoarding\/wp-json\/wp\/v2\/product_tag?post=1053"}],"curies":[{"name":"wp","href":"https:\/\/api.w.org\/{rel}","templated":true}]}}