{"id":1069,"date":"2025-04-18T12:10:23","date_gmt":"2025-04-18T10:10:23","guid":{"rendered":"https:\/\/www.regionalis.shop\/dragonshoarding\/product\/sonnenstein-und-lapislazuli-ohrringe\/"},"modified":"2025-04-18T12:10:23","modified_gmt":"2025-04-18T10:10:23","slug":"sonnenstein-und-lapislazuli-ohrringe","status":"publish","type":"product","link":"https:\/\/www.regionalis.shop\/dragonshoarding\/shop\/sonnenstein-und-lapislazuli-ohrringe\/","title":{"rendered":"Sonnenstein und Lapislazuli Ohrringe"},"content":{"rendered":"<p>Diese Ohrringe sind aus gepr\u00fcftem Sterling-Silber (925), sowie qualitativen Sonnensteinen und Lapislazuli hergestellt, die Steine werden von renomierten H\u00e4ndlern eingekauft.<\/p>\n<p>Jedes St\u00fcck wird durch reine Handarbeit hergestellt und ist somit immer ein Unikat.<\/p>\n<p>Da jedes St\u00fcck ein Unikat ist k\u00f6nnen leichte Unterschiede auftauchen was Farbe\/Klarheit der Edelsteine, sowie Form, Oberfl\u00e4chenbeschaffenheit etc. angeht.<\/p>\n<p>Sollten bestimmte W\u00fcnsche bestehen, L\u00e4nge, Form, Gr\u00f6\u00dfe, etc. k\u00f6nnen sie mich gerne kontaktieren.<\/p>\n","protected":false},"excerpt":{"rendered":"<p>Diese Ohrringe sind aus gepr\u00fcftem Sterling-Silber (925), sowie qualitativen Sonnensteinen und Lapislazuli hergestellt, die Steine werden von renomierten H\u00e4ndlern eingekauft. Jedes St\u00fcck wird durch reine Handarbeit hergestellt und ist somit immer ein Unikat. Da jedes St\u00fcck ein Unikat ist k\u00f6nnen leichte Unterschiede auftauchen was Farbe\/Klarheit der Edelsteine, sowie Form, Oberfl\u00e4chenbeschaffenheit etc. angeht. Sollten bestimmte W\u00fcnsche &hellip; <a href=\"https:\/\/www.regionalis.shop\/dragonshoarding\/shop\/sonnenstein-und-lapislazuli-ohrringe\/\">Continued<\/a><\/p>\n","protected":false},"featured_media":1070,"template":"","meta":{"_acf_changed":false},"product_brand":[],"product_cat":[163,70],"product_tag":[],"class_list":{"0":"post-1069","1":"product","2":"type-product","3":"status-publish","4":"has-post-thumbnail","6":"product_cat-ohrringe","7":"product_cat-schmuck","9":"first","10":"instock","11":"purchasable","12":"product-type-simple"},"acf":[],"_links":{"self":[{"href":"https:\/\/www.regionalis.shop\/dragonshoarding\/wp-json\/wp\/v2\/product\/1069","targetHints":{"allow":["GET"]}}],"collection":[{"href":"https:\/\/www.regionalis.shop\/dragonshoarding\/wp-json\/wp\/v2\/product"}],"about":[{"href":"https:\/\/www.regionalis.shop\/dragonshoarding\/wp-json\/wp\/v2\/types\/product"}],"wp:featuredmedia":[{"embeddable":true,"href":"https:\/\/www.regionalis.shop\/dragonshoarding\/wp-json\/wp\/v2\/media\/1070"}],"wp:attachment":[{"href":"https:\/\/www.regionalis.shop\/dragonshoarding\/wp-json\/wp\/v2\/media?parent=1069"}],"wp:term":[{"taxonomy":"product_brand","embeddable":true,"href":"https:\/\/www.regionalis.shop\/dragonshoarding\/wp-json\/wp\/v2\/product_brand?post=1069"},{"taxonomy":"product_cat","embeddable":true,"href":"https:\/\/www.regionalis.shop\/dragonshoarding\/wp-json\/wp\/v2\/product_cat?post=1069"},{"taxonomy":"product_tag","embeddable":true,"href":"https:\/\/www.regionalis.shop\/dragonshoarding\/wp-json\/wp\/v2\/product_tag?post=1069"}],"curies":[{"name":"wp","href":"https:\/\/api.w.org\/{rel}","templated":true}]}}