{"id":1072,"date":"2025-04-18T12:10:23","date_gmt":"2025-04-18T10:10:23","guid":{"rendered":"https:\/\/www.regionalis.shop\/dragonshoarding\/product\/karneol-mit-silber-granulierung-kettenanhaenger\/"},"modified":"2025-04-18T12:10:23","modified_gmt":"2025-04-18T10:10:23","slug":"karneol-mit-silber-granulierung-kettenanhaenger","status":"publish","type":"product","link":"https:\/\/www.regionalis.shop\/dragonshoarding\/shop\/karneol-mit-silber-granulierung-kettenanhaenger\/","title":{"rendered":"Karneol mit Silber-Granulierung, Kettenanh\u00e4nger"},"content":{"rendered":"<p>Dieser Kettenanh\u00e4nger ist aus gepr\u00fcftem Sterling-Silber (925), gefertigt und hat einen Karneol eingefasst.<br \/>\nDieser Stein kann auf Kundenwunsch mit einem andersartigen Stein ausgetauscht werden, hierf\u00fcr mich bitte pers\u00f6hnlich kontaktieren.<\/p>\n<p>Edelsteine werden von einem renomierten lokalen H\u00e4ndler eingekauft.<\/p>\n<p>Da jedes St\u00fcck ein Unikat ist k\u00f6nnen leichte Unterschiede auftauchen was Farbe\/Klarheit der Edelsteine, sowie Form, Oberfl\u00e4chenbeschaffenheit etc. angeht.<\/p>\n","protected":false},"excerpt":{"rendered":"<p>Dieser Kettenanh\u00e4nger ist aus gepr\u00fcftem Sterling-Silber (925), gefertigt und hat einen Karneol eingefasst. Dieser Stein kann auf Kundenwunsch mit einem andersartigen Stein ausgetauscht werden, hierf\u00fcr mich bitte pers\u00f6hnlich kontaktieren. Edelsteine werden von einem renomierten lokalen H\u00e4ndler eingekauft. Da jedes St\u00fcck ein Unikat ist k\u00f6nnen leichte Unterschiede auftauchen was Farbe\/Klarheit der Edelsteine, sowie Form, Oberfl\u00e4chenbeschaffenheit etc. &hellip; <a href=\"https:\/\/www.regionalis.shop\/dragonshoarding\/shop\/karneol-mit-silber-granulierung-kettenanhaenger\/\">Continued<\/a><\/p>\n","protected":false},"featured_media":1073,"template":"","meta":{"_acf_changed":false},"product_brand":[],"product_cat":[141,70],"product_tag":[],"class_list":{"0":"post-1072","1":"product","2":"type-product","3":"status-publish","4":"has-post-thumbnail","6":"product_cat-halsketten","7":"product_cat-schmuck","9":"first","10":"instock","11":"purchasable","12":"product-type-simple"},"acf":[],"_links":{"self":[{"href":"https:\/\/www.regionalis.shop\/dragonshoarding\/wp-json\/wp\/v2\/product\/1072","targetHints":{"allow":["GET"]}}],"collection":[{"href":"https:\/\/www.regionalis.shop\/dragonshoarding\/wp-json\/wp\/v2\/product"}],"about":[{"href":"https:\/\/www.regionalis.shop\/dragonshoarding\/wp-json\/wp\/v2\/types\/product"}],"wp:featuredmedia":[{"embeddable":true,"href":"https:\/\/www.regionalis.shop\/dragonshoarding\/wp-json\/wp\/v2\/media\/1073"}],"wp:attachment":[{"href":"https:\/\/www.regionalis.shop\/dragonshoarding\/wp-json\/wp\/v2\/media?parent=1072"}],"wp:term":[{"taxonomy":"product_brand","embeddable":true,"href":"https:\/\/www.regionalis.shop\/dragonshoarding\/wp-json\/wp\/v2\/product_brand?post=1072"},{"taxonomy":"product_cat","embeddable":true,"href":"https:\/\/www.regionalis.shop\/dragonshoarding\/wp-json\/wp\/v2\/product_cat?post=1072"},{"taxonomy":"product_tag","embeddable":true,"href":"https:\/\/www.regionalis.shop\/dragonshoarding\/wp-json\/wp\/v2\/product_tag?post=1072"}],"curies":[{"name":"wp","href":"https:\/\/api.w.org\/{rel}","templated":true}]}}