{"id":1075,"date":"2025-04-18T12:10:23","date_gmt":"2025-04-18T10:10:23","guid":{"rendered":"https:\/\/www.regionalis.shop\/dragonshoarding\/product\/silberring-mit-amethyst\/"},"modified":"2025-04-18T12:10:23","modified_gmt":"2025-04-18T10:10:23","slug":"silberring-mit-amethyst","status":"publish","type":"product","link":"https:\/\/www.regionalis.shop\/dragonshoarding\/shop\/silberring-mit-amethyst\/","title":{"rendered":"Silberring mit Amethyst"},"content":{"rendered":"<p>Ein schlichter Ring aus gepr\u00fcftem Sterling-Silber (925) und einem Amethyst.<br \/>\nDer Stein kann nach Wunsch durch einen anderen ersetzt werden, hierzu k\u00f6nnen sie mich gerne kontaktieren.<\/p>\n<p>Bitte geben sie beim Kauf ihre gew\u00fcnschte Ringgr\u00f6\u00dfe an.<\/p>\n<p>Da jedes St\u00fcck ein Unikat ist k\u00f6nnen leichte Unterschiede auftauchen was Farbe\/Klarheit der Edelsteine, sowie Form, Oberfl\u00e4chenbeschaffenheit etc. angeht.<\/p>\n<p>Sollten bestimmte W\u00fcnsche bestehen, L\u00e4nge, Form, Gr\u00f6\u00dfe, etc. k\u00f6nnen sie mich gerne kontaktieren.<\/p>\n","protected":false},"excerpt":{"rendered":"<p>Ein schlichter Ring aus gepr\u00fcftem Sterling-Silber (925) und einem Amethyst. Der Stein kann nach Wunsch durch einen anderen ersetzt werden, hierzu k\u00f6nnen sie mich gerne kontaktieren. Bitte geben sie beim Kauf ihre gew\u00fcnschte Ringgr\u00f6\u00dfe an. Da jedes St\u00fcck ein Unikat ist k\u00f6nnen leichte Unterschiede auftauchen was Farbe\/Klarheit der Edelsteine, sowie Form, Oberfl\u00e4chenbeschaffenheit etc. angeht. Sollten &hellip; <a href=\"https:\/\/www.regionalis.shop\/dragonshoarding\/shop\/silberring-mit-amethyst\/\">Continued<\/a><\/p>\n","protected":false},"featured_media":1076,"template":"","meta":{"_acf_changed":false},"product_brand":[],"product_cat":[165,70],"product_tag":[],"class_list":{"0":"post-1075","1":"product","2":"type-product","3":"status-publish","4":"has-post-thumbnail","6":"product_cat-ringe","7":"product_cat-schmuck","9":"first","10":"instock","11":"purchasable","12":"product-type-simple"},"acf":[],"_links":{"self":[{"href":"https:\/\/www.regionalis.shop\/dragonshoarding\/wp-json\/wp\/v2\/product\/1075","targetHints":{"allow":["GET"]}}],"collection":[{"href":"https:\/\/www.regionalis.shop\/dragonshoarding\/wp-json\/wp\/v2\/product"}],"about":[{"href":"https:\/\/www.regionalis.shop\/dragonshoarding\/wp-json\/wp\/v2\/types\/product"}],"wp:featuredmedia":[{"embeddable":true,"href":"https:\/\/www.regionalis.shop\/dragonshoarding\/wp-json\/wp\/v2\/media\/1076"}],"wp:attachment":[{"href":"https:\/\/www.regionalis.shop\/dragonshoarding\/wp-json\/wp\/v2\/media?parent=1075"}],"wp:term":[{"taxonomy":"product_brand","embeddable":true,"href":"https:\/\/www.regionalis.shop\/dragonshoarding\/wp-json\/wp\/v2\/product_brand?post=1075"},{"taxonomy":"product_cat","embeddable":true,"href":"https:\/\/www.regionalis.shop\/dragonshoarding\/wp-json\/wp\/v2\/product_cat?post=1075"},{"taxonomy":"product_tag","embeddable":true,"href":"https:\/\/www.regionalis.shop\/dragonshoarding\/wp-json\/wp\/v2\/product_tag?post=1075"}],"curies":[{"name":"wp","href":"https:\/\/api.w.org\/{rel}","templated":true}]}}