{"id":1058,"date":"2025-04-18T08:43:32","date_gmt":"2025-04-18T06:43:32","guid":{"rendered":"https:\/\/www.regionalis.shop\/draupnyr\/product\/helix-piercing-daith-piercing-handgemachte-silber-ohrringe-1-stueck\/"},"modified":"2025-04-18T08:43:32","modified_gmt":"2025-04-18T06:43:32","slug":"helix-piercing-daith-piercing-handgemachte-silber-ohrringe-1-stueck","status":"publish","type":"product","link":"https:\/\/www.regionalis.shop\/draupnyr\/shop\/helix-piercing-daith-piercing-handgemachte-silber-ohrringe-1-stueck\/","title":{"rendered":"Helix Piercing | Daith Piercing | handgemachte Silber Ohrringe | 1 St\u00fcck"},"content":{"rendered":"<p>Der Ear Curation Stil erm\u00f6glicht es dir, deiner Kreativit\u00e4t freien Lauf zu lassen &#8211; diese 925 Sterling Silber Ohrringe ist die perfekte Wahl, um deine Ohrpiercings auf ein neues Niveau zu heben. Ob Helix Piercing, Daith Piercing oder mehrere Ohrl\u00f6cher &#8211; dir sind keine Grenzen gesetzt.<br \/>\nDurch das minimalistische Design sind sie f\u00fcr jeden Anlass geeignet und sehen sowohl an M\u00e4nnern als auch an Frauen stilecht aus.<\/p>\n<p>Durchmesser\/Materialst\u00e4rke ist 8 mm\/1,0 mm oder 9 mm\/1.2 mm &#8211; Verkauf\/St\u00fcck = 1 Ring<\/p>\n<p>Silber ist als Material sehr gut geeignet, um die emotionalen Welten auszugleichen und zu st\u00e4rken. Der Schmuck kann unter dem Mondlicht aufgeladen werden, um die diese besondere Energie zu nutze zu machen und sich mit dem Unterbewusstsein zu verbinden.<\/p>\n<p>Die Ohrringe werden ge\u00f6ffnet, indem die offenen Enden gegengleich verbogen werden und nach ein Einf\u00fchren der gew\u00fcnschten Stelle wieder zur\u00fcckgebogen werden.<br \/>\nDadurch behalten sie ihre runde Form und k\u00f6nnen lange verwendet werden.<\/p>\n<p>Der Schmuck wurde handpoliert und die Enden wurden sorgf\u00e4ltig gegl\u00e4ttet, um ein angenehmes Anlegen und Tragen zu gew\u00e4hrleisten.<\/p>\n<p>Silberschmuck wird generell nur f\u00fcr verheilte Piercings und Ohrl\u00f6cher empfohlen, da das Silber mit der Zeit anlaufen kann und sich schwarz verf\u00e4rbt.<br \/>\nSollten sich die Ringe dunkel verf\u00e4rben, so k\u00f6nnen sie mit einem Silberputztuch wieder gl\u00e4nzend poliert werden. Auch Silberb\u00e4der k\u00f6nnen gute Dienste leisten.<\/p>\n","protected":false},"excerpt":{"rendered":"<p>Der Ear Curation Stil erm\u00f6glicht es dir, deiner Kreativit\u00e4t freien Lauf zu lassen &#8211; diese 925 Sterling Silber Ohrringe ist die perfekte Wahl, um deine Ohrpiercings auf ein neues Niveau zu heben. Ob Helix Piercing, Daith Piercing oder mehrere Ohrl\u00f6cher &#8211; dir sind keine Grenzen gesetzt. Durch das minimalistische Design sind sie f\u00fcr jeden Anlass &hellip; <a href=\"https:\/\/www.regionalis.shop\/draupnyr\/shop\/helix-piercing-daith-piercing-handgemachte-silber-ohrringe-1-stueck\/\">Continued<\/a><\/p>\n","protected":false},"featured_media":1059,"template":"","meta":{"_acf_changed":false},"product_brand":[],"product_cat":[163,70],"product_tag":[],"class_list":{"0":"post-1058","1":"product","2":"type-product","3":"status-publish","4":"has-post-thumbnail","6":"product_cat-ohrringe","7":"product_cat-schmuck","9":"first","10":"instock","11":"purchasable","12":"product-type-simple"},"acf":[],"_links":{"self":[{"href":"https:\/\/www.regionalis.shop\/draupnyr\/wp-json\/wp\/v2\/product\/1058","targetHints":{"allow":["GET"]}}],"collection":[{"href":"https:\/\/www.regionalis.shop\/draupnyr\/wp-json\/wp\/v2\/product"}],"about":[{"href":"https:\/\/www.regionalis.shop\/draupnyr\/wp-json\/wp\/v2\/types\/product"}],"wp:featuredmedia":[{"embeddable":true,"href":"https:\/\/www.regionalis.shop\/draupnyr\/wp-json\/wp\/v2\/media\/1059"}],"wp:attachment":[{"href":"https:\/\/www.regionalis.shop\/draupnyr\/wp-json\/wp\/v2\/media?parent=1058"}],"wp:term":[{"taxonomy":"product_brand","embeddable":true,"href":"https:\/\/www.regionalis.shop\/draupnyr\/wp-json\/wp\/v2\/product_brand?post=1058"},{"taxonomy":"product_cat","embeddable":true,"href":"https:\/\/www.regionalis.shop\/draupnyr\/wp-json\/wp\/v2\/product_cat?post=1058"},{"taxonomy":"product_tag","embeddable":true,"href":"https:\/\/www.regionalis.shop\/draupnyr\/wp-json\/wp\/v2\/product_tag?post=1058"}],"curies":[{"name":"wp","href":"https:\/\/api.w.org\/{rel}","templated":true}]}}