{"id":1063,"date":"2025-04-18T08:43:32","date_gmt":"2025-04-18T06:43:32","guid":{"rendered":"https:\/\/www.regionalis.shop\/draupnyr\/product\/raeucherkohle-i-1-rolle-mit-6-stueck-kohle-selbstzuendend\/"},"modified":"2025-04-18T08:43:32","modified_gmt":"2025-04-18T06:43:32","slug":"raeucherkohle-i-1-rolle-mit-6-stueck-kohle-selbstzuendend","status":"publish","type":"product","link":"https:\/\/www.regionalis.shop\/draupnyr\/shop\/raeucherkohle-i-1-rolle-mit-6-stueck-kohle-selbstzuendend\/","title":{"rendered":"R\u00e4ucherkohle I 1 Rolle mit 6 St\u00fcck Kohle Selbstz\u00fcndend"},"content":{"rendered":"<p>Hochqualitative R\u00e4ucherkohle zum R\u00e4uchern von Harzen, Weihrauch, Kr\u00e4utermischungen, Beeren und andere getrockneten Pflanzen. Die selbstz\u00fcndende Kohle kommt in einer praktischen Rolle, welche 6 St\u00fcck Kohle mit einem Durchmesser von 26 mm enth\u00e4lt.<\/p>\n<p>Zur Verwendung wird eine Kohletablette mit einer Metallzange gehalten und mit einem Feuerzeug oder \u00fcber einem Teelicht entzunden. Dies sollte am besten im Freien erfolgen. Nachdem die Kohle durchgegl\u00fcht ist, kann sie auf einer feuerfesten Unterlage (etwa einer R\u00e4ucherschale gef\u00fcllt mit Sand) abgelegt werden.<br \/>\nHarze, Kr\u00e4utermischungen und Weihrauch k\u00f6nnen nun in kleinen Mengen auf die Kohle direkt aufgebracht werden.<\/p>\n<p>Nach der Verwendung gut l\u00fcften!<\/p>\n<p>Das R\u00e4uchern von Kr\u00e4utern oder Harzen geht auf uralte Traditionen zur\u00fcck und wurde fast \u00fcberall auf der Welt praktiziert. Das R\u00f6mische Reich bezog Weihrauch aus dem Oman \u00fcber die Weihrauchstra\u00dfe und gab einen erheblichen Teil seines Verm\u00f6gens f\u00fcr D\u00fcfte aus dem Orient aus.<\/p>\n<p>Beim Erhitzen von Weihrauch entweicht eine Vielzahl von Ger\u00fcchen und psychoaktiven Substanzen, die im menschlichen K\u00f6rper eine Vielzahl von Wirkungen entfalten. Dabei spielen sowohl die (neuro)-chemischen oder pharmakologischen Wirkungen der einzelnen Wirkstoffe eine Rolle, als auch deren Synergien untereinander. Daher l\u00e4sst sich die Wirkung einer R\u00e4ucherung oft nur schwer auf eine bestimmte Substanz zur\u00fcckf\u00fchren. Viel wichtiger ist die Kombination und Synergie der Wirkungen, die zusammen wiederum eine Vielzahl von wahrnehmbaren und unbewussten Wirkungen entfalten k\u00f6nnen.<\/p>\n<p>Mindestens ebenso wichtig sind Einstellung und Umfeld der Person im Verlauf des R\u00e4ucherns. Die Erwartungen, Erfahrungen, individuellen menschlichen Pr\u00e4gungen, die Intention, die Tagesverfassung und andere spezifische individuelle Parameter spielen f\u00fcr die Wirkung eine Rolle. Au\u00dferdem hat der Ort, an dem das R\u00e4ucherwerk verbrannt wird, einen gro\u00dfen Einfluss auf das Ergebnis. Wird das R\u00e4ucherwerk in der Natur verbrannt, zum Beispiel im Wald oder im Garten, oder in einem Zimmer oder in einer Halle? Wird die R\u00e4ucherung angeleitet und instruiert, eventuell sogar in einen traditionellen Kontext eingebettet, oder dient die R\u00e4ucherung vor allem dazu, einen angenehmen Raumduft zu erzeugen.<\/p>\n","protected":false},"excerpt":{"rendered":"<p>Hochqualitative R\u00e4ucherkohle zum R\u00e4uchern von Harzen, Weihrauch, Kr\u00e4utermischungen, Beeren und andere getrockneten Pflanzen. Die selbstz\u00fcndende Kohle kommt in einer praktischen Rolle, welche 6 St\u00fcck Kohle mit einem Durchmesser von 26 mm enth\u00e4lt. Zur Verwendung wird eine Kohletablette mit einer Metallzange gehalten und mit einem Feuerzeug oder \u00fcber einem Teelicht entzunden. Dies sollte am besten im &hellip; <a href=\"https:\/\/www.regionalis.shop\/draupnyr\/shop\/raeucherkohle-i-1-rolle-mit-6-stueck-kohle-selbstzuendend\/\">Continued<\/a><\/p>\n","protected":false},"featured_media":1064,"template":"","meta":{"_acf_changed":false},"product_brand":[],"product_cat":[41,64],"product_tag":[],"class_list":{"0":"post-1063","1":"product","2":"type-product","3":"status-publish","4":"has-post-thumbnail","6":"product_cat-freizeit-lifestyle","7":"product_cat-raeucherwerk","9":"first","10":"instock","11":"purchasable","12":"product-type-simple"},"acf":[],"_links":{"self":[{"href":"https:\/\/www.regionalis.shop\/draupnyr\/wp-json\/wp\/v2\/product\/1063","targetHints":{"allow":["GET"]}}],"collection":[{"href":"https:\/\/www.regionalis.shop\/draupnyr\/wp-json\/wp\/v2\/product"}],"about":[{"href":"https:\/\/www.regionalis.shop\/draupnyr\/wp-json\/wp\/v2\/types\/product"}],"wp:featuredmedia":[{"embeddable":true,"href":"https:\/\/www.regionalis.shop\/draupnyr\/wp-json\/wp\/v2\/media\/1064"}],"wp:attachment":[{"href":"https:\/\/www.regionalis.shop\/draupnyr\/wp-json\/wp\/v2\/media?parent=1063"}],"wp:term":[{"taxonomy":"product_brand","embeddable":true,"href":"https:\/\/www.regionalis.shop\/draupnyr\/wp-json\/wp\/v2\/product_brand?post=1063"},{"taxonomy":"product_cat","embeddable":true,"href":"https:\/\/www.regionalis.shop\/draupnyr\/wp-json\/wp\/v2\/product_cat?post=1063"},{"taxonomy":"product_tag","embeddable":true,"href":"https:\/\/www.regionalis.shop\/draupnyr\/wp-json\/wp\/v2\/product_tag?post=1063"}],"curies":[{"name":"wp","href":"https:\/\/api.w.org\/{rel}","templated":true}]}}