{"id":1072,"date":"2025-04-18T08:43:32","date_gmt":"2025-04-18T06:43:32","guid":{"rendered":"https:\/\/www.regionalis.shop\/draupnyr\/product\/birth-chart-reading-i-1-stunde-astrologische-interpretation-i\/"},"modified":"2025-04-18T08:43:32","modified_gmt":"2025-04-18T06:43:32","slug":"birth-chart-reading-i-1-stunde-astrologische-interpretation-i","status":"publish","type":"product","link":"https:\/\/www.regionalis.shop\/draupnyr\/shop\/birth-chart-reading-i-1-stunde-astrologische-interpretation-i\/","title":{"rendered":"BIRTH CHART READING I 1 Stunde Astrologische Interpretation I"},"content":{"rendered":"<p>Dieses astrologische Geburtshoroskop umfasst die pers\u00f6nlichen Kr\u00e4fte, die transpersonalen Kr\u00e4fte und die Aspekte. Es erz\u00e4hlt die einzigartige Geschichte deines Geburtshoroskops und dein Potenzial f\u00fcr die Zukunft.<\/p>\n<p>Du erh\u00e4ltst eine mp3-Audiodatei mit deiner individualisierten Interpretation, die deine Lebensgeschichte erz\u00e4hlt &#8211; abh\u00e4ngig von deinen Fragen und dem spezifischen Horoskop betr\u00e4gt die Dauer der astrologischen Interpretation zwischen 45 Minuten und 1,5 Stunden.<\/p>\n<p>Die genannten Kr\u00e4fte entsprechen hierbei den Planeten &#8211; jeder Planet hat eine spezielle Bedeutung und ist ebenso wichtig wie die Sonne selbst, welche meist alleine herangezogen wird.<\/p>\n<p>Geburtshoroskop-Lesung mit pers\u00f6nlichen Kr\u00e4ften (Sonne, Aszendent, Mond, Merkur, Venus, Mars, Jupiter, Saturn) und transpersonalen Kr\u00e4ften (Chiron, Uranus, Neptun, Pluto). Die Deutung zielt darauf ab, die individuelle Geschichte deines eigenen Geburtshoroskops zu erz\u00e4hlen und dabei die Facetten deines Lebens anzusprechen. Je nach Zusammensetzung deines Horoskops k\u00f6nnen diese Tendenzen Liebe, Beziehungen, Geld, deinen Platz in der Gesellschaft, dein Seelenpotential in deiner Inkarnation, Kunst und Lebensaufgaben umfassen. Teile mir gerne deine Fragen und Themen mit, die du behandelt haben m\u00f6chtest. So kann ich mehr von deinen Erfahrungen in den Kontext Ihrer Lebensgeschichte stellen. Bitte beachte, dass ich mit der Horoskopdeutung keine &#8222;Ratschl\u00e4ge&#8220; gebe, sondern die Geschichte des Horoskops so erz\u00e4hle, wie ich sie interpretiere.<\/p>\n<p>W\u00e4hrend des Bezahlvorgangs gib bitte die folgenden Informationen in die &#8222;Bestellnotizen&#8220; ein: Geburtsdatum (Tag.Monat.Jahr), deine Geburtszeit (Ortszeit) und den Ort, an dem du geboren bist + die von dir bevorzugte Sprache (Deutsch, Englisch).<\/p>\n<p>Die Lesung wird als Audiodatei (mp3) geliefert und innerhalb von 7 Tagen per E-Mail verschickt.<\/p>\n","protected":false},"excerpt":{"rendered":"<p>Dieses astrologische Geburtshoroskop umfasst die pers\u00f6nlichen Kr\u00e4fte, die transpersonalen Kr\u00e4fte und die Aspekte. Es erz\u00e4hlt die einzigartige Geschichte deines Geburtshoroskops und dein Potenzial f\u00fcr die Zukunft. Du erh\u00e4ltst eine mp3-Audiodatei mit deiner individualisierten Interpretation, die deine Lebensgeschichte erz\u00e4hlt &#8211; abh\u00e4ngig von deinen Fragen und dem spezifischen Horoskop betr\u00e4gt die Dauer der astrologischen Interpretation zwischen 45 &hellip; <a href=\"https:\/\/www.regionalis.shop\/draupnyr\/shop\/birth-chart-reading-i-1-stunde-astrologische-interpretation-i\/\">Continued<\/a><\/p>\n","protected":false},"featured_media":1073,"template":"","meta":{"_acf_changed":false},"product_brand":[],"product_cat":[162,83],"product_tag":[],"class_list":{"0":"post-1072","1":"product","2":"type-product","3":"status-publish","4":"has-post-thumbnail","6":"product_cat-null","7":"product_cat-sonstiges","9":"first","10":"instock","11":"purchasable","12":"product-type-simple"},"acf":[],"_links":{"self":[{"href":"https:\/\/www.regionalis.shop\/draupnyr\/wp-json\/wp\/v2\/product\/1072","targetHints":{"allow":["GET"]}}],"collection":[{"href":"https:\/\/www.regionalis.shop\/draupnyr\/wp-json\/wp\/v2\/product"}],"about":[{"href":"https:\/\/www.regionalis.shop\/draupnyr\/wp-json\/wp\/v2\/types\/product"}],"wp:featuredmedia":[{"embeddable":true,"href":"https:\/\/www.regionalis.shop\/draupnyr\/wp-json\/wp\/v2\/media\/1073"}],"wp:attachment":[{"href":"https:\/\/www.regionalis.shop\/draupnyr\/wp-json\/wp\/v2\/media?parent=1072"}],"wp:term":[{"taxonomy":"product_brand","embeddable":true,"href":"https:\/\/www.regionalis.shop\/draupnyr\/wp-json\/wp\/v2\/product_brand?post=1072"},{"taxonomy":"product_cat","embeddable":true,"href":"https:\/\/www.regionalis.shop\/draupnyr\/wp-json\/wp\/v2\/product_cat?post=1072"},{"taxonomy":"product_tag","embeddable":true,"href":"https:\/\/www.regionalis.shop\/draupnyr\/wp-json\/wp\/v2\/product_tag?post=1072"}],"curies":[{"name":"wp","href":"https:\/\/api.w.org\/{rel}","templated":true}]}}