{"id":1077,"date":"2025-04-18T08:42:34","date_gmt":"2025-04-18T06:42:34","guid":{"rendered":"https:\/\/www.regionalis.shop\/draupnyr\/product\/premium-raeucherwerk-i-neunerlei-kraeuter-i-kraeutermischung-i-meditation\/"},"modified":"2025-04-18T08:42:34","modified_gmt":"2025-04-18T06:42:34","slug":"premium-raeucherwerk-i-neunerlei-kraeuter-i-kraeutermischung-i-meditation","status":"publish","type":"product","link":"https:\/\/www.regionalis.shop\/draupnyr\/shop\/premium-raeucherwerk-i-neunerlei-kraeuter-i-kraeutermischung-i-meditation\/","title":{"rendered":"Premium R\u00e4ucherwerk I Neunerlei Kr\u00e4uter I Kr\u00e4utermischung I Meditation"},"content":{"rendered":"<p>Die Premium R\u00e4uchermischung &#8222;Neunerlei Kr\u00e4uter&#8220; ist ein traditionelles R\u00e4ucherwerk, das eine neutralisierende Wirkung auf Stimmung und Geist hat. Daher wurde es oft verwendet, um schlechte Energien zu vertreiben. Die neun Kr\u00e4uter stehen f\u00fcr die neun Welten der germanischen Mythologie.<\/p>\n<p>Es eignet sich besonders gut als Rauchmischung f\u00fcr die Rauhn\u00e4chte zur Weihnachtszeit.<\/p>\n<p>Reicht f\u00fcr etwa 100 R\u00e4ucherungen bei Verwendung in mittelgro\u00dfen R\u00e4umen. Nach dem R\u00e4uchern gut l\u00fcften.<\/p>\n<p>Zus\u00e4tzlich wurde Fichtenharz &#8211; auch Waldweihrauch genannt &#8211; hinzugef\u00fcgt, um eine erdende Wirkung zu erzielen. Das Produkt enth\u00e4lt 1 Rolle mit 10 St\u00fcck Holzkohle.<\/p>\n<p>Die Kr\u00e4uter sind von sehr hoher Qualit\u00e4t, nachhaltig produziert und stammen aus Mitteleuropa.<\/p>\n<p>Bitte beachten Sie, dass das Produkt nicht f\u00fcr den innerlichen Verzehr bestimmt ist.<\/p>\n","protected":false},"excerpt":{"rendered":"<p>Die Premium R\u00e4uchermischung &#8222;Neunerlei Kr\u00e4uter&#8220; ist ein traditionelles R\u00e4ucherwerk, das eine neutralisierende Wirkung auf Stimmung und Geist hat. Daher wurde es oft verwendet, um schlechte Energien zu vertreiben. Die neun Kr\u00e4uter stehen f\u00fcr die neun Welten der germanischen Mythologie. Es eignet sich besonders gut als Rauchmischung f\u00fcr die Rauhn\u00e4chte zur Weihnachtszeit. Reicht f\u00fcr etwa 100 &hellip; <a href=\"https:\/\/www.regionalis.shop\/draupnyr\/shop\/premium-raeucherwerk-i-neunerlei-kraeuter-i-kraeutermischung-i-meditation\/\">Continued<\/a><\/p>\n","protected":false},"featured_media":1078,"template":"","meta":{"_acf_changed":false},"product_brand":[],"product_cat":[41,64],"product_tag":[],"class_list":{"0":"post-1077","1":"product","2":"type-product","3":"status-publish","4":"has-post-thumbnail","6":"product_cat-freizeit-lifestyle","7":"product_cat-raeucherwerk","9":"first","10":"instock","11":"purchasable","12":"product-type-simple"},"acf":[],"_links":{"self":[{"href":"https:\/\/www.regionalis.shop\/draupnyr\/wp-json\/wp\/v2\/product\/1077","targetHints":{"allow":["GET"]}}],"collection":[{"href":"https:\/\/www.regionalis.shop\/draupnyr\/wp-json\/wp\/v2\/product"}],"about":[{"href":"https:\/\/www.regionalis.shop\/draupnyr\/wp-json\/wp\/v2\/types\/product"}],"wp:featuredmedia":[{"embeddable":true,"href":"https:\/\/www.regionalis.shop\/draupnyr\/wp-json\/wp\/v2\/media\/1078"}],"wp:attachment":[{"href":"https:\/\/www.regionalis.shop\/draupnyr\/wp-json\/wp\/v2\/media?parent=1077"}],"wp:term":[{"taxonomy":"product_brand","embeddable":true,"href":"https:\/\/www.regionalis.shop\/draupnyr\/wp-json\/wp\/v2\/product_brand?post=1077"},{"taxonomy":"product_cat","embeddable":true,"href":"https:\/\/www.regionalis.shop\/draupnyr\/wp-json\/wp\/v2\/product_cat?post=1077"},{"taxonomy":"product_tag","embeddable":true,"href":"https:\/\/www.regionalis.shop\/draupnyr\/wp-json\/wp\/v2\/product_tag?post=1077"}],"curies":[{"name":"wp","href":"https:\/\/api.w.org\/{rel}","templated":true}]}}