{"id":1091,"date":"2025-04-18T08:42:34","date_gmt":"2025-04-18T06:42:34","guid":{"rendered":"https:\/\/www.regionalis.shop\/draupnyr\/product\/helix-piercing-925-sterling-silber-1-stueck-handgemacht\/"},"modified":"2025-04-18T08:42:34","modified_gmt":"2025-04-18T06:42:34","slug":"helix-piercing-925-sterling-silber-1-stueck-handgemacht","status":"publish","type":"product","link":"https:\/\/www.regionalis.shop\/draupnyr\/shop\/helix-piercing-925-sterling-silber-1-stueck-handgemacht\/","title":{"rendered":"Helix Piercing| 925 Sterling Silber | 1 St\u00fcck | handgemacht"},"content":{"rendered":"<p>Diese zarten Silber Ringe f\u00fcr dein Helix Piercing aus 925 Sterling Silber sind die perfekte Wahl, um deinem Ohr das gewisse Etwas zu verleihen. Sie passen als Helix Piercing, Tragus Piercing, Rook Piercing oder f\u00fcr deine Ohrl\u00e4ppchen als Ohrringe. Sie sind auch perfekt geeignet f\u00fcr die Nase oder als Septum Piercing (abmessen nicht vergessen). Durch das minimalistische Design sind sie f\u00fcr jeden Anlass geeignet und sehen sowohl an M\u00e4nnern als auch an Frauen stilecht aus.<br \/>\nDer Durchmesser betr\u00e4gt 8 mm und die Materialst\u00e4rke betr\u00e4gt 1,0 mm.<\/p>\n<p>Preis pro 1 St\u00fcck \/ 1 Ring.<\/p>\n<p>Silber ist als Material sehr gut geeignet, um die emotionalen Welten auszugleichen und zu st\u00e4rken. Der Schmuck kann unter dem Mondlicht aufgeladen werden, um die diese besondere Energie zu nutze zu machen und sich mit dem Unterbewusstsein zu verbinden.<\/p>\n<p>Die Ohrringe werden ge\u00f6ffnet, indem die offenen Enden gegengleich verbogen werden und nach ein Einf\u00fchren der gew\u00fcnschten Stelle wieder zur\u00fcckgebogen werden.<br \/>\nDadurch behalten sie ihre runde Form und k\u00f6nnen lange verwendet werden.<\/p>\n<p>Der Schmuck wurde handpoliert und die Enden wurden sorgf\u00e4ltig gegl\u00e4ttet, um ein angenehmes Anlegen und Tragen zu gew\u00e4hrleisten.<\/p>\n<p>Silberschmuck wird generell nur f\u00fcr verheilte Piercings und Ohrl\u00f6cher empfohlen, da das Silber mit der Zeit anlaufen kann und sich schwarz verf\u00e4rbt.<br \/>\nSollten sich die Ringe dunkel verf\u00e4rben, so k\u00f6nnen sie mit einem Silberputztuch wieder gl\u00e4nzend poliert werden. Auch Silberb\u00e4der k\u00f6nnen gute Dienste leisten.<\/p>\n","protected":false},"excerpt":{"rendered":"<p>Diese zarten Silber Ringe f\u00fcr dein Helix Piercing aus 925 Sterling Silber sind die perfekte Wahl, um deinem Ohr das gewisse Etwas zu verleihen. Sie passen als Helix Piercing, Tragus Piercing, Rook Piercing oder f\u00fcr deine Ohrl\u00e4ppchen als Ohrringe. Sie sind auch perfekt geeignet f\u00fcr die Nase oder als Septum Piercing (abmessen nicht vergessen). Durch &hellip; <a href=\"https:\/\/www.regionalis.shop\/draupnyr\/shop\/helix-piercing-925-sterling-silber-1-stueck-handgemacht\/\">Continued<\/a><\/p>\n","protected":false},"featured_media":1092,"template":"","meta":{"_acf_changed":false},"product_brand":[],"product_cat":[163,70],"product_tag":[],"class_list":{"0":"post-1091","1":"product","2":"type-product","3":"status-publish","4":"has-post-thumbnail","6":"product_cat-ohrringe","7":"product_cat-schmuck","9":"first","10":"instock","11":"purchasable","12":"product-type-simple"},"acf":[],"_links":{"self":[{"href":"https:\/\/www.regionalis.shop\/draupnyr\/wp-json\/wp\/v2\/product\/1091","targetHints":{"allow":["GET"]}}],"collection":[{"href":"https:\/\/www.regionalis.shop\/draupnyr\/wp-json\/wp\/v2\/product"}],"about":[{"href":"https:\/\/www.regionalis.shop\/draupnyr\/wp-json\/wp\/v2\/types\/product"}],"wp:featuredmedia":[{"embeddable":true,"href":"https:\/\/www.regionalis.shop\/draupnyr\/wp-json\/wp\/v2\/media\/1092"}],"wp:attachment":[{"href":"https:\/\/www.regionalis.shop\/draupnyr\/wp-json\/wp\/v2\/media?parent=1091"}],"wp:term":[{"taxonomy":"product_brand","embeddable":true,"href":"https:\/\/www.regionalis.shop\/draupnyr\/wp-json\/wp\/v2\/product_brand?post=1091"},{"taxonomy":"product_cat","embeddable":true,"href":"https:\/\/www.regionalis.shop\/draupnyr\/wp-json\/wp\/v2\/product_cat?post=1091"},{"taxonomy":"product_tag","embeddable":true,"href":"https:\/\/www.regionalis.shop\/draupnyr\/wp-json\/wp\/v2\/product_tag?post=1091"}],"curies":[{"name":"wp","href":"https:\/\/api.w.org\/{rel}","templated":true}]}}