{"id":108,"date":"2024-03-04T10:57:41","date_gmt":"2024-03-04T10:57:41","guid":{"rendered":"https:\/\/stage.shop-it.at\/?page_id=108"},"modified":"2025-10-21T17:33:35","modified_gmt":"2025-10-21T15:33:35","slug":"info","status":"publish","type":"page","link":"https:\/\/www.regionalis.shop\/einfach-evie\/info\/","title":{"rendered":"Info"},"content":{"rendered":"<section>\n            <p>Sch\u00f6n, dass du hier bist! Hier dreht sich alles um Garn und die Geschenke, die daraus entstehen.<br \/>\nIch bin deine Gastgeberin und meine Stick- und N\u00e4hmaschine sind hier meine treuen Begleiter. Zusammen zaubern wir besondere Geschenke mit einer Prise Liebe, einer Prise Kreativit\u00e4t und einem Schuss guter Laune.<\/p>\n<p>Es gibt auch Ausfl\u00fcge in andere DIY-Welten. Ich lerne gerne Neues dazu. Doch am Ende zieht es mich immer wieder zu meiner N\u00e4h- und Stickmaschine. Sehr gerne greife ich auch zu den Stricknadel f\u00fcr kurze Auszeiten oder im Urlaub. Naja, meine Maschinen k\u00f6nnen ja nicht \u00fcberall mit.<\/p>\n<p>Ich fertige meine Produkte in sehr kleinen Mengen \u2013 manchmal sind sie sogar echte Einzelst\u00fccke.<br \/>\nDas macht sie zu einem einzigartigen Geschenk \u2013 f\u00fcr alle kleinen und gro\u00dfen Lieblingsmenschen.<\/p>\n<p>Schau dich um und lass dich inspirieren. Wenn dir etwas gef\u00e4llt, z\u00f6gere nicht und leg&#8217;s gleich in dein Einkaufswagerl.<\/p>\n<p>Viel Spa\u00df beim Entdecken und herzliche Gr\u00fc\u00dfe<br \/>\nEva<br \/>\nwww.einfachevie.at<\/p>\n\n    <\/section>\n\n\n<p><\/p>\n","protected":false},"excerpt":{"rendered":"","protected":false},"author":1,"featured_media":0,"parent":0,"menu_order":0,"comment_status":"closed","ping_status":"closed","template":"","meta":{"_acf_changed":false,"footnotes":""},"class_list":["post-108","page","type-page","status-publish","hentry"],"acf":[],"_links":{"self":[{"href":"https:\/\/www.regionalis.shop\/einfach-evie\/wp-json\/wp\/v2\/pages\/108","targetHints":{"allow":["GET"]}}],"collection":[{"href":"https:\/\/www.regionalis.shop\/einfach-evie\/wp-json\/wp\/v2\/pages"}],"about":[{"href":"https:\/\/www.regionalis.shop\/einfach-evie\/wp-json\/wp\/v2\/types\/page"}],"author":[{"embeddable":true,"href":"https:\/\/www.regionalis.shop\/einfach-evie\/wp-json\/wp\/v2\/users\/1"}],"replies":[{"embeddable":true,"href":"https:\/\/www.regionalis.shop\/einfach-evie\/wp-json\/wp\/v2\/comments?post=108"}],"version-history":[{"count":39,"href":"https:\/\/www.regionalis.shop\/einfach-evie\/wp-json\/wp\/v2\/pages\/108\/revisions"}],"predecessor-version":[{"id":1058,"href":"https:\/\/www.regionalis.shop\/einfach-evie\/wp-json\/wp\/v2\/pages\/108\/revisions\/1058"}],"wp:attachment":[{"href":"https:\/\/www.regionalis.shop\/einfach-evie\/wp-json\/wp\/v2\/media?parent=108"}],"curies":[{"name":"wp","href":"https:\/\/api.w.org\/{rel}","templated":true}]}}