{"id":862,"date":"2025-05-24T13:44:06","date_gmt":"2025-05-24T11:44:06","guid":{"rendered":"https:\/\/starter.stage.shop-it.at\/?page_id=862"},"modified":"2025-10-23T15:21:37","modified_gmt":"2025-10-23T13:21:37","slug":"startseite","status":"publish","type":"page","link":"https:\/\/www.regionalis.shop\/einfach-evie\/","title":{"rendered":"Startseite"},"content":{"rendered":"<section>\n    <div class=\"header-title\">\n        <h1 class=\"h2\">Willkommen bei einfach.evie<\/h1>\n    <\/div>\n            <h2 class=\"h3\">Handgemacht in H\u00f6rsching<\/h2>\n                <p>Sch\u00f6n, dass du hier bist! Hier dreht sich alles um Garn und die Geschenke, die daraus entstehen.<br \/>\nIch bin deine Gastgeberin und meine Stick- und N\u00e4hmaschine sind hier meine treuen Begleiter. Zusammen zaubern wir besondere Geschenke mit einer Prise Liebe, einer Prise Kreativit\u00e4t und einem Schuss guter Laune.<\/p>\n<p>Es gibt auch Ausfl\u00fcge in andere DIY-Welten. Ich lerne gerne Neues dazu. Doch am Ende zieht es mich immer wieder zu meiner N\u00e4h- und Stickmaschine. Sehr gerne greife ich auch zu den Stricknadel f\u00fcr kurze Auszeiten oder im Urlaub. Naja, meine Maschinen k\u00f6nnen ja nicht \u00fcberall mit.<\/p>\n<p>Ich fertige meine Produkte in sehr kleinen Mengen \u2013 manchmal sind sie sogar echte Einzelst\u00fccke.<br \/>\nDas macht sie zu einem einzigartigen Geschenk \u2013 f\u00fcr alle kleinen und gro\u00dfen Lieblingsmenschen.<\/p>\n<p>Schau dich um und lass dich inspirieren. Wenn dir etwas gef\u00e4llt, z\u00f6gere nicht und leg&#8217;s gleich in dein Einkaufswagerl.<\/p>\n<p>Viel Spa\u00df beim Entdecken und herzliche Gr\u00fc\u00dfe<br \/>\nEva<br \/>\nwww.einfachevie.at<\/p>\n\n    \n    <h3>Produkte<\/h3>\n\n    <div class=\"woocommerce columns-3 \"><ul class=\"products columns-3\">\n<li class=\"product type-product post-1201 status-publish first outofstock product_cat-verpacken-verstauen product_cat-wohnen-deko product_tag-filz product_tag-gruen product_tag-korb product_tag-koerberl product_tag-natur product_tag-osterdeko product_tag-osterei product_tag-ostergeschenk product_tag-ostern product_tag-osternest product_tag-osternesterl product_tag-osterzeit product_tag-rosa has-post-thumbnail taxable shipping-taxable purchasable product-type-simple\">\n\t<a href=\"https:\/\/www.regionalis.shop\/einfach-evie\/shop\/filzkoerberl\/\" class=\"woocommerce-LoopProduct-link woocommerce-loop-product__link\"><div class=\"wc-block-grid__product-image\"><img loading=\"lazy\" decoding=\"async\" width=\"701\" height=\"701\" src=\"https:\/\/www.regionalis.shop\/app\/uploads\/sites\/154\/koerberl.osterei.webp\" class=\"attachment-large size-large\" alt=\"Filzk\u00f6rberl\" srcset=\"https:\/\/www.regionalis.shop\/app\/uploads\/sites\/154\/koerberl.osterei.webp 701w, https:\/\/www.regionalis.shop\/app\/uploads\/sites\/154\/koerberl.osterei-300x300.webp 300w, https:\/\/www.regionalis.shop\/app\/uploads\/sites\/154\/koerberl.osterei-150x150.webp 150w, https:\/\/www.regionalis.shop\/app\/uploads\/sites\/154\/koerberl.osterei-600x600.webp 600w, https:\/\/www.regionalis.shop\/app\/uploads\/sites\/154\/koerberl.osterei-100x100.webp 100w\" sizes=\"auto, (max-width: 701px) 100vw, 701px\" \/><\/div><h2 class=\"woocommerce-loop-product__title\">Filzk\u00f6rberl<\/h2>\n\t<span class=\"price\"><span class=\"woocommerce-Price-amount amount\"><bdi>24,00&nbsp;<span class=\"woocommerce-Price-currencySymbol\">&euro;<\/span><\/bdi><\/span><\/span>\n<\/a><\/li>\n<li class=\"product type-product post-1199 status-publish outofstock product_cat-kosmetiktaschen product_cat-taschen-baby-kinder product_cat-taschen product_tag-einzelstueck product_tag-frau product_tag-freundin product_tag-kleine-tasche product_tag-kleines-geschenk product_tag-kosmetiktasche product_tag-mama product_tag-mami product_tag-mint product_tag-muttertag product_tag-oma product_tag-personalieren product_tag-rosa product_tag-tante product_tag-tasche product_tag-tasche-mit-name has-post-thumbnail purchasable product-type-simple\">\n\t<a href=\"https:\/\/www.regionalis.shop\/einfach-evie\/shop\/tascherl-mit-anhaenger-mama-2\/\" class=\"woocommerce-LoopProduct-link woocommerce-loop-product__link\"><div class=\"wc-block-grid__product-image\"><img loading=\"lazy\" decoding=\"async\" width=\"1024\" height=\"1024\" src=\"https:\/\/www.regionalis.shop\/app\/uploads\/sites\/154\/tascherl.mama_.rosa_-1024x1024.png\" class=\"attachment-large size-large\" alt=\"Tascherl mit Anh\u00e4nger &quot;Mama&quot;\" srcset=\"https:\/\/www.regionalis.shop\/app\/uploads\/sites\/154\/tascherl.mama_.rosa_-1024x1024.png 1024w, https:\/\/www.regionalis.shop\/app\/uploads\/sites\/154\/tascherl.mama_.rosa_-300x300.png 300w, https:\/\/www.regionalis.shop\/app\/uploads\/sites\/154\/tascherl.mama_.rosa_-150x150.png 150w, https:\/\/www.regionalis.shop\/app\/uploads\/sites\/154\/tascherl.mama_.rosa_-768x768.png 768w, https:\/\/www.regionalis.shop\/app\/uploads\/sites\/154\/tascherl.mama_.rosa_-600x600.png 600w, https:\/\/www.regionalis.shop\/app\/uploads\/sites\/154\/tascherl.mama_.rosa_-100x100.png 100w, https:\/\/www.regionalis.shop\/app\/uploads\/sites\/154\/tascherl.mama_.rosa_.png 1079w\" sizes=\"auto, (max-width: 1024px) 100vw, 1024px\" \/><\/div><h2 class=\"woocommerce-loop-product__title\">Tascherl mit Anh\u00e4nger &#8222;Mama&#8220;<\/h2>\n\t<span class=\"price\"><span class=\"woocommerce-Price-amount amount\"><bdi>23,00&nbsp;<span class=\"woocommerce-Price-currencySymbol\">&euro;<\/span><\/bdi><\/span><\/span>\n<\/a><\/li>\n<li class=\"product type-product post-1198 status-publish last outofstock product_cat-kosmetiktaschen product_cat-taschen product_cat-taschen-baby-kinder product_tag-einzelstueck product_tag-frau product_tag-freundin product_tag-kleine-tasche product_tag-kleines-geschenk product_tag-kosmetiktasche product_tag-mama product_tag-mami product_tag-mint product_tag-muttertag product_tag-oma product_tag-personalieren product_tag-tante product_tag-tasche product_tag-tasche-mit-name has-post-thumbnail purchasable product-type-simple\">\n\t<a href=\"https:\/\/www.regionalis.shop\/einfach-evie\/shop\/tascherl-mit-anhaenger-mama\/\" class=\"woocommerce-LoopProduct-link woocommerce-loop-product__link\"><div class=\"wc-block-grid__product-image\"><img loading=\"lazy\" decoding=\"async\" width=\"1024\" height=\"1024\" src=\"https:\/\/www.regionalis.shop\/app\/uploads\/sites\/154\/tascher.mamanaturtoene.2.png\" class=\"attachment-large size-large\" alt=\"Tascherl mit Anh\u00e4nger &quot;Mama&quot;\" srcset=\"https:\/\/www.regionalis.shop\/app\/uploads\/sites\/154\/tascher.mamanaturtoene.2.png 1024w, https:\/\/www.regionalis.shop\/app\/uploads\/sites\/154\/tascher.mamanaturtoene.2-300x300.png 300w, https:\/\/www.regionalis.shop\/app\/uploads\/sites\/154\/tascher.mamanaturtoene.2-150x150.png 150w, https:\/\/www.regionalis.shop\/app\/uploads\/sites\/154\/tascher.mamanaturtoene.2-768x768.png 768w, https:\/\/www.regionalis.shop\/app\/uploads\/sites\/154\/tascher.mamanaturtoene.2-600x600.png 600w, https:\/\/www.regionalis.shop\/app\/uploads\/sites\/154\/tascher.mamanaturtoene.2-100x100.png 100w\" sizes=\"auto, (max-width: 1024px) 100vw, 1024px\" \/><\/div><h2 class=\"woocommerce-loop-product__title\">Tascherl mit Anh\u00e4nger &#8222;Mama&#8220;<\/h2>\n\t<span class=\"price\"><span class=\"woocommerce-Price-amount amount\"><bdi>23,00&nbsp;<span class=\"woocommerce-Price-currencySymbol\">&euro;<\/span><\/bdi><\/span><\/span>\n<\/a><\/li>\n<\/ul>\n<\/div>\n    <p>\n        <a href=\"https:\/\/www.regionalis.shop\/einfach-evie\/shop\/\" class=\"btn btn-primary btn-icon-right\">\n            Alle Produkte <i class=\"bi bi-arrow-right-short\"><\/i>\n        <\/a>\n    <\/p>\n<\/section>\n\n<div data-block-name=\"woocommerce\/store-notices\" class=\"wc-block-store-notices woocommerce alignwide alignwide wp-block-woocommerce-store-notices\"><div class=\"woocommerce-notices-wrapper\"><\/div><\/div>","protected":false},"excerpt":{"rendered":"","protected":false},"author":1,"featured_media":0,"parent":0,"menu_order":0,"comment_status":"closed","ping_status":"closed","template":"template-home.blade.php","meta":{"_acf_changed":false,"footnotes":""},"class_list":["post-862","page","type-page","status-publish","hentry"],"acf":[],"_links":{"self":[{"href":"https:\/\/www.regionalis.shop\/einfach-evie\/wp-json\/wp\/v2\/pages\/862","targetHints":{"allow":["GET"]}}],"collection":[{"href":"https:\/\/www.regionalis.shop\/einfach-evie\/wp-json\/wp\/v2\/pages"}],"about":[{"href":"https:\/\/www.regionalis.shop\/einfach-evie\/wp-json\/wp\/v2\/types\/page"}],"author":[{"embeddable":true,"href":"https:\/\/www.regionalis.shop\/einfach-evie\/wp-json\/wp\/v2\/users\/1"}],"replies":[{"embeddable":true,"href":"https:\/\/www.regionalis.shop\/einfach-evie\/wp-json\/wp\/v2\/comments?post=862"}],"version-history":[{"count":28,"href":"https:\/\/www.regionalis.shop\/einfach-evie\/wp-json\/wp\/v2\/pages\/862\/revisions"}],"predecessor-version":[{"id":1041,"href":"https:\/\/www.regionalis.shop\/einfach-evie\/wp-json\/wp\/v2\/pages\/862\/revisions\/1041"}],"wp:attachment":[{"href":"https:\/\/www.regionalis.shop\/einfach-evie\/wp-json\/wp\/v2\/media?parent=862"}],"curies":[{"name":"wp","href":"https:\/\/api.w.org\/{rel}","templated":true}]}}