{"id":1084,"date":"2025-12-03T15:07:35","date_gmt":"2025-12-03T14:07:35","guid":{"rendered":"https:\/\/www.regionalis.shop\/einfach-evie\/?post_type=product&#038;p=1084"},"modified":"2025-12-22T16:10:34","modified_gmt":"2025-12-22T15:10:34","slug":"schultertuch-6","status":"publish","type":"product","link":"https:\/\/www.regionalis.shop\/einfach-evie\/shop\/schultertuch-6\/","title":{"rendered":"Schultertuch gestrickt"},"content":{"rendered":"<p>Ob an k\u00fchlen Sommerabenden oder in der gem\u00fctlichen Winterzeit \u2013 dieses handgestrickte Schultertuch schenkt dir wohltuende W\u00e4rme. Es ist nicht nur ein Accessoire, sondern ein echter Hingucker, der jedes Outfit veredelt.<\/p>\n<p>Jedes Tuch ist ein Einzelst\u00fcck, sorgf\u00e4ltig und mit Herz gefertigt. Du kannst dir sicher sein:<br \/>\n<strong>Dieses Tuch gibt es nur einmal<\/strong>\u00a0<strong>in dieser Farbe &amp; Muster<\/strong>.<br \/>\nDas macht es zu einem ganz besonderen Geschenk \u2013 f\u00fcr dich selbst oder f\u00fcr einen lieben Menschen, der die Wertsch\u00e4tzung echter Handarbeit kennt.<\/p>\n<p><strong>Material:<\/strong>\u00a0 Baumwolle\/Acryl-Mischung sorgt f\u00fcr ein angenehmes Tragegef\u00fchl auf der Haut. Es ist wunderbar leicht, anschmiegsam und gleichzeitig w\u00e4rmend.<\/p>\n<p><strong>Gr\u00f6\u00dfe:<\/strong> ca. 160cm x 67cm &#8211; asymmetrische Form<\/p>\n<p>Pflegehinweis: Handw\u00e4sche empfohlen, anschlie\u00dfend liegend trocknen \u2013 so bleibt dein Tuch lange sch\u00f6n.<\/p>\n","protected":false},"excerpt":{"rendered":"<p>Schultertuch #6<\/p>\n","protected":false},"featured_media":1085,"template":"","meta":{"_acf_changed":false},"product_brand":[],"product_cat":[37,67],"product_tag":[204,211,210,197,207,203,209,263,208,179,206,201,205,192,202,212],"class_list":{"0":"post-1084","1":"product","2":"type-product","3":"status-publish","4":"has-post-thumbnail","6":"product_cat-accessoires","7":"product_cat-schals-halstuecher","8":"product_tag-einzelstueck","9":"product_tag-farbverlauf","10":"product_tag-frau","11":"product_tag-freundin","12":"product_tag-geschenk","13":"product_tag-gestrickt","14":"product_tag-mama","15":"product_tag-muttertag","16":"product_tag-oma","17":"product_tag-rosa","18":"product_tag-schal","19":"product_tag-schultertuch","20":"product_tag-stola","21":"product_tag-tante","22":"product_tag-tuch","23":"product_tag-unikat","25":"first","26":"instock","27":"purchasable","28":"product-type-simple"},"acf":[],"_links":{"self":[{"href":"https:\/\/www.regionalis.shop\/einfach-evie\/wp-json\/wp\/v2\/product\/1084","targetHints":{"allow":["GET"]}}],"collection":[{"href":"https:\/\/www.regionalis.shop\/einfach-evie\/wp-json\/wp\/v2\/product"}],"about":[{"href":"https:\/\/www.regionalis.shop\/einfach-evie\/wp-json\/wp\/v2\/types\/product"}],"wp:featuredmedia":[{"embeddable":true,"href":"https:\/\/www.regionalis.shop\/einfach-evie\/wp-json\/wp\/v2\/media\/1085"}],"wp:attachment":[{"href":"https:\/\/www.regionalis.shop\/einfach-evie\/wp-json\/wp\/v2\/media?parent=1084"}],"wp:term":[{"taxonomy":"product_brand","embeddable":true,"href":"https:\/\/www.regionalis.shop\/einfach-evie\/wp-json\/wp\/v2\/product_brand?post=1084"},{"taxonomy":"product_cat","embeddable":true,"href":"https:\/\/www.regionalis.shop\/einfach-evie\/wp-json\/wp\/v2\/product_cat?post=1084"},{"taxonomy":"product_tag","embeddable":true,"href":"https:\/\/www.regionalis.shop\/einfach-evie\/wp-json\/wp\/v2\/product_tag?post=1084"}],"curies":[{"name":"wp","href":"https:\/\/api.w.org\/{rel}","templated":true}]}}