{"id":1090,"date":"2025-12-03T15:31:05","date_gmt":"2025-12-03T14:31:05","guid":{"rendered":"https:\/\/www.regionalis.shop\/einfach-evie\/?post_type=product&#038;p=1090"},"modified":"2025-12-22T16:08:46","modified_gmt":"2025-12-22T15:08:46","slug":"tascherl-pferdeprinzessin","status":"publish","type":"product","link":"https:\/\/www.regionalis.shop\/einfach-evie\/shop\/tascherl-pferdeprinzessin\/","title":{"rendered":"Tascherl &#8222;Pferdeprinzessin&#8220;"},"content":{"rendered":"<p class=\"\" data-start=\"162\" data-end=\"345\">Hand aufs Herz: Jede Tasche ist ein kleiner Dschungel. Man sucht den Lippenpflegestift und findet stattdessen einen Keks, drei Haargummis und&#8230;<br \/>\nGenau deshalb hab ich meine Stickmaschine angeworfen und mit einer Portion Humor und Liebe diese <strong data-start=\"577\" data-end=\"609\">herzigen Krimskrams-Tascherl<\/strong>\u00a0gezaubert!<\/p>\n<p class=\"\" data-start=\"162\" data-end=\"345\">Es ist bunt, charmant, frech \u2013 und hat Platz f\u00fcr ALLES, was gef\u00fchlt jeder und das ganze Universum so mit sich rumschleppt.<br \/>\nAls herziges Geschenk f\u00fcr ein Pferdem\u00e4dchen, oder als kleines Dankesch\u00f6n. <strong>TIPP<\/strong>: verwende es als Geschenkverpackung &#8211; so hast du gleich 2 Geschenke, die Freude machen!<\/p>\n<p class=\"\" data-start=\"162\" data-end=\"345\">Das Tascherl ist aus BW-Stoff gen\u00e4ht und mit Text bestickt. Volumenvlies macht es stabil und es ist innen gef\u00fcttert.<\/p>\n<p class=\"\" data-start=\"162\" data-end=\"345\"><strong>Material:<\/strong> 100% Baumwolle<\/p>\n<p class=\"\" data-start=\"162\" data-end=\"345\"><strong>Gr\u00f6\u00dfe:<\/strong> 18cm breit \/ 15cm hoch \/ ca.6cm am Boden tief<\/p>\n","protected":false},"excerpt":{"rendered":"<p>KrimsKrams-Tascherl<\/p>\n","protected":false},"featured_media":1089,"template":"","meta":{"_acf_changed":false},"product_brand":[],"product_cat":[38,155,95,96],"product_tag":[217,197,193,196,191,216,214,213,215,179,195,190],"class_list":{"0":"post-1090","1":"product","2":"type-product","3":"status-publish","4":"has-post-thumbnail","6":"product_cat-baby-kinder","7":"product_cat-kosmetiktaschen","8":"product_cat-taschen","9":"product_cat-taschen-baby-kinder","10":"product_tag-einhorn","11":"product_tag-freundin","12":"product_tag-kleine-tasche","13":"product_tag-kleines-geschenk","14":"product_tag-kosmetiktasche","15":"product_tag-maedchen","16":"product_tag-pferd","17":"product_tag-pferdemaedchen","18":"product_tag-pony","19":"product_tag-rosa","20":"product_tag-tasche","21":"product_tag-tascherl","23":"first","24":"instock","25":"purchasable","26":"product-type-simple"},"acf":[],"_links":{"self":[{"href":"https:\/\/www.regionalis.shop\/einfach-evie\/wp-json\/wp\/v2\/product\/1090","targetHints":{"allow":["GET"]}}],"collection":[{"href":"https:\/\/www.regionalis.shop\/einfach-evie\/wp-json\/wp\/v2\/product"}],"about":[{"href":"https:\/\/www.regionalis.shop\/einfach-evie\/wp-json\/wp\/v2\/types\/product"}],"wp:featuredmedia":[{"embeddable":true,"href":"https:\/\/www.regionalis.shop\/einfach-evie\/wp-json\/wp\/v2\/media\/1089"}],"wp:attachment":[{"href":"https:\/\/www.regionalis.shop\/einfach-evie\/wp-json\/wp\/v2\/media?parent=1090"}],"wp:term":[{"taxonomy":"product_brand","embeddable":true,"href":"https:\/\/www.regionalis.shop\/einfach-evie\/wp-json\/wp\/v2\/product_brand?post=1090"},{"taxonomy":"product_cat","embeddable":true,"href":"https:\/\/www.regionalis.shop\/einfach-evie\/wp-json\/wp\/v2\/product_cat?post=1090"},{"taxonomy":"product_tag","embeddable":true,"href":"https:\/\/www.regionalis.shop\/einfach-evie\/wp-json\/wp\/v2\/product_tag?post=1090"}],"curies":[{"name":"wp","href":"https:\/\/api.w.org\/{rel}","templated":true}]}}