{"id":1116,"date":"2025-12-07T13:01:56","date_gmt":"2025-12-07T12:01:56","guid":{"rendered":"https:\/\/www.regionalis.shop\/einfach-evie\/?post_type=product&#038;p=1116"},"modified":"2025-12-21T13:47:53","modified_gmt":"2025-12-21T12:47:53","slug":"gluecks-schweinderl-2","status":"publish","type":"product","link":"https:\/\/www.regionalis.shop\/einfach-evie\/shop\/gluecks-schweinderl-2\/","title":{"rendered":"Gl\u00fccks-Schweinderl"},"content":{"rendered":"<p>Gl\u00fcck kann man nie genug haben!<br \/>\nF\u00fcr&#8217;s n\u00e4chste Jahr &#8211; kurz vor der n\u00e4chsten Pr\u00fcfung, oder den F\u00fchrerschein. Oder mutig neue Herausforderungen wie Jobwechsel, neue Schule oder einen Hausbau meisterst.<br \/>\nVielleicht steht sogar eine besonders knifflige Verhandlung an? Keine Sorge, das kleines Gl\u00fccksschweinderl aus Filz ist ein treuer Begleiter in jeder Situation!<\/p>\n<p>Dieses liebevoll gestickte Filz-Schweinderl passt perfekt in jede Handtasche\/Hosentasche und ist immer zur Stelle. Als herziges Geschenk f\u00fcr deinen Lieblingsmenschen oder als pers\u00f6nlicher Gl\u00fccksbringer \u2013 mit diesem s\u00fc\u00dfen Schweinderl kannst du zeigen, dass du an sie denkst und ihnen immer nur das Beste w\u00fcnschst.<\/p>\n<p><strong>Material: <\/strong>100% ViskoseFilz<\/p>\n<p><strong>Gr\u00f6\u00dfe:<\/strong> 10 x 7cm<\/p>\n<p>&nbsp;<\/p>\n","protected":false},"excerpt":{"rendered":"<p>Gl\u00fccks-Schweinderl rosa<\/p>\n","protected":false},"featured_media":1112,"template":"","meta":{"_acf_changed":false},"product_brand":[],"product_cat":[173,103],"product_tag":[233,234,238,196,236,179,239,231,232,235],"class_list":{"0":"post-1116","1":"product","2":"type-product","3":"status-publish","4":"has-post-thumbnail","6":"product_cat-weihnachten","7":"product_cat-wohnen-deko","8":"product_tag-glueck","9":"product_tag-gluecksbringer","10":"product_tag-kleebaltt","11":"product_tag-kleines-geschenk","12":"product_tag-pruefung","13":"product_tag-rosa","14":"product_tag-sau","15":"product_tag-schwein","16":"product_tag-schweinderl","17":"product_tag-silvester","19":"first","20":"instock","21":"purchasable","22":"product-type-simple"},"acf":[],"_links":{"self":[{"href":"https:\/\/www.regionalis.shop\/einfach-evie\/wp-json\/wp\/v2\/product\/1116","targetHints":{"allow":["GET"]}}],"collection":[{"href":"https:\/\/www.regionalis.shop\/einfach-evie\/wp-json\/wp\/v2\/product"}],"about":[{"href":"https:\/\/www.regionalis.shop\/einfach-evie\/wp-json\/wp\/v2\/types\/product"}],"wp:featuredmedia":[{"embeddable":true,"href":"https:\/\/www.regionalis.shop\/einfach-evie\/wp-json\/wp\/v2\/media\/1112"}],"wp:attachment":[{"href":"https:\/\/www.regionalis.shop\/einfach-evie\/wp-json\/wp\/v2\/media?parent=1116"}],"wp:term":[{"taxonomy":"product_brand","embeddable":true,"href":"https:\/\/www.regionalis.shop\/einfach-evie\/wp-json\/wp\/v2\/product_brand?post=1116"},{"taxonomy":"product_cat","embeddable":true,"href":"https:\/\/www.regionalis.shop\/einfach-evie\/wp-json\/wp\/v2\/product_cat?post=1116"},{"taxonomy":"product_tag","embeddable":true,"href":"https:\/\/www.regionalis.shop\/einfach-evie\/wp-json\/wp\/v2\/product_tag?post=1116"}],"curies":[{"name":"wp","href":"https:\/\/api.w.org\/{rel}","templated":true}]}}