{"id":1136,"date":"2025-12-21T13:28:39","date_gmt":"2025-12-21T12:28:39","guid":{"rendered":"https:\/\/www.regionalis.shop\/einfach-evie\/?post_type=product&#038;p=1136"},"modified":"2026-03-01T09:11:34","modified_gmt":"2026-03-01T08:11:34","slug":"tascherl-haserl","status":"publish","type":"product","link":"https:\/\/www.regionalis.shop\/einfach-evie\/shop\/tascherl-haserl\/","title":{"rendered":"Tascherl &#8222;Haserl&#8220;"},"content":{"rendered":"<p class=\"\" data-start=\"162\" data-end=\"345\">Hand aufs Herz: Jede Tasche ist ein kleiner Dschungel. Man sucht den Lippenpflegestift und findet stattdessen einen Keks, drei Haargummis und&#8230;<br \/>\nGenau deshalb hab ich meine Stickmaschine angeworfen und mit einer Portion Humor und Liebe diese <strong data-start=\"577\" data-end=\"609\">herzigen Krimskrams-Tascherl<\/strong>\u00a0gezaubert!<\/p>\n<p class=\"\" data-start=\"162\" data-end=\"345\">Es ist charmant, frech und hat Platz f\u00fcr ALLES, was gef\u00fchlt jede so mit sich rumschleppt.<br \/>\nAls herziges Geschenk f\u00fcr alle M\u00e4dls, als kleines Dankesch\u00f6n oder f\u00fcr sich selbst.<br \/>\n<strong>TIPP<\/strong>: verwende es als Geschenkverpackung &#8211; so hast du gleich 2 Geschenke, die Freude machen.<\/p>\n<p class=\"\" data-start=\"162\" data-end=\"345\">Das Tascherl ist aus Viskose-Leinen-Stoff gen\u00e4ht und bestickt. Volumenvlies macht es stabil und es ist innen gef\u00fcttert.<\/p>\n<p class=\"\" data-start=\"162\" data-end=\"345\"><strong>Material:<\/strong> 75% Viskose, 25% Leinen<\/p>\n<p class=\"\" data-start=\"162\" data-end=\"345\"><strong>Gr\u00f6\u00dfe:<\/strong> 18cm breit \/ 15cm hoch \/ ca.6cm am Boden tief<\/p>\n","protected":false},"excerpt":{"rendered":"<p>KrimsKrams-Tascherl<\/p>\n","protected":false},"featured_media":1134,"template":"","meta":{"_acf_changed":false},"product_brand":[],"product_cat":[38,155,96,95],"product_tag":[210,197,257,260,193,196,191,216,208,258,262,261,259,179,192,195,190],"class_list":{"0":"post-1136","1":"product","2":"type-product","3":"status-publish","4":"has-post-thumbnail","6":"product_cat-baby-kinder","7":"product_cat-kosmetiktaschen","8":"product_cat-taschen-baby-kinder","9":"product_cat-taschen","10":"product_tag-frau","11":"product_tag-freundin","12":"product_tag-hase","13":"product_tag-haserl","14":"product_tag-kleine-tasche","15":"product_tag-kleines-geschenk","16":"product_tag-kosmetiktasche","17":"product_tag-maedchen","18":"product_tag-oma","19":"product_tag-ostern","20":"product_tag-osternest","21":"product_tag-osternesterl","22":"product_tag-osterzeit","23":"product_tag-rosa","24":"product_tag-tante","25":"product_tag-tasche","26":"product_tag-tascherl","28":"first","29":"outofstock","30":"purchasable","31":"product-type-simple"},"acf":[],"_links":{"self":[{"href":"https:\/\/www.regionalis.shop\/einfach-evie\/wp-json\/wp\/v2\/product\/1136","targetHints":{"allow":["GET"]}}],"collection":[{"href":"https:\/\/www.regionalis.shop\/einfach-evie\/wp-json\/wp\/v2\/product"}],"about":[{"href":"https:\/\/www.regionalis.shop\/einfach-evie\/wp-json\/wp\/v2\/types\/product"}],"wp:featuredmedia":[{"embeddable":true,"href":"https:\/\/www.regionalis.shop\/einfach-evie\/wp-json\/wp\/v2\/media\/1134"}],"wp:attachment":[{"href":"https:\/\/www.regionalis.shop\/einfach-evie\/wp-json\/wp\/v2\/media?parent=1136"}],"wp:term":[{"taxonomy":"product_brand","embeddable":true,"href":"https:\/\/www.regionalis.shop\/einfach-evie\/wp-json\/wp\/v2\/product_brand?post=1136"},{"taxonomy":"product_cat","embeddable":true,"href":"https:\/\/www.regionalis.shop\/einfach-evie\/wp-json\/wp\/v2\/product_cat?post=1136"},{"taxonomy":"product_tag","embeddable":true,"href":"https:\/\/www.regionalis.shop\/einfach-evie\/wp-json\/wp\/v2\/product_tag?post=1136"}],"curies":[{"name":"wp","href":"https:\/\/api.w.org\/{rel}","templated":true}]}}