{"id":1160,"date":"2026-01-01T18:03:01","date_gmt":"2026-01-01T17:03:01","guid":{"rendered":"https:\/\/www.regionalis.shop\/einfach-evie\/?post_type=product&#038;p=1160"},"modified":"2026-01-24T09:02:50","modified_gmt":"2026-01-24T08:02:50","slug":"babyrassel-katze","status":"publish","type":"product","link":"https:\/\/www.regionalis.shop\/einfach-evie\/shop\/babyrassel-katze\/","title":{"rendered":"Babyrassel &#8222;Katze&#8220;"},"content":{"rendered":"<p>Diese herzige Babyrassel zaubert jedem Baby ein L\u00e4cheln ins Gesicht. Die eingen\u00e4hte kleine Rassel hat eine leise, angenehme Lautst\u00e4rke. Aus Frotteestoff gen\u00e4ht und teilweise mit Nickistoff unterlegt ist sie weich und kratzt nicht.<\/p>\n<p><strong>Stickdatei:<\/strong> Sticktier<\/p>\n<p><strong>Material:<\/strong> 90% Baumwolle, 10% Polyester und mit PE-Flocks bef\u00fcllt.<\/p>\n<p><strong>Gr\u00f6\u00dfe:<\/strong> ca. 13cm gro\u00df<\/p>\n<p>Handw\u00e4sche<\/p>\n<p>&nbsp;<\/p>\n","protected":false},"excerpt":{"rendered":"<p>Stabrassel<\/p>\n","protected":false},"featured_media":1149,"template":"","meta":{"_acf_changed":false},"product_brand":[],"product_cat":[38,50,98],"product_tag":[182,183,267,181,266,185,180,268,177,179],"class_list":{"0":"post-1160","1":"product","2":"type-product","3":"status-publish","4":"has-post-thumbnail","6":"product_cat-baby-kinder","7":"product_cat-kinderzimmer","8":"product_cat-textilien","9":"product_tag-babyausstattung","10":"product_tag-babygeschenk","11":"product_tag-babyrassel","12":"product_tag-babyshower","13":"product_tag-babyspielzeug","14":"product_tag-badespass","15":"product_tag-katze","16":"product_tag-kleines-babygeschenk","17":"product_tag-rassel","18":"product_tag-rosa","20":"first","21":"instock","22":"purchasable","23":"product-type-simple"},"acf":[],"_links":{"self":[{"href":"https:\/\/www.regionalis.shop\/einfach-evie\/wp-json\/wp\/v2\/product\/1160","targetHints":{"allow":["GET"]}}],"collection":[{"href":"https:\/\/www.regionalis.shop\/einfach-evie\/wp-json\/wp\/v2\/product"}],"about":[{"href":"https:\/\/www.regionalis.shop\/einfach-evie\/wp-json\/wp\/v2\/types\/product"}],"wp:featuredmedia":[{"embeddable":true,"href":"https:\/\/www.regionalis.shop\/einfach-evie\/wp-json\/wp\/v2\/media\/1149"}],"wp:attachment":[{"href":"https:\/\/www.regionalis.shop\/einfach-evie\/wp-json\/wp\/v2\/media?parent=1160"}],"wp:term":[{"taxonomy":"product_brand","embeddable":true,"href":"https:\/\/www.regionalis.shop\/einfach-evie\/wp-json\/wp\/v2\/product_brand?post=1160"},{"taxonomy":"product_cat","embeddable":true,"href":"https:\/\/www.regionalis.shop\/einfach-evie\/wp-json\/wp\/v2\/product_cat?post=1160"},{"taxonomy":"product_tag","embeddable":true,"href":"https:\/\/www.regionalis.shop\/einfach-evie\/wp-json\/wp\/v2\/product_tag?post=1160"}],"curies":[{"name":"wp","href":"https:\/\/api.w.org\/{rel}","templated":true}]}}