{"id":1172,"date":"2026-01-17T12:37:27","date_gmt":"2026-01-17T11:37:27","guid":{"rendered":"https:\/\/www.regionalis.shop\/einfach-evie\/?post_type=product&#038;p=1172"},"modified":"2026-03-01T09:10:06","modified_gmt":"2026-03-01T08:10:06","slug":"schluesselanhaenger","status":"publish","type":"product","link":"https:\/\/www.regionalis.shop\/einfach-evie\/shop\/schluesselanhaenger\/","title":{"rendered":"Schl\u00fcsselanh\u00e4nger"},"content":{"rendered":"<p data-start=\"0\" data-end=\"137\">Dieses kleine Engerl mit Herz ist mehr als nur ein kleiner Schl\u00fcsselanh\u00e4nger. Es ist ein stiller Wunsch, da\u00df jeden Tag alles gut geht.<\/p>\n<p data-start=\"0\" data-end=\"137\">Ob zum F\u00fchrerschein, f\u00fcr&#8217;s neue Auto, als kleines Schutzengerl f\u00fcr unterwegs oder einfach als liebevolles Mitbringsel. Dieses Engerl erinnert deinen Lieblingsmenschen daran, da\u00df jemand an ihn denkt und ihm von Herzen nur Gutes w\u00fcnscht!<\/p>\n<p data-start=\"0\" data-end=\"137\">Das Engerl ist aus Filz gefertigt und mit der Stickmaschine bestickt. Es liegt angenehm in der Hand. Klein, fein und voller Bedeutung: Ich pass auf dich auf!<\/p>\n<p data-start=\"0\" data-end=\"137\"><strong>Stickdatei:<\/strong> Sticktier<\/p>\n<p data-start=\"0\" data-end=\"137\"><strong>Material:<\/strong> 100% Polyesterfilz<\/p>\n<p data-start=\"0\" data-end=\"137\"><strong>Gr\u00f6\u00dfe:<\/strong>\u00a07,5cm hoch (ohne Ring), 5,8cm breit<\/p>\n","protected":false},"excerpt":{"rendered":"<p>kleines Engerl<\/p>\n","protected":false},"featured_media":1174,"template":"","meta":{"_acf_changed":false},"product_brand":[],"product_cat":[135,62],"product_tag":[282,278,277,284,210,197,280,237,283,279,196,287,285,281,276,275,192,286],"class_list":{"0":"post-1172","1":"product","2":"type-product","3":"status-publish","4":"has-post-thumbnail","6":"product_cat-geschenkanhaenger","7":"product_cat-papeterie-schreibwaren","8":"product_tag-alles-gute","9":"product_tag-engel","10":"product_tag-engerl","11":"product_tag-filz","12":"product_tag-frau","13":"product_tag-freundin","14":"product_tag-fuehrerschein","15":"product_tag-grau","16":"product_tag-gute-wuensche","17":"product_tag-kleines-engerl","18":"product_tag-kleines-geschenk","19":"product_tag-kollegin","20":"product_tag-mitbringsel","21":"product_tag-neues-auto","22":"product_tag-schluessel","23":"product_tag-schluesselanhaenger","24":"product_tag-tante","25":"product_tag-wichtelgeschenk","27":"first","28":"instock","29":"purchasable","30":"product-type-simple"},"acf":[],"_links":{"self":[{"href":"https:\/\/www.regionalis.shop\/einfach-evie\/wp-json\/wp\/v2\/product\/1172","targetHints":{"allow":["GET"]}}],"collection":[{"href":"https:\/\/www.regionalis.shop\/einfach-evie\/wp-json\/wp\/v2\/product"}],"about":[{"href":"https:\/\/www.regionalis.shop\/einfach-evie\/wp-json\/wp\/v2\/types\/product"}],"wp:featuredmedia":[{"embeddable":true,"href":"https:\/\/www.regionalis.shop\/einfach-evie\/wp-json\/wp\/v2\/media\/1174"}],"wp:attachment":[{"href":"https:\/\/www.regionalis.shop\/einfach-evie\/wp-json\/wp\/v2\/media?parent=1172"}],"wp:term":[{"taxonomy":"product_brand","embeddable":true,"href":"https:\/\/www.regionalis.shop\/einfach-evie\/wp-json\/wp\/v2\/product_brand?post=1172"},{"taxonomy":"product_cat","embeddable":true,"href":"https:\/\/www.regionalis.shop\/einfach-evie\/wp-json\/wp\/v2\/product_cat?post=1172"},{"taxonomy":"product_tag","embeddable":true,"href":"https:\/\/www.regionalis.shop\/einfach-evie\/wp-json\/wp\/v2\/product_tag?post=1172"}],"curies":[{"name":"wp","href":"https:\/\/api.w.org\/{rel}","templated":true}]}}