{"id":1201,"date":"2026-03-20T16:05:01","date_gmt":"2026-03-20T15:05:01","guid":{"rendered":"https:\/\/www.regionalis.shop\/einfach-evie\/?post_type=product&#038;p=1201"},"modified":"2026-03-27T06:23:17","modified_gmt":"2026-03-27T05:23:17","slug":"filzkoerberl","status":"publish","type":"product","link":"https:\/\/www.regionalis.shop\/einfach-evie\/shop\/filzkoerberl\/","title":{"rendered":"Filzk\u00f6rberl"},"content":{"rendered":"<p data-start=\"761\" data-end=\"882\">Dieses kleine Osterk\u00f6rberl ist perfekt f\u00fcr kleine Oster\u00fcberraschungen. Ob f\u00fcr Ostereier, S\u00fc\u00dfigkeiten oder als kleines Mitbringsel \u2013 das K\u00f6rberl macht jede Oster\u00fcberraschung besonders.<\/p>\n<p data-start=\"761\" data-end=\"882\">Es ist aus Filz gen\u00e4ht und bestickt. Gef\u00fcttert mit einem Baumwollstoff.<\/p>\n<p data-start=\"761\" data-end=\"882\">Gr\u00f6\u00dfe<br \/>\n20cm breit \/ 17cm hoch \/ 16cm tief<\/p>\n<p data-start=\"761\" data-end=\"882\">Material<br \/>\nAu\u00dfenmaterial Filz \/ Innenfutter BW-Stoff<\/p>\n","protected":false},"excerpt":{"rendered":"<p>K\u00f6rberl &#8222;Ostern&#8220;<\/p>\n","protected":false},"featured_media":1202,"template":"","meta":{"_acf_changed":false},"product_brand":[],"product_cat":[172,103],"product_tag":[284,308,307,306,305,292,293,264,258,262,261,259,179],"class_list":{"0":"post-1201","1":"product","2":"type-product","3":"status-publish","4":"has-post-thumbnail","6":"product_cat-verpacken-verstauen","7":"product_cat-wohnen-deko","8":"product_tag-filz","9":"product_tag-gruen","10":"product_tag-korb","11":"product_tag-koerberl","12":"product_tag-natur","13":"product_tag-osterdeko","14":"product_tag-osterei","15":"product_tag-ostergeschenk","16":"product_tag-ostern","17":"product_tag-osternest","18":"product_tag-osternesterl","19":"product_tag-osterzeit","20":"product_tag-rosa","22":"first","23":"outofstock","24":"taxable","25":"shipping-taxable","26":"purchasable","27":"product-type-simple"},"acf":[],"_links":{"self":[{"href":"https:\/\/www.regionalis.shop\/einfach-evie\/wp-json\/wp\/v2\/product\/1201","targetHints":{"allow":["GET"]}}],"collection":[{"href":"https:\/\/www.regionalis.shop\/einfach-evie\/wp-json\/wp\/v2\/product"}],"about":[{"href":"https:\/\/www.regionalis.shop\/einfach-evie\/wp-json\/wp\/v2\/types\/product"}],"wp:featuredmedia":[{"embeddable":true,"href":"https:\/\/www.regionalis.shop\/einfach-evie\/wp-json\/wp\/v2\/media\/1202"}],"wp:attachment":[{"href":"https:\/\/www.regionalis.shop\/einfach-evie\/wp-json\/wp\/v2\/media?parent=1201"}],"wp:term":[{"taxonomy":"product_brand","embeddable":true,"href":"https:\/\/www.regionalis.shop\/einfach-evie\/wp-json\/wp\/v2\/product_brand?post=1201"},{"taxonomy":"product_cat","embeddable":true,"href":"https:\/\/www.regionalis.shop\/einfach-evie\/wp-json\/wp\/v2\/product_cat?post=1201"},{"taxonomy":"product_tag","embeddable":true,"href":"https:\/\/www.regionalis.shop\/einfach-evie\/wp-json\/wp\/v2\/product_tag?post=1201"}],"curies":[{"name":"wp","href":"https:\/\/api.w.org\/{rel}","templated":true}]}}