{"id":862,"date":"2025-05-24T13:44:06","date_gmt":"2025-05-24T11:44:06","guid":{"rendered":"https:\/\/starter.stage.shop-it.at\/?page_id=862"},"modified":"2025-10-23T15:21:37","modified_gmt":"2025-10-23T13:21:37","slug":"startseite","status":"publish","type":"page","link":"https:\/\/www.regionalis.shop\/elfenstuebchen\/","title":{"rendered":"Startseite"},"content":{"rendered":"<section>\n        <div class=\"header-image\">\n            <img decoding=\"async\" src=\"https:\/\/www.regionalis.shop\/app\/uploads\/sites\/160\/3849_2021_01_27_15_03_26_710504126.jpg\" alt=\"\">\n        <\/div>\n    \n    <\/section>\n    <section>\n    <div class=\"header-title\">\n        <h1 class=\"h2\">Willkommen bei Elfenst\u00fcbchen<\/h1>\n    <\/div>\n            <h2 class=\"h3\">Handgemacht in Andorf<\/h2>\n                <p>Liebe Besucher von Elfenst\u00fcbchen meine Produkte werden von mir in liebevoller Handarbeit hergestellt.<\/p>\n<p>Damit meine W\u00e4rmekissen nicht nur kurzfristig verwendet werden, n\u00e4he ich diese vorwiegend aus Biostoffen und f\u00fclle sie mit Naturmaterialien wie Zirbe, Kirschkern und vieles mehr.<br \/>\nAuch ein Innenkissen aus Baumwolle darf nicht fehlen.<\/p>\n<p>Hoffe das Interesse ist geweckt und freue mich auf euch.<\/p>\n\n    \n    <h3>Produkte<\/h3>\n\n    <div class=\"woocommerce columns-3 \"><ul class=\"products columns-3\">\n<li class=\"product type-product post-1060 status-publish first instock product_cat-baby-kinder product_cat-stofftiere has-post-thumbnail purchasable product-type-simple\">\n\t<a href=\"https:\/\/www.regionalis.shop\/elfenstuebchen\/shop\/troesterchen\/\" class=\"woocommerce-LoopProduct-link woocommerce-loop-product__link\"><div class=\"wc-block-grid__product-image\"><img loading=\"lazy\" decoding=\"async\" width=\"420\" height=\"420\" src=\"https:\/\/www.regionalis.shop\/app\/uploads\/sites\/160\/3849_2021_12_09_18_52_22_491247846.jpg\" class=\"attachment-large size-large\" alt=\"Tr\u00f6sterchen\" srcset=\"https:\/\/www.regionalis.shop\/app\/uploads\/sites\/160\/3849_2021_12_09_18_52_22_491247846.jpg 420w, https:\/\/www.regionalis.shop\/app\/uploads\/sites\/160\/3849_2021_12_09_18_52_22_491247846-300x300.jpg 300w, https:\/\/www.regionalis.shop\/app\/uploads\/sites\/160\/3849_2021_12_09_18_52_22_491247846-150x150.jpg 150w, https:\/\/www.regionalis.shop\/app\/uploads\/sites\/160\/3849_2021_12_09_18_52_22_491247846-100x100.jpg 100w\" sizes=\"auto, (max-width: 420px) 100vw, 420px\" \/><\/div><h2 class=\"woocommerce-loop-product__title\">Tr\u00f6sterchen<\/h2>\n\t<span class=\"price\"><span class=\"woocommerce-Price-amount amount\"><bdi>12,00&nbsp;<span class=\"woocommerce-Price-currencySymbol\">&euro;<\/span><\/bdi><\/span><\/span>\n<\/a><\/li>\n<li class=\"product type-product post-1057 status-publish instock product_cat-baby-kinder product_cat-textilien has-post-thumbnail purchasable product-type-simple\">\n\t<a href=\"https:\/\/www.regionalis.shop\/elfenstuebchen\/shop\/schlafsack\/\" class=\"woocommerce-LoopProduct-link woocommerce-loop-product__link\"><div class=\"wc-block-grid__product-image\"><img loading=\"lazy\" decoding=\"async\" width=\"420\" height=\"420\" src=\"https:\/\/www.regionalis.shop\/app\/uploads\/sites\/160\/3849_2021_12_09_18_53_14_843086976.jpg\" class=\"attachment-large size-large\" alt=\"Schlafsack\" srcset=\"https:\/\/www.regionalis.shop\/app\/uploads\/sites\/160\/3849_2021_12_09_18_53_14_843086976.jpg 420w, https:\/\/www.regionalis.shop\/app\/uploads\/sites\/160\/3849_2021_12_09_18_53_14_843086976-300x300.jpg 300w, https:\/\/www.regionalis.shop\/app\/uploads\/sites\/160\/3849_2021_12_09_18_53_14_843086976-150x150.jpg 150w, https:\/\/www.regionalis.shop\/app\/uploads\/sites\/160\/3849_2021_12_09_18_53_14_843086976-100x100.jpg 100w\" sizes=\"auto, (max-width: 420px) 100vw, 420px\" \/><\/div><h2 class=\"woocommerce-loop-product__title\">Schlafsack<\/h2>\n\t<span class=\"price\"><span class=\"woocommerce-Price-amount amount\"><bdi>25,00&nbsp;<span class=\"woocommerce-Price-currencySymbol\">&euro;<\/span><\/bdi><\/span><\/span>\n<\/a><\/li>\n<li class=\"product type-product post-1054 status-publish last instock product_cat-baby-kinder product_cat-textilien has-post-thumbnail purchasable product-type-simple\">\n\t<a href=\"https:\/\/www.regionalis.shop\/elfenstuebchen\/shop\/schlafsack-mint\/\" class=\"woocommerce-LoopProduct-link woocommerce-loop-product__link\"><div class=\"wc-block-grid__product-image\"><img loading=\"lazy\" decoding=\"async\" width=\"420\" height=\"420\" src=\"https:\/\/www.regionalis.shop\/app\/uploads\/sites\/160\/3849_2021_12_08_14_06_17_467960414.jpg\" class=\"attachment-large size-large\" alt=\"Schlafsack mint\" srcset=\"https:\/\/www.regionalis.shop\/app\/uploads\/sites\/160\/3849_2021_12_08_14_06_17_467960414.jpg 420w, https:\/\/www.regionalis.shop\/app\/uploads\/sites\/160\/3849_2021_12_08_14_06_17_467960414-300x300.jpg 300w, https:\/\/www.regionalis.shop\/app\/uploads\/sites\/160\/3849_2021_12_08_14_06_17_467960414-150x150.jpg 150w, https:\/\/www.regionalis.shop\/app\/uploads\/sites\/160\/3849_2021_12_08_14_06_17_467960414-100x100.jpg 100w\" sizes=\"auto, (max-width: 420px) 100vw, 420px\" \/><\/div><h2 class=\"woocommerce-loop-product__title\">Schlafsack mint<\/h2>\n\t<span class=\"price\"><span class=\"woocommerce-Price-amount amount\"><bdi>25,00&nbsp;<span class=\"woocommerce-Price-currencySymbol\">&euro;<\/span><\/bdi><\/span><\/span>\n<\/a><\/li>\n<\/ul>\n<\/div>\n    <p>\n        <a href=\"https:\/\/www.regionalis.shop\/elfenstuebchen\/shop\/\" class=\"btn btn-primary btn-icon-right\">\n            Alle Produkte <i class=\"bi bi-arrow-right-short\"><\/i>\n        <\/a>\n    <\/p>\n<\/section>\n\n<div data-block-name=\"woocommerce\/store-notices\" class=\"wc-block-store-notices woocommerce alignwide alignwide wp-block-woocommerce-store-notices\"><div class=\"woocommerce-notices-wrapper\"><\/div><\/div>","protected":false},"excerpt":{"rendered":"","protected":false},"author":1,"featured_media":0,"parent":0,"menu_order":0,"comment_status":"closed","ping_status":"closed","template":"template-home.blade.php","meta":{"_acf_changed":false,"footnotes":""},"class_list":["post-862","page","type-page","status-publish","hentry"],"acf":[],"_links":{"self":[{"href":"https:\/\/www.regionalis.shop\/elfenstuebchen\/wp-json\/wp\/v2\/pages\/862","targetHints":{"allow":["GET"]}}],"collection":[{"href":"https:\/\/www.regionalis.shop\/elfenstuebchen\/wp-json\/wp\/v2\/pages"}],"about":[{"href":"https:\/\/www.regionalis.shop\/elfenstuebchen\/wp-json\/wp\/v2\/types\/page"}],"author":[{"embeddable":true,"href":"https:\/\/www.regionalis.shop\/elfenstuebchen\/wp-json\/wp\/v2\/users\/1"}],"replies":[{"embeddable":true,"href":"https:\/\/www.regionalis.shop\/elfenstuebchen\/wp-json\/wp\/v2\/comments?post=862"}],"version-history":[{"count":28,"href":"https:\/\/www.regionalis.shop\/elfenstuebchen\/wp-json\/wp\/v2\/pages\/862\/revisions"}],"predecessor-version":[{"id":1041,"href":"https:\/\/www.regionalis.shop\/elfenstuebchen\/wp-json\/wp\/v2\/pages\/862\/revisions\/1041"}],"wp:attachment":[{"href":"https:\/\/www.regionalis.shop\/elfenstuebchen\/wp-json\/wp\/v2\/media?parent=862"}],"curies":[{"name":"wp","href":"https:\/\/api.w.org\/{rel}","templated":true}]}}