{"id":1052,"date":"2025-04-18T05:08:02","date_gmt":"2025-04-18T03:08:02","guid":{"rendered":"https:\/\/www.regionalis.shop\/elfenstuebchen\/product\/kirschkernkissen-westfalenstoff\/"},"modified":"2025-04-18T05:08:02","modified_gmt":"2025-04-18T03:08:02","slug":"kirschkernkissen-westfalenstoff","status":"publish","type":"product","link":"https:\/\/www.regionalis.shop\/elfenstuebchen\/shop\/kirschkernkissen-westfalenstoff\/","title":{"rendered":"Kirschkernkissen Westfalenstoff"},"content":{"rendered":"<p>Kirschkernkissen haben die Wirkung einer W\u00e4rmflasche. Die Kirschkerne halten die W\u00e4rme gleichbleibend gut an.<br \/>\nAuch als K\u00e4ltekompresse zu verwenden.<br \/>\nBeschreibung liegt bei.<br \/>\nDer Stoff ist aus 100 % Baumwolle (Westfalen \u00f6ko-tex 100), hat einen Klettverschluss zum \u00d6ffnen. Ist ohne Kerne waschbar.<br \/>\nGr\u00f6\u00dfe: ca. 20 x 17 cm<br \/>\nViel Freude damit!<\/p>\n","protected":false},"excerpt":{"rendered":"<p>Kirschkernkissen haben die Wirkung einer W\u00e4rmflasche. Die Kirschkerne halten die W\u00e4rme gleichbleibend gut an. Auch als K\u00e4ltekompresse zu verwenden. Beschreibung liegt bei. Der Stoff ist aus 100 % Baumwolle (Westfalen \u00f6ko-tex 100), hat einen Klettverschluss zum \u00d6ffnen. Ist ohne Kerne waschbar. Gr\u00f6\u00dfe: ca. 20 x 17 cm Viel Freude damit!<\/p>\n","protected":false},"featured_media":1053,"template":"","meta":{"_acf_changed":false},"product_brand":[],"product_cat":[38,98],"product_tag":[],"class_list":{"0":"post-1052","1":"product","2":"type-product","3":"status-publish","4":"has-post-thumbnail","6":"product_cat-baby-kinder","7":"product_cat-textilien","9":"first","10":"instock","11":"purchasable","12":"product-type-simple"},"acf":[],"_links":{"self":[{"href":"https:\/\/www.regionalis.shop\/elfenstuebchen\/wp-json\/wp\/v2\/product\/1052","targetHints":{"allow":["GET"]}}],"collection":[{"href":"https:\/\/www.regionalis.shop\/elfenstuebchen\/wp-json\/wp\/v2\/product"}],"about":[{"href":"https:\/\/www.regionalis.shop\/elfenstuebchen\/wp-json\/wp\/v2\/types\/product"}],"wp:featuredmedia":[{"embeddable":true,"href":"https:\/\/www.regionalis.shop\/elfenstuebchen\/wp-json\/wp\/v2\/media\/1053"}],"wp:attachment":[{"href":"https:\/\/www.regionalis.shop\/elfenstuebchen\/wp-json\/wp\/v2\/media?parent=1052"}],"wp:term":[{"taxonomy":"product_brand","embeddable":true,"href":"https:\/\/www.regionalis.shop\/elfenstuebchen\/wp-json\/wp\/v2\/product_brand?post=1052"},{"taxonomy":"product_cat","embeddable":true,"href":"https:\/\/www.regionalis.shop\/elfenstuebchen\/wp-json\/wp\/v2\/product_cat?post=1052"},{"taxonomy":"product_tag","embeddable":true,"href":"https:\/\/www.regionalis.shop\/elfenstuebchen\/wp-json\/wp\/v2\/product_tag?post=1052"}],"curies":[{"name":"wp","href":"https:\/\/api.w.org\/{rel}","templated":true}]}}