{"id":1060,"date":"2025-04-18T05:08:02","date_gmt":"2025-04-18T03:08:02","guid":{"rendered":"https:\/\/www.regionalis.shop\/elfenstuebchen\/product\/troesterchen\/"},"modified":"2025-04-18T05:08:02","modified_gmt":"2025-04-18T03:08:02","slug":"troesterchen","status":"publish","type":"product","link":"https:\/\/www.regionalis.shop\/elfenstuebchen\/shop\/troesterchen\/","title":{"rendered":"Tr\u00f6sterchen"},"content":{"rendered":"<p>Deises kleien runde Kissen ist mit Kirschkernen gef\u00fcllt.<br \/>\nDiese habe die gleiche Funktion wie eine W\u00e4rmflasche.<br \/>\nEs l\u00e4uft aber kein Wasser aus und die W\u00e4re h\u00e4lt l\u00e4nger an.<br \/>\nEs ist auch als Tr\u00f6sterchen gedacht zum Kuscheln.<br \/>\nDie Kirschkerne sind in einem Innenkissen aus Baumwolle,<br \/>\nder Bezug ist daher abnehmbar und waschbar.<br \/>\nDurchmesser: ca 20 cm<br \/>\nViel Freude damit!<\/p>\n","protected":false},"excerpt":{"rendered":"<p>Deises kleien runde Kissen ist mit Kirschkernen gef\u00fcllt. Diese habe die gleiche Funktion wie eine W\u00e4rmflasche. Es l\u00e4uft aber kein Wasser aus und die W\u00e4re h\u00e4lt l\u00e4nger an. Es ist auch als Tr\u00f6sterchen gedacht zum Kuscheln. Die Kirschkerne sind in einem Innenkissen aus Baumwolle, der Bezug ist daher abnehmbar und waschbar. Durchmesser: ca 20 cm &hellip; <a href=\"https:\/\/www.regionalis.shop\/elfenstuebchen\/shop\/troesterchen\/\">Continued<\/a><\/p>\n","protected":false},"featured_media":1061,"template":"","meta":{"_acf_changed":false},"product_brand":[],"product_cat":[38,93],"product_tag":[],"class_list":{"0":"post-1060","1":"product","2":"type-product","3":"status-publish","4":"has-post-thumbnail","6":"product_cat-baby-kinder","7":"product_cat-stofftiere","9":"first","10":"instock","11":"purchasable","12":"product-type-simple"},"acf":[],"_links":{"self":[{"href":"https:\/\/www.regionalis.shop\/elfenstuebchen\/wp-json\/wp\/v2\/product\/1060","targetHints":{"allow":["GET"]}}],"collection":[{"href":"https:\/\/www.regionalis.shop\/elfenstuebchen\/wp-json\/wp\/v2\/product"}],"about":[{"href":"https:\/\/www.regionalis.shop\/elfenstuebchen\/wp-json\/wp\/v2\/types\/product"}],"wp:featuredmedia":[{"embeddable":true,"href":"https:\/\/www.regionalis.shop\/elfenstuebchen\/wp-json\/wp\/v2\/media\/1061"}],"wp:attachment":[{"href":"https:\/\/www.regionalis.shop\/elfenstuebchen\/wp-json\/wp\/v2\/media?parent=1060"}],"wp:term":[{"taxonomy":"product_brand","embeddable":true,"href":"https:\/\/www.regionalis.shop\/elfenstuebchen\/wp-json\/wp\/v2\/product_brand?post=1060"},{"taxonomy":"product_cat","embeddable":true,"href":"https:\/\/www.regionalis.shop\/elfenstuebchen\/wp-json\/wp\/v2\/product_cat?post=1060"},{"taxonomy":"product_tag","embeddable":true,"href":"https:\/\/www.regionalis.shop\/elfenstuebchen\/wp-json\/wp\/v2\/product_tag?post=1060"}],"curies":[{"name":"wp","href":"https:\/\/api.w.org\/{rel}","templated":true}]}}