{"id":1063,"date":"2025-04-18T05:07:21","date_gmt":"2025-04-18T03:07:21","guid":{"rendered":"https:\/\/www.regionalis.shop\/elfenstuebchen\/product\/energiekissen\/"},"modified":"2025-04-18T05:07:21","modified_gmt":"2025-04-18T03:07:21","slug":"energiekissen","status":"publish","type":"product","link":"https:\/\/www.regionalis.shop\/elfenstuebchen\/shop\/energiekissen\/","title":{"rendered":"Energiekissen"},"content":{"rendered":"<p>Dieses Kissen ist mit verschiedenen Kr\u00e4utern und Dinkelspelz gef\u00fcllt, welche einen frischen Duft verstr\u00f6men und Ihre Lebensgeister zu wecken.<br \/>\nGr\u00f6\u00dfe: 20 x 30 cm<br \/>\nDie Kr\u00e4uter sind extra in einem Innenkissen aus Baumwolle eingen\u00e4ht, der Bezug ist abnehmbar und waschbar.<br \/>\nGenaue Beschreibung liegt bei.<\/p>\n<p>Viel Freude mit dem Kissen!<\/p>\n","protected":false},"excerpt":{"rendered":"<p>Dieses Kissen ist mit verschiedenen Kr\u00e4utern und Dinkelspelz gef\u00fcllt, welche einen frischen Duft verstr\u00f6men und Ihre Lebensgeister zu wecken. Gr\u00f6\u00dfe: 20 x 30 cm Die Kr\u00e4uter sind extra in einem Innenkissen aus Baumwolle eingen\u00e4ht, der Bezug ist abnehmbar und waschbar. Genaue Beschreibung liegt bei. Viel Freude mit dem Kissen!<\/p>\n","protected":false},"featured_media":1064,"template":"","meta":{"_acf_changed":false},"product_brand":[],"product_cat":[103,104],"product_tag":[],"class_list":{"0":"post-1063","1":"product","2":"type-product","3":"status-publish","4":"has-post-thumbnail","6":"product_cat-wohnen-deko","7":"product_cat-wohntextilien","9":"first","10":"instock","11":"purchasable","12":"product-type-simple"},"acf":[],"_links":{"self":[{"href":"https:\/\/www.regionalis.shop\/elfenstuebchen\/wp-json\/wp\/v2\/product\/1063","targetHints":{"allow":["GET"]}}],"collection":[{"href":"https:\/\/www.regionalis.shop\/elfenstuebchen\/wp-json\/wp\/v2\/product"}],"about":[{"href":"https:\/\/www.regionalis.shop\/elfenstuebchen\/wp-json\/wp\/v2\/types\/product"}],"wp:featuredmedia":[{"embeddable":true,"href":"https:\/\/www.regionalis.shop\/elfenstuebchen\/wp-json\/wp\/v2\/media\/1064"}],"wp:attachment":[{"href":"https:\/\/www.regionalis.shop\/elfenstuebchen\/wp-json\/wp\/v2\/media?parent=1063"}],"wp:term":[{"taxonomy":"product_brand","embeddable":true,"href":"https:\/\/www.regionalis.shop\/elfenstuebchen\/wp-json\/wp\/v2\/product_brand?post=1063"},{"taxonomy":"product_cat","embeddable":true,"href":"https:\/\/www.regionalis.shop\/elfenstuebchen\/wp-json\/wp\/v2\/product_cat?post=1063"},{"taxonomy":"product_tag","embeddable":true,"href":"https:\/\/www.regionalis.shop\/elfenstuebchen\/wp-json\/wp\/v2\/product_tag?post=1063"}],"curies":[{"name":"wp","href":"https:\/\/api.w.org\/{rel}","templated":true}]}}