{"id":1066,"date":"2025-04-18T02:54:08","date_gmt":"2025-04-18T00:54:08","guid":{"rendered":"https:\/\/www.regionalis.shop\/elfenstuebchen\/product\/wimpelkette\/"},"modified":"2025-04-18T02:54:08","modified_gmt":"2025-04-18T00:54:08","slug":"wimpelkette","status":"publish","type":"product","link":"https:\/\/www.regionalis.shop\/elfenstuebchen\/shop\/wimpelkette\/","title":{"rendered":"Wimpelkette"},"content":{"rendered":"<p>Diese Wimpelkette ist aus verschiedenen Baumwollstoffen mit 9 Wimpeln gen\u00e4ht und hat eine L\u00e4nge vom 2,40.<br \/>\nSie kann als Dekoration das Kinderzimmer versch\u00f6nern.<br \/>\nWaschbar beim 30 \u00b0C.<br \/>\nVerpackung ist dabei.<\/p>\n","protected":false},"excerpt":{"rendered":"<p>Diese Wimpelkette ist aus verschiedenen Baumwollstoffen mit 9 Wimpeln gen\u00e4ht und hat eine L\u00e4nge vom 2,40. Sie kann als Dekoration das Kinderzimmer versch\u00f6nern. Waschbar beim 30 \u00b0C. Verpackung ist dabei.<\/p>\n","protected":false},"featured_media":1067,"template":"","meta":{"_acf_changed":false},"product_brand":[],"product_cat":[38,50],"product_tag":[],"class_list":{"0":"post-1066","1":"product","2":"type-product","3":"status-publish","4":"has-post-thumbnail","6":"product_cat-baby-kinder","7":"product_cat-kinderzimmer","9":"first","10":"instock","11":"purchasable","12":"product-type-simple"},"acf":[],"_links":{"self":[{"href":"https:\/\/www.regionalis.shop\/elfenstuebchen\/wp-json\/wp\/v2\/product\/1066","targetHints":{"allow":["GET"]}}],"collection":[{"href":"https:\/\/www.regionalis.shop\/elfenstuebchen\/wp-json\/wp\/v2\/product"}],"about":[{"href":"https:\/\/www.regionalis.shop\/elfenstuebchen\/wp-json\/wp\/v2\/types\/product"}],"wp:featuredmedia":[{"embeddable":true,"href":"https:\/\/www.regionalis.shop\/elfenstuebchen\/wp-json\/wp\/v2\/media\/1067"}],"wp:attachment":[{"href":"https:\/\/www.regionalis.shop\/elfenstuebchen\/wp-json\/wp\/v2\/media?parent=1066"}],"wp:term":[{"taxonomy":"product_brand","embeddable":true,"href":"https:\/\/www.regionalis.shop\/elfenstuebchen\/wp-json\/wp\/v2\/product_brand?post=1066"},{"taxonomy":"product_cat","embeddable":true,"href":"https:\/\/www.regionalis.shop\/elfenstuebchen\/wp-json\/wp\/v2\/product_cat?post=1066"},{"taxonomy":"product_tag","embeddable":true,"href":"https:\/\/www.regionalis.shop\/elfenstuebchen\/wp-json\/wp\/v2\/product_tag?post=1066"}],"curies":[{"name":"wp","href":"https:\/\/api.w.org\/{rel}","templated":true}]}}