{"id":1071,"date":"2025-04-18T02:53:05","date_gmt":"2025-04-18T00:53:05","guid":{"rendered":"https:\/\/www.regionalis.shop\/elfenstuebchen\/product\/utensilo\/"},"modified":"2025-04-18T02:53:05","modified_gmt":"2025-04-18T00:53:05","slug":"utensilo","status":"publish","type":"product","link":"https:\/\/www.regionalis.shop\/elfenstuebchen\/shop\/utensilo\/","title":{"rendered":"Utensilo"},"content":{"rendered":"<p>Dieses Stoffk\u00f6rbchen ist im Haushalt vielseitig verwendbar, man kann es auch als Brotk\u00f6rbchen z. B. verwenden.<br \/>\nAussen ist ein Stoff aus Baumwollmischung mit Vliseline verst\u00e4rkt und innen habe ich einen Leinenstoff verwendet.<br \/>\nGr\u00f6\u00dfe: 17 x 10 x 20 cm<\/p>\n","protected":false},"excerpt":{"rendered":"<p>Dieses Stoffk\u00f6rbchen ist im Haushalt vielseitig verwendbar, man kann es auch als Brotk\u00f6rbchen z. B. verwenden. Aussen ist ein Stoff aus Baumwollmischung mit Vliseline verst\u00e4rkt und innen habe ich einen Leinenstoff verwendet. Gr\u00f6\u00dfe: 17 x 10 x 20 cm<\/p>\n","protected":false},"featured_media":1072,"template":"","meta":{"_acf_changed":false},"product_brand":[],"product_cat":[103,104],"product_tag":[],"class_list":{"0":"post-1071","1":"product","2":"type-product","3":"status-publish","4":"has-post-thumbnail","6":"product_cat-wohnen-deko","7":"product_cat-wohntextilien","9":"first","10":"instock","11":"purchasable","12":"product-type-simple"},"acf":[],"_links":{"self":[{"href":"https:\/\/www.regionalis.shop\/elfenstuebchen\/wp-json\/wp\/v2\/product\/1071","targetHints":{"allow":["GET"]}}],"collection":[{"href":"https:\/\/www.regionalis.shop\/elfenstuebchen\/wp-json\/wp\/v2\/product"}],"about":[{"href":"https:\/\/www.regionalis.shop\/elfenstuebchen\/wp-json\/wp\/v2\/types\/product"}],"wp:featuredmedia":[{"embeddable":true,"href":"https:\/\/www.regionalis.shop\/elfenstuebchen\/wp-json\/wp\/v2\/media\/1072"}],"wp:attachment":[{"href":"https:\/\/www.regionalis.shop\/elfenstuebchen\/wp-json\/wp\/v2\/media?parent=1071"}],"wp:term":[{"taxonomy":"product_brand","embeddable":true,"href":"https:\/\/www.regionalis.shop\/elfenstuebchen\/wp-json\/wp\/v2\/product_brand?post=1071"},{"taxonomy":"product_cat","embeddable":true,"href":"https:\/\/www.regionalis.shop\/elfenstuebchen\/wp-json\/wp\/v2\/product_cat?post=1071"},{"taxonomy":"product_tag","embeddable":true,"href":"https:\/\/www.regionalis.shop\/elfenstuebchen\/wp-json\/wp\/v2\/product_tag?post=1071"}],"curies":[{"name":"wp","href":"https:\/\/api.w.org\/{rel}","templated":true}]}}