{"id":1074,"date":"2025-04-18T02:53:05","date_gmt":"2025-04-18T00:53:05","guid":{"rendered":"https:\/\/www.regionalis.shop\/elfenstuebchen\/product\/utensilo-noten\/"},"modified":"2025-04-18T02:53:05","modified_gmt":"2025-04-18T00:53:05","slug":"utensilo-noten","status":"publish","type":"product","link":"https:\/\/www.regionalis.shop\/elfenstuebchen\/shop\/utensilo-noten\/","title":{"rendered":"Utensilo Noten"},"content":{"rendered":"<p>Dieses Stoffk\u00f6rbchen l\u00e4sst sich vielseitig im Haushalt verwenden.<br \/>\nEs ist aus Bauwollmischung gefertigt und auch mit einem st\u00e4rkeren Vliseline verst\u00e4rkt, damit die Standfestigkeit gegeben ist.<br \/>\nAuch innen ist es mit dem Notenstoff gefertigt.<br \/>\nGro\u00dfe: 28 x 10 x 18 cm<\/p>\n","protected":false},"excerpt":{"rendered":"<p>Dieses Stoffk\u00f6rbchen l\u00e4sst sich vielseitig im Haushalt verwenden. Es ist aus Bauwollmischung gefertigt und auch mit einem st\u00e4rkeren Vliseline verst\u00e4rkt, damit die Standfestigkeit gegeben ist. Auch innen ist es mit dem Notenstoff gefertigt. Gro\u00dfe: 28 x 10 x 18 cm<\/p>\n","protected":false},"featured_media":1075,"template":"","meta":{"_acf_changed":false},"product_brand":[],"product_cat":[103,104],"product_tag":[],"class_list":{"0":"post-1074","1":"product","2":"type-product","3":"status-publish","4":"has-post-thumbnail","6":"product_cat-wohnen-deko","7":"product_cat-wohntextilien","9":"first","10":"instock","11":"purchasable","12":"product-type-simple"},"acf":[],"_links":{"self":[{"href":"https:\/\/www.regionalis.shop\/elfenstuebchen\/wp-json\/wp\/v2\/product\/1074","targetHints":{"allow":["GET"]}}],"collection":[{"href":"https:\/\/www.regionalis.shop\/elfenstuebchen\/wp-json\/wp\/v2\/product"}],"about":[{"href":"https:\/\/www.regionalis.shop\/elfenstuebchen\/wp-json\/wp\/v2\/types\/product"}],"wp:featuredmedia":[{"embeddable":true,"href":"https:\/\/www.regionalis.shop\/elfenstuebchen\/wp-json\/wp\/v2\/media\/1075"}],"wp:attachment":[{"href":"https:\/\/www.regionalis.shop\/elfenstuebchen\/wp-json\/wp\/v2\/media?parent=1074"}],"wp:term":[{"taxonomy":"product_brand","embeddable":true,"href":"https:\/\/www.regionalis.shop\/elfenstuebchen\/wp-json\/wp\/v2\/product_brand?post=1074"},{"taxonomy":"product_cat","embeddable":true,"href":"https:\/\/www.regionalis.shop\/elfenstuebchen\/wp-json\/wp\/v2\/product_cat?post=1074"},{"taxonomy":"product_tag","embeddable":true,"href":"https:\/\/www.regionalis.shop\/elfenstuebchen\/wp-json\/wp\/v2\/product_tag?post=1074"}],"curies":[{"name":"wp","href":"https:\/\/api.w.org\/{rel}","templated":true}]}}