{"id":1077,"date":"2025-04-18T02:53:05","date_gmt":"2025-04-18T00:53:05","guid":{"rendered":"https:\/\/www.regionalis.shop\/elfenstuebchen\/product\/babyhalstuch-2\/"},"modified":"2025-04-18T02:53:05","modified_gmt":"2025-04-18T00:53:05","slug":"babyhalstuch-2","status":"publish","type":"product","link":"https:\/\/www.regionalis.shop\/elfenstuebchen\/shop\/babyhalstuch-2\/","title":{"rendered":"Babyhalstuch"},"content":{"rendered":"<p>Dieses Halstuch ist aus 2 verschiedenen Jerseystoffen (\u00f6ko-tex 100) gen\u00e4ht und hat eine Gr\u00f6\u00dfe von 21 x 21 cm.<br \/>\nEs ist mit Klettverschluss zu verschlie\u00dfen.<\/p>\n","protected":false},"excerpt":{"rendered":"<p>Dieses Halstuch ist aus 2 verschiedenen Jerseystoffen (\u00f6ko-tex 100) gen\u00e4ht und hat eine Gr\u00f6\u00dfe von 21 x 21 cm. Es ist mit Klettverschluss zu verschlie\u00dfen.<\/p>\n","protected":false},"featured_media":0,"template":"","meta":{"_acf_changed":false},"product_brand":[],"product_cat":[107,38],"product_tag":[],"class_list":{"0":"post-1077","1":"product","2":"type-product","3":"status-publish","5":"product_cat-accessoires-baby-kinder","6":"product_cat-baby-kinder","8":"first","9":"instock","10":"purchasable","11":"product-type-simple"},"acf":[],"_links":{"self":[{"href":"https:\/\/www.regionalis.shop\/elfenstuebchen\/wp-json\/wp\/v2\/product\/1077","targetHints":{"allow":["GET"]}}],"collection":[{"href":"https:\/\/www.regionalis.shop\/elfenstuebchen\/wp-json\/wp\/v2\/product"}],"about":[{"href":"https:\/\/www.regionalis.shop\/elfenstuebchen\/wp-json\/wp\/v2\/types\/product"}],"wp:attachment":[{"href":"https:\/\/www.regionalis.shop\/elfenstuebchen\/wp-json\/wp\/v2\/media?parent=1077"}],"wp:term":[{"taxonomy":"product_brand","embeddable":true,"href":"https:\/\/www.regionalis.shop\/elfenstuebchen\/wp-json\/wp\/v2\/product_brand?post=1077"},{"taxonomy":"product_cat","embeddable":true,"href":"https:\/\/www.regionalis.shop\/elfenstuebchen\/wp-json\/wp\/v2\/product_cat?post=1077"},{"taxonomy":"product_tag","embeddable":true,"href":"https:\/\/www.regionalis.shop\/elfenstuebchen\/wp-json\/wp\/v2\/product_tag?post=1077"}],"curies":[{"name":"wp","href":"https:\/\/api.w.org\/{rel}","templated":true}]}}