{"id":1079,"date":"2025-04-18T02:53:05","date_gmt":"2025-04-18T00:53:05","guid":{"rendered":"https:\/\/www.regionalis.shop\/elfenstuebchen\/product\/halstuch\/"},"modified":"2025-04-18T02:53:05","modified_gmt":"2025-04-18T00:53:05","slug":"halstuch","status":"publish","type":"product","link":"https:\/\/www.regionalis.shop\/elfenstuebchen\/shop\/halstuch\/","title":{"rendered":"Halstuch"},"content":{"rendered":"<p>Dieses Halstuch ist aus einem Bio-Jerseystoff gen\u00e4ht.<br \/>\nGr\u00f6\u00dfe 37 x 14 cm<br \/>\nMit einem Klettverschluss l\u00e4sst es sich einfach verstellen, damit dieses<br \/>\nl\u00e4nger verwendet werden kann.<\/p>\n","protected":false},"excerpt":{"rendered":"<p>Dieses Halstuch ist aus einem Bio-Jerseystoff gen\u00e4ht. Gr\u00f6\u00dfe 37 x 14 cm Mit einem Klettverschluss l\u00e4sst es sich einfach verstellen, damit dieses l\u00e4nger verwendet werden kann.<\/p>\n","protected":false},"featured_media":0,"template":"","meta":{"_acf_changed":false},"product_brand":[],"product_cat":[107,38],"product_tag":[],"class_list":{"0":"post-1079","1":"product","2":"type-product","3":"status-publish","5":"product_cat-accessoires-baby-kinder","6":"product_cat-baby-kinder","8":"first","9":"instock","10":"purchasable","11":"product-type-simple"},"acf":[],"_links":{"self":[{"href":"https:\/\/www.regionalis.shop\/elfenstuebchen\/wp-json\/wp\/v2\/product\/1079","targetHints":{"allow":["GET"]}}],"collection":[{"href":"https:\/\/www.regionalis.shop\/elfenstuebchen\/wp-json\/wp\/v2\/product"}],"about":[{"href":"https:\/\/www.regionalis.shop\/elfenstuebchen\/wp-json\/wp\/v2\/types\/product"}],"wp:attachment":[{"href":"https:\/\/www.regionalis.shop\/elfenstuebchen\/wp-json\/wp\/v2\/media?parent=1079"}],"wp:term":[{"taxonomy":"product_brand","embeddable":true,"href":"https:\/\/www.regionalis.shop\/elfenstuebchen\/wp-json\/wp\/v2\/product_brand?post=1079"},{"taxonomy":"product_cat","embeddable":true,"href":"https:\/\/www.regionalis.shop\/elfenstuebchen\/wp-json\/wp\/v2\/product_cat?post=1079"},{"taxonomy":"product_tag","embeddable":true,"href":"https:\/\/www.regionalis.shop\/elfenstuebchen\/wp-json\/wp\/v2\/product_tag?post=1079"}],"curies":[{"name":"wp","href":"https:\/\/api.w.org\/{rel}","templated":true}]}}