{"id":1080,"date":"2025-04-18T02:53:05","date_gmt":"2025-04-18T00:53:05","guid":{"rendered":"https:\/\/www.regionalis.shop\/elfenstuebchen\/product\/puppenbettwaesche\/"},"modified":"2025-04-18T02:53:05","modified_gmt":"2025-04-18T00:53:05","slug":"puppenbettwaesche","status":"publish","type":"product","link":"https:\/\/www.regionalis.shop\/elfenstuebchen\/shop\/puppenbettwaesche\/","title":{"rendered":"Puppenbettw\u00e4sche"},"content":{"rendered":"<p>Diese Puppenbettw\u00e4sche ist aus 100 % Baumwolle gen\u00e4ht und bei 40 C waschbar.<br \/>\nDie bunten Schildkr\u00f6ten sind ein froher Farbenklecks f\u00fcrs Puppenbett und f\u00fcr eine Puppengr\u00f6\u00dfe bis ca. 50 cm verwendbar.<br \/>\nGr\u00f6\u00dfe 35 x 45 cm und 15 x 24 cm.<br \/>\nAufpreis f\u00fcr F\u00fcllung:  \u20ac  4,00<\/p>\n","protected":false},"excerpt":{"rendered":"<p>Diese Puppenbettw\u00e4sche ist aus 100 % Baumwolle gen\u00e4ht und bei 40 C waschbar. Die bunten Schildkr\u00f6ten sind ein froher Farbenklecks f\u00fcrs Puppenbett und f\u00fcr eine Puppengr\u00f6\u00dfe bis ca. 50 cm verwendbar. Gr\u00f6\u00dfe 35 x 45 cm und 15 x 24 cm. Aufpreis f\u00fcr F\u00fcllung: \u20ac 4,00<\/p>\n","protected":false},"featured_media":1081,"template":"","meta":{"_acf_changed":false},"product_brand":[],"product_cat":[38,50],"product_tag":[],"class_list":{"0":"post-1080","1":"product","2":"type-product","3":"status-publish","4":"has-post-thumbnail","6":"product_cat-baby-kinder","7":"product_cat-kinderzimmer","9":"first","10":"instock","11":"purchasable","12":"product-type-simple"},"acf":[],"_links":{"self":[{"href":"https:\/\/www.regionalis.shop\/elfenstuebchen\/wp-json\/wp\/v2\/product\/1080","targetHints":{"allow":["GET"]}}],"collection":[{"href":"https:\/\/www.regionalis.shop\/elfenstuebchen\/wp-json\/wp\/v2\/product"}],"about":[{"href":"https:\/\/www.regionalis.shop\/elfenstuebchen\/wp-json\/wp\/v2\/types\/product"}],"wp:featuredmedia":[{"embeddable":true,"href":"https:\/\/www.regionalis.shop\/elfenstuebchen\/wp-json\/wp\/v2\/media\/1081"}],"wp:attachment":[{"href":"https:\/\/www.regionalis.shop\/elfenstuebchen\/wp-json\/wp\/v2\/media?parent=1080"}],"wp:term":[{"taxonomy":"product_brand","embeddable":true,"href":"https:\/\/www.regionalis.shop\/elfenstuebchen\/wp-json\/wp\/v2\/product_brand?post=1080"},{"taxonomy":"product_cat","embeddable":true,"href":"https:\/\/www.regionalis.shop\/elfenstuebchen\/wp-json\/wp\/v2\/product_cat?post=1080"},{"taxonomy":"product_tag","embeddable":true,"href":"https:\/\/www.regionalis.shop\/elfenstuebchen\/wp-json\/wp\/v2\/product_tag?post=1080"}],"curies":[{"name":"wp","href":"https:\/\/api.w.org\/{rel}","templated":true}]}}