{"id":1087,"date":"2025-04-18T02:04:04","date_gmt":"2025-04-18T00:04:04","guid":{"rendered":"https:\/\/www.regionalis.shop\/elfenstuebchen\/product\/lavendelpolsterl\/"},"modified":"2025-04-18T02:04:04","modified_gmt":"2025-04-18T00:04:04","slug":"lavendelpolsterl","status":"publish","type":"product","link":"https:\/\/www.regionalis.shop\/elfenstuebchen\/shop\/lavendelpolsterl\/","title":{"rendered":"Lavendelpolsterl"},"content":{"rendered":"<p>Gr\u00f6\u00dfe: 10 x 7 cm<br \/>\nDieses kleine Polster aus Organza ist mit duftendem Lavendel gef\u00fcllt.<br \/>\nZur Verzierung habe ich eine Spitze draufgen\u00e4ht.<br \/>\nDas Polsterl kann als Dekoration verwendet werden, sie k\u00f6nnen es aber auch in den W\u00e4scheschrank oder Schuhschrank geben und haben immer einen guten Duft.<\/p>\n","protected":false},"excerpt":{"rendered":"<p>Gr\u00f6\u00dfe: 10 x 7 cm Dieses kleine Polster aus Organza ist mit duftendem Lavendel gef\u00fcllt. Zur Verzierung habe ich eine Spitze draufgen\u00e4ht. Das Polsterl kann als Dekoration verwendet werden, sie k\u00f6nnen es aber auch in den W\u00e4scheschrank oder Schuhschrank geben und haben immer einen guten Duft.<\/p>\n","protected":false},"featured_media":1088,"template":"","meta":{"_acf_changed":false},"product_brand":[],"product_cat":[174,103],"product_tag":[],"class_list":{"0":"post-1087","1":"product","2":"type-product","3":"status-publish","4":"has-post-thumbnail","6":"product_cat-wohndekoration","7":"product_cat-wohnen-deko","9":"first","10":"instock","11":"purchasable","12":"product-type-simple"},"acf":[],"_links":{"self":[{"href":"https:\/\/www.regionalis.shop\/elfenstuebchen\/wp-json\/wp\/v2\/product\/1087","targetHints":{"allow":["GET"]}}],"collection":[{"href":"https:\/\/www.regionalis.shop\/elfenstuebchen\/wp-json\/wp\/v2\/product"}],"about":[{"href":"https:\/\/www.regionalis.shop\/elfenstuebchen\/wp-json\/wp\/v2\/types\/product"}],"wp:featuredmedia":[{"embeddable":true,"href":"https:\/\/www.regionalis.shop\/elfenstuebchen\/wp-json\/wp\/v2\/media\/1088"}],"wp:attachment":[{"href":"https:\/\/www.regionalis.shop\/elfenstuebchen\/wp-json\/wp\/v2\/media?parent=1087"}],"wp:term":[{"taxonomy":"product_brand","embeddable":true,"href":"https:\/\/www.regionalis.shop\/elfenstuebchen\/wp-json\/wp\/v2\/product_brand?post=1087"},{"taxonomy":"product_cat","embeddable":true,"href":"https:\/\/www.regionalis.shop\/elfenstuebchen\/wp-json\/wp\/v2\/product_cat?post=1087"},{"taxonomy":"product_tag","embeddable":true,"href":"https:\/\/www.regionalis.shop\/elfenstuebchen\/wp-json\/wp\/v2\/product_tag?post=1087"}],"curies":[{"name":"wp","href":"https:\/\/api.w.org\/{rel}","templated":true}]}}