{"id":1097,"date":"2025-04-18T01:50:06","date_gmt":"2025-04-17T23:50:06","guid":{"rendered":"https:\/\/www.regionalis.shop\/elfenstuebchen\/product\/kirschkernkissen-2\/"},"modified":"2025-04-18T01:50:06","modified_gmt":"2025-04-17T23:50:06","slug":"kirschkernkissen-2","status":"publish","type":"product","link":"https:\/\/www.regionalis.shop\/elfenstuebchen\/shop\/kirschkernkissen-2\/","title":{"rendered":"Kirschkernkissen"},"content":{"rendered":"<p>Gr\u00f6\u00dfe:  17 x 35 cm<br \/>\nDieses Kirschkernkissen hat die gleiche Wirkung wie eine W\u00e4rmflasche, die Kerne speichern die W\u00e4rme und gibt diese gleichm\u00e4\u00dfig wieder ab.<br \/>\nIm Backrohr bei ca. 100 \u00b0C ca. 10-15 Min. erw\u00e4rmen und leicht durchsch\u00fctteln damit sich diese gut verteilt.<br \/>\nDas Innenkissen ist in 4 Kammern unterteilt, damit sich die Kerne besser anpassen k\u00f6nnen. (Verspannung im Nacken z. B.)<\/p>\n<p>Bezug:  100 % Baumwolle \u00d6ko-Tex 100<br \/>\nInlett:    100 % Baumwolle<br \/>\nF\u00fcllung: Kirschkerne<br \/>\nBezug waschbar bei 30 \u00b0 C<\/p>\n","protected":false},"excerpt":{"rendered":"<p>Gr\u00f6\u00dfe: 17 x 35 cm Dieses Kirschkernkissen hat die gleiche Wirkung wie eine W\u00e4rmflasche, die Kerne speichern die W\u00e4rme und gibt diese gleichm\u00e4\u00dfig wieder ab. Im Backrohr bei ca. 100 \u00b0C ca. 10-15 Min. erw\u00e4rmen und leicht durchsch\u00fctteln damit sich diese gut verteilt. Das Innenkissen ist in 4 Kammern unterteilt, damit sich die Kerne besser &hellip; <a href=\"https:\/\/www.regionalis.shop\/elfenstuebchen\/shop\/kirschkernkissen-2\/\">Continued<\/a><\/p>\n","protected":false},"featured_media":1098,"template":"","meta":{"_acf_changed":false},"product_brand":[],"product_cat":[107,38],"product_tag":[],"class_list":{"0":"post-1097","1":"product","2":"type-product","3":"status-publish","4":"has-post-thumbnail","6":"product_cat-accessoires-baby-kinder","7":"product_cat-baby-kinder","9":"first","10":"instock","11":"purchasable","12":"product-type-simple"},"acf":[],"_links":{"self":[{"href":"https:\/\/www.regionalis.shop\/elfenstuebchen\/wp-json\/wp\/v2\/product\/1097","targetHints":{"allow":["GET"]}}],"collection":[{"href":"https:\/\/www.regionalis.shop\/elfenstuebchen\/wp-json\/wp\/v2\/product"}],"about":[{"href":"https:\/\/www.regionalis.shop\/elfenstuebchen\/wp-json\/wp\/v2\/types\/product"}],"wp:featuredmedia":[{"embeddable":true,"href":"https:\/\/www.regionalis.shop\/elfenstuebchen\/wp-json\/wp\/v2\/media\/1098"}],"wp:attachment":[{"href":"https:\/\/www.regionalis.shop\/elfenstuebchen\/wp-json\/wp\/v2\/media?parent=1097"}],"wp:term":[{"taxonomy":"product_brand","embeddable":true,"href":"https:\/\/www.regionalis.shop\/elfenstuebchen\/wp-json\/wp\/v2\/product_brand?post=1097"},{"taxonomy":"product_cat","embeddable":true,"href":"https:\/\/www.regionalis.shop\/elfenstuebchen\/wp-json\/wp\/v2\/product_cat?post=1097"},{"taxonomy":"product_tag","embeddable":true,"href":"https:\/\/www.regionalis.shop\/elfenstuebchen\/wp-json\/wp\/v2\/product_tag?post=1097"}],"curies":[{"name":"wp","href":"https:\/\/api.w.org\/{rel}","templated":true}]}}