{"id":1100,"date":"2025-04-18T01:50:06","date_gmt":"2025-04-17T23:50:06","guid":{"rendered":"https:\/\/www.regionalis.shop\/elfenstuebchen\/product\/stillkissen\/"},"modified":"2025-04-18T01:50:06","modified_gmt":"2025-04-17T23:50:06","slug":"stillkissen","status":"publish","type":"product","link":"https:\/\/www.regionalis.shop\/elfenstuebchen\/shop\/stillkissen\/","title":{"rendered":"Stillkissen"},"content":{"rendered":"<p>Gr\u00f6\u00dfe:  130 x 25 cm<br \/>\nDieses Stillkissen ist mit Hirseschalen aus biologischem Anbau gef\u00fcllt.<br \/>\nEs schmiegt sich gut an und kann auch vorher schon als Lagerungskissen verwendet werden.<br \/>\nDer Bezug ist aus 100 % biologischer Baumwolle (Gots zert.) und auch das Inlett ist aus Baumwolle von der Fa. Hefel.<br \/>\nDas Stillkissen wird mit einem Band zusammengezogen und der Bezug ist bei 40 \u00b0 C waschbar.<\/p>\n","protected":false},"excerpt":{"rendered":"<p>Gr\u00f6\u00dfe: 130 x 25 cm Dieses Stillkissen ist mit Hirseschalen aus biologischem Anbau gef\u00fcllt. Es schmiegt sich gut an und kann auch vorher schon als Lagerungskissen verwendet werden. Der Bezug ist aus 100 % biologischer Baumwolle (Gots zert.) und auch das Inlett ist aus Baumwolle von der Fa. Hefel. Das Stillkissen wird mit einem Band &hellip; <a href=\"https:\/\/www.regionalis.shop\/elfenstuebchen\/shop\/stillkissen\/\">Continued<\/a><\/p>\n","protected":false},"featured_media":1101,"template":"","meta":{"_acf_changed":false},"product_brand":[],"product_cat":[38,80],"product_tag":[],"class_list":{"0":"post-1100","1":"product","2":"type-product","3":"status-publish","4":"has-post-thumbnail","6":"product_cat-baby-kinder","7":"product_cat-sonstiges-baby-kinder","9":"first","10":"instock","11":"purchasable","12":"product-type-simple"},"acf":[],"_links":{"self":[{"href":"https:\/\/www.regionalis.shop\/elfenstuebchen\/wp-json\/wp\/v2\/product\/1100","targetHints":{"allow":["GET"]}}],"collection":[{"href":"https:\/\/www.regionalis.shop\/elfenstuebchen\/wp-json\/wp\/v2\/product"}],"about":[{"href":"https:\/\/www.regionalis.shop\/elfenstuebchen\/wp-json\/wp\/v2\/types\/product"}],"wp:featuredmedia":[{"embeddable":true,"href":"https:\/\/www.regionalis.shop\/elfenstuebchen\/wp-json\/wp\/v2\/media\/1101"}],"wp:attachment":[{"href":"https:\/\/www.regionalis.shop\/elfenstuebchen\/wp-json\/wp\/v2\/media?parent=1100"}],"wp:term":[{"taxonomy":"product_brand","embeddable":true,"href":"https:\/\/www.regionalis.shop\/elfenstuebchen\/wp-json\/wp\/v2\/product_brand?post=1100"},{"taxonomy":"product_cat","embeddable":true,"href":"https:\/\/www.regionalis.shop\/elfenstuebchen\/wp-json\/wp\/v2\/product_cat?post=1100"},{"taxonomy":"product_tag","embeddable":true,"href":"https:\/\/www.regionalis.shop\/elfenstuebchen\/wp-json\/wp\/v2\/product_tag?post=1100"}],"curies":[{"name":"wp","href":"https:\/\/api.w.org\/{rel}","templated":true}]}}