{"id":1103,"date":"2025-04-18T01:40:45","date_gmt":"2025-04-17T23:40:45","guid":{"rendered":"https:\/\/www.regionalis.shop\/elfenstuebchen\/product\/zirbenkissen-rosa\/"},"modified":"2025-04-18T01:40:45","modified_gmt":"2025-04-17T23:40:45","slug":"zirbenkissen-rosa","status":"publish","type":"product","link":"https:\/\/www.regionalis.shop\/elfenstuebchen\/shop\/zirbenkissen-rosa\/","title":{"rendered":"Zirbenkissen rosa"},"content":{"rendered":"<p>Gr\u00f6\u00dfe: 24 x 24 cm<br \/>\nDieses Kissen ist mit Zirbensp\u00e4nen gef\u00fcllt. Zur Beruhigung neben das Kopfkissen oder auf das Kopfkissen legen. Es kann sich postiv auf den Organismus auswirken und Ihnen einen erholsamen Schlaf schenken, da Zirbe ja die Herzfrequenz reduziert.<br \/>\nDer Bezug ist mit dem Symbol &#8222;Blume des Lebens&#8220; bedruckt, welches f\u00fcr Einigkeit von K\u00f6rper, Seele und Geist steht.<br \/>\nKissen leicht aufsch\u00fctteln und \u00f6fters in die Sonne legen.<br \/>\nBezug: 100 % Baumwolle<br \/>\nInlett:  100 % Baumwolle<br \/>\nF\u00fcllung: Zirbensp\u00e4ne<br \/>\nDer Bezug hat einen Klettverschlu\u00df und ist bei 30 \u00b0 C waschbar.<\/p>\n","protected":false},"excerpt":{"rendered":"<p>Gr\u00f6\u00dfe: 24 x 24 cm Dieses Kissen ist mit Zirbensp\u00e4nen gef\u00fcllt. Zur Beruhigung neben das Kopfkissen oder auf das Kopfkissen legen. Es kann sich postiv auf den Organismus auswirken und Ihnen einen erholsamen Schlaf schenken, da Zirbe ja die Herzfrequenz reduziert. Der Bezug ist mit dem Symbol &#8222;Blume des Lebens&#8220; bedruckt, welches f\u00fcr Einigkeit von &hellip; <a href=\"https:\/\/www.regionalis.shop\/elfenstuebchen\/shop\/zirbenkissen-rosa\/\">Continued<\/a><\/p>\n","protected":false},"featured_media":1104,"template":"","meta":{"_acf_changed":false},"product_brand":[],"product_cat":[103,104],"product_tag":[],"class_list":{"0":"post-1103","1":"product","2":"type-product","3":"status-publish","4":"has-post-thumbnail","6":"product_cat-wohnen-deko","7":"product_cat-wohntextilien","9":"first","10":"instock","11":"purchasable","12":"product-type-simple"},"acf":[],"_links":{"self":[{"href":"https:\/\/www.regionalis.shop\/elfenstuebchen\/wp-json\/wp\/v2\/product\/1103","targetHints":{"allow":["GET"]}}],"collection":[{"href":"https:\/\/www.regionalis.shop\/elfenstuebchen\/wp-json\/wp\/v2\/product"}],"about":[{"href":"https:\/\/www.regionalis.shop\/elfenstuebchen\/wp-json\/wp\/v2\/types\/product"}],"wp:featuredmedia":[{"embeddable":true,"href":"https:\/\/www.regionalis.shop\/elfenstuebchen\/wp-json\/wp\/v2\/media\/1104"}],"wp:attachment":[{"href":"https:\/\/www.regionalis.shop\/elfenstuebchen\/wp-json\/wp\/v2\/media?parent=1103"}],"wp:term":[{"taxonomy":"product_brand","embeddable":true,"href":"https:\/\/www.regionalis.shop\/elfenstuebchen\/wp-json\/wp\/v2\/product_brand?post=1103"},{"taxonomy":"product_cat","embeddable":true,"href":"https:\/\/www.regionalis.shop\/elfenstuebchen\/wp-json\/wp\/v2\/product_cat?post=1103"},{"taxonomy":"product_tag","embeddable":true,"href":"https:\/\/www.regionalis.shop\/elfenstuebchen\/wp-json\/wp\/v2\/product_tag?post=1103"}],"curies":[{"name":"wp","href":"https:\/\/api.w.org\/{rel}","templated":true}]}}