{"id":1110,"date":"2025-04-18T01:40:10","date_gmt":"2025-04-17T23:40:10","guid":{"rendered":"https:\/\/www.regionalis.shop\/elfenstuebchen\/product\/kirschkernkissen-musselin\/"},"modified":"2025-04-18T01:40:10","modified_gmt":"2025-04-17T23:40:10","slug":"kirschkernkissen-musselin","status":"publish","type":"product","link":"https:\/\/www.regionalis.shop\/elfenstuebchen\/shop\/kirschkernkissen-musselin\/","title":{"rendered":"Kirschkernkissen Musselin"},"content":{"rendered":"<p>Gr\u00f6\u00dfe: 22 cm x 16 cm<br \/>\nKirschkernkissen habe die gleiche Wirkung wie eine W\u00e4rmflasche, geben die W\u00e4rme gleichm\u00e4\u00dfig ab es gibt aber kein Auslaufen des Wassers.<br \/>\nIm Backrohr bei ca. 100\u00b0C 10-15 Min. erw\u00e4rmen und auf die schmerzende Stelle auflegen. (Bauchschmerzen, Regelschmerzen usw.)<br \/>\nAuch als K\u00e4ltekompresse z. B. bei Verstauchungen (Gefrierschrank) zu verwenden.<br \/>\nBezug: 100 % Baumwolle<br \/>\nInlett: 100 % Baumwolle<br \/>\nF\u00fcllung: Kirschkerne<br \/>\nBezug hat einen Hotelverschluss und ist bei 30 \u00b0C waschbar.<\/p>\n","protected":false},"excerpt":{"rendered":"<p>Gr\u00f6\u00dfe: 22 cm x 16 cm Kirschkernkissen habe die gleiche Wirkung wie eine W\u00e4rmflasche, geben die W\u00e4rme gleichm\u00e4\u00dfig ab es gibt aber kein Auslaufen des Wassers. Im Backrohr bei ca. 100\u00b0C 10-15 Min. erw\u00e4rmen und auf die schmerzende Stelle auflegen. (Bauchschmerzen, Regelschmerzen usw.) Auch als K\u00e4ltekompresse z. B. bei Verstauchungen (Gefrierschrank) zu verwenden. Bezug: 100 &hellip; <a href=\"https:\/\/www.regionalis.shop\/elfenstuebchen\/shop\/kirschkernkissen-musselin\/\">Continued<\/a><\/p>\n","protected":false},"featured_media":1111,"template":"","meta":{"_acf_changed":false},"product_brand":[],"product_cat":[107,38],"product_tag":[],"class_list":{"0":"post-1110","1":"product","2":"type-product","3":"status-publish","4":"has-post-thumbnail","6":"product_cat-accessoires-baby-kinder","7":"product_cat-baby-kinder","9":"first","10":"instock","11":"purchasable","12":"product-type-simple"},"acf":[],"_links":{"self":[{"href":"https:\/\/www.regionalis.shop\/elfenstuebchen\/wp-json\/wp\/v2\/product\/1110","targetHints":{"allow":["GET"]}}],"collection":[{"href":"https:\/\/www.regionalis.shop\/elfenstuebchen\/wp-json\/wp\/v2\/product"}],"about":[{"href":"https:\/\/www.regionalis.shop\/elfenstuebchen\/wp-json\/wp\/v2\/types\/product"}],"wp:featuredmedia":[{"embeddable":true,"href":"https:\/\/www.regionalis.shop\/elfenstuebchen\/wp-json\/wp\/v2\/media\/1111"}],"wp:attachment":[{"href":"https:\/\/www.regionalis.shop\/elfenstuebchen\/wp-json\/wp\/v2\/media?parent=1110"}],"wp:term":[{"taxonomy":"product_brand","embeddable":true,"href":"https:\/\/www.regionalis.shop\/elfenstuebchen\/wp-json\/wp\/v2\/product_brand?post=1110"},{"taxonomy":"product_cat","embeddable":true,"href":"https:\/\/www.regionalis.shop\/elfenstuebchen\/wp-json\/wp\/v2\/product_cat?post=1110"},{"taxonomy":"product_tag","embeddable":true,"href":"https:\/\/www.regionalis.shop\/elfenstuebchen\/wp-json\/wp\/v2\/product_tag?post=1110"}],"curies":[{"name":"wp","href":"https:\/\/api.w.org\/{rel}","templated":true}]}}