{"id":1112,"date":"2025-04-18T01:40:10","date_gmt":"2025-04-17T23:40:10","guid":{"rendered":"https:\/\/www.regionalis.shop\/elfenstuebchen\/product\/kirschkernkissen\/"},"modified":"2025-04-18T01:40:10","modified_gmt":"2025-04-17T23:40:10","slug":"kirschkernkissen","status":"publish","type":"product","link":"https:\/\/www.regionalis.shop\/elfenstuebchen\/shop\/kirschkernkissen\/","title":{"rendered":"Kirschkernkissen"},"content":{"rendered":"<p>Gr\u00f6\u00dfe: 20 x 15 cm<br \/>\nKirschkernkissen haben die Wirkung einer W\u00e4rmflasche und geben die W\u00e4rme gleichm\u00e4\u00dfig ab, es gibt aber kein Auslaufen des Wassers.<br \/>\nSie helfen bei Bauschmerzen, Regelschmerzen uswm und k\u00f6nnen erw\u00e4rmt auf die schmerzende Stelle aufgelegt werden.<br \/>\nIm Backrohr bei 100 \u00b0 C ca. 10 &#8211; 15 Min, erw\u00e4rmen, Gut durchkneten, damit sich die W\u00e4rme gleichm\u00e4\u00dfig verteilt.<br \/>\nAuch als K\u00e4ltekompresse ( Gefriertruhe ) z. B. bei Prellungen zu verwenden.<br \/>\nBezug: 100 % Baumwolle 2 f\u00e4rbig<br \/>\nF\u00fcllung: Kirschkerne<br \/>\nBezug hat einen Klettverschluss und ist bei 30 \u00b0 C waschbar.<br \/>\nAufpreis f\u00fcr Inlett:  \u20ac  1,00<\/p>\n","protected":false},"excerpt":{"rendered":"<p>Gr\u00f6\u00dfe: 20 x 15 cm Kirschkernkissen haben die Wirkung einer W\u00e4rmflasche und geben die W\u00e4rme gleichm\u00e4\u00dfig ab, es gibt aber kein Auslaufen des Wassers. Sie helfen bei Bauschmerzen, Regelschmerzen uswm und k\u00f6nnen erw\u00e4rmt auf die schmerzende Stelle aufgelegt werden. Im Backrohr bei 100 \u00b0 C ca. 10 &#8211; 15 Min, erw\u00e4rmen, Gut durchkneten, damit sich &hellip; <a href=\"https:\/\/www.regionalis.shop\/elfenstuebchen\/shop\/kirschkernkissen\/\">Continued<\/a><\/p>\n","protected":false},"featured_media":1113,"template":"","meta":{"_acf_changed":false},"product_brand":[],"product_cat":[107,38],"product_tag":[],"class_list":{"0":"post-1112","1":"product","2":"type-product","3":"status-publish","4":"has-post-thumbnail","6":"product_cat-accessoires-baby-kinder","7":"product_cat-baby-kinder","9":"first","10":"instock","11":"purchasable","12":"product-type-simple"},"acf":[],"_links":{"self":[{"href":"https:\/\/www.regionalis.shop\/elfenstuebchen\/wp-json\/wp\/v2\/product\/1112","targetHints":{"allow":["GET"]}}],"collection":[{"href":"https:\/\/www.regionalis.shop\/elfenstuebchen\/wp-json\/wp\/v2\/product"}],"about":[{"href":"https:\/\/www.regionalis.shop\/elfenstuebchen\/wp-json\/wp\/v2\/types\/product"}],"wp:featuredmedia":[{"embeddable":true,"href":"https:\/\/www.regionalis.shop\/elfenstuebchen\/wp-json\/wp\/v2\/media\/1113"}],"wp:attachment":[{"href":"https:\/\/www.regionalis.shop\/elfenstuebchen\/wp-json\/wp\/v2\/media?parent=1112"}],"wp:term":[{"taxonomy":"product_brand","embeddable":true,"href":"https:\/\/www.regionalis.shop\/elfenstuebchen\/wp-json\/wp\/v2\/product_brand?post=1112"},{"taxonomy":"product_cat","embeddable":true,"href":"https:\/\/www.regionalis.shop\/elfenstuebchen\/wp-json\/wp\/v2\/product_cat?post=1112"},{"taxonomy":"product_tag","embeddable":true,"href":"https:\/\/www.regionalis.shop\/elfenstuebchen\/wp-json\/wp\/v2\/product_tag?post=1112"}],"curies":[{"name":"wp","href":"https:\/\/api.w.org\/{rel}","templated":true}]}}