{"id":1120,"date":"2025-04-18T01:40:10","date_gmt":"2025-04-17T23:40:10","guid":{"rendered":"https:\/\/www.regionalis.shop\/elfenstuebchen\/product\/babyhoernchen\/"},"modified":"2025-04-18T01:40:10","modified_gmt":"2025-04-17T23:40:10","slug":"babyhoernchen","status":"publish","type":"product","link":"https:\/\/www.regionalis.shop\/elfenstuebchen\/shop\/babyhoernchen\/","title":{"rendered":"Babyh\u00f6rnchen"},"content":{"rendered":"<p>Gr\u00f6\u00dfe: 76 cm x 16 cm<br \/>\nDiese H\u00f6rnchen eignen sich sehr gut f\u00fcrs Gitterbett, Kinderwagen oder auch Maxi Cosy. Durch die Rieself\u00e4higkeit der Hirseschalen schmiegt es sich besonder gut an und die Babys f\u00fchlen sich geborgen.<br \/>\nKleinkinder verwenden es oft auch als Schmusekissen.<br \/>\nBezug: 100 % Biobaumwolle<br \/>\nInlett: 100 % Baumwolle<br \/>\nF\u00fcllung: biol. Hirseschalen<br \/>\nBezug hat einen Rei\u00dfverschluss und ist bei 30 \u00b0 C waschbar.<\/p>\n","protected":false},"excerpt":{"rendered":"<p>Gr\u00f6\u00dfe: 76 cm x 16 cm Diese H\u00f6rnchen eignen sich sehr gut f\u00fcrs Gitterbett, Kinderwagen oder auch Maxi Cosy. Durch die Rieself\u00e4higkeit der Hirseschalen schmiegt es sich besonder gut an und die Babys f\u00fchlen sich geborgen. Kleinkinder verwenden es oft auch als Schmusekissen. Bezug: 100 % Biobaumwolle Inlett: 100 % Baumwolle F\u00fcllung: biol. Hirseschalen Bezug &hellip; <a href=\"https:\/\/www.regionalis.shop\/elfenstuebchen\/shop\/babyhoernchen\/\">Continued<\/a><\/p>\n","protected":false},"featured_media":1121,"template":"","meta":{"_acf_changed":false},"product_brand":[],"product_cat":[38,50],"product_tag":[],"class_list":{"0":"post-1120","1":"product","2":"type-product","3":"status-publish","4":"has-post-thumbnail","6":"product_cat-baby-kinder","7":"product_cat-kinderzimmer","9":"first","10":"instock","11":"purchasable","12":"product-type-simple"},"acf":[],"_links":{"self":[{"href":"https:\/\/www.regionalis.shop\/elfenstuebchen\/wp-json\/wp\/v2\/product\/1120","targetHints":{"allow":["GET"]}}],"collection":[{"href":"https:\/\/www.regionalis.shop\/elfenstuebchen\/wp-json\/wp\/v2\/product"}],"about":[{"href":"https:\/\/www.regionalis.shop\/elfenstuebchen\/wp-json\/wp\/v2\/types\/product"}],"wp:featuredmedia":[{"embeddable":true,"href":"https:\/\/www.regionalis.shop\/elfenstuebchen\/wp-json\/wp\/v2\/media\/1121"}],"wp:attachment":[{"href":"https:\/\/www.regionalis.shop\/elfenstuebchen\/wp-json\/wp\/v2\/media?parent=1120"}],"wp:term":[{"taxonomy":"product_brand","embeddable":true,"href":"https:\/\/www.regionalis.shop\/elfenstuebchen\/wp-json\/wp\/v2\/product_brand?post=1120"},{"taxonomy":"product_cat","embeddable":true,"href":"https:\/\/www.regionalis.shop\/elfenstuebchen\/wp-json\/wp\/v2\/product_cat?post=1120"},{"taxonomy":"product_tag","embeddable":true,"href":"https:\/\/www.regionalis.shop\/elfenstuebchen\/wp-json\/wp\/v2\/product_tag?post=1120"}],"curies":[{"name":"wp","href":"https:\/\/api.w.org\/{rel}","templated":true}]}}