{"id":1128,"date":"2025-04-18T01:40:10","date_gmt":"2025-04-17T23:40:10","guid":{"rendered":"https:\/\/www.regionalis.shop\/elfenstuebchen\/product\/bauch-bzw-brustwickel\/"},"modified":"2025-04-18T01:40:10","modified_gmt":"2025-04-17T23:40:10","slug":"bauch-bzw-brustwickel","status":"publish","type":"product","link":"https:\/\/www.regionalis.shop\/elfenstuebchen\/shop\/bauch-bzw-brustwickel\/","title":{"rendered":"Bauch bzw. Brustwickel"},"content":{"rendered":"<p>Gr\u00f6\u00dfe: 72 cm x 15 cm<br \/>\nDieser Bauch oder Brustwickel ist besonders f\u00fcr Babys oder Kleinkinder geeignet. Man kann in diesen Wickel Heilwolle, Traubenkerne usw. geben und es gibt kein Verrutschen, da er mit dem Klettverschluss beliebig verstellbar ist.<br \/>\nEr ist aus biologischer Baumwolle und Baumwollpl\u00fcsch gefertigt und bei<br \/>\n30 \u00b0C waschbar.<\/p>\n","protected":false},"excerpt":{"rendered":"<p>Gr\u00f6\u00dfe: 72 cm x 15 cm Dieser Bauch oder Brustwickel ist besonders f\u00fcr Babys oder Kleinkinder geeignet. Man kann in diesen Wickel Heilwolle, Traubenkerne usw. geben und es gibt kein Verrutschen, da er mit dem Klettverschluss beliebig verstellbar ist. Er ist aus biologischer Baumwolle und Baumwollpl\u00fcsch gefertigt und bei 30 \u00b0C waschbar.<\/p>\n","protected":false},"featured_media":1129,"template":"","meta":{"_acf_changed":false},"product_brand":[],"product_cat":[38,98],"product_tag":[],"class_list":{"0":"post-1128","1":"product","2":"type-product","3":"status-publish","4":"has-post-thumbnail","6":"product_cat-baby-kinder","7":"product_cat-textilien","9":"first","10":"instock","11":"purchasable","12":"product-type-simple"},"acf":[],"_links":{"self":[{"href":"https:\/\/www.regionalis.shop\/elfenstuebchen\/wp-json\/wp\/v2\/product\/1128","targetHints":{"allow":["GET"]}}],"collection":[{"href":"https:\/\/www.regionalis.shop\/elfenstuebchen\/wp-json\/wp\/v2\/product"}],"about":[{"href":"https:\/\/www.regionalis.shop\/elfenstuebchen\/wp-json\/wp\/v2\/types\/product"}],"wp:featuredmedia":[{"embeddable":true,"href":"https:\/\/www.regionalis.shop\/elfenstuebchen\/wp-json\/wp\/v2\/media\/1129"}],"wp:attachment":[{"href":"https:\/\/www.regionalis.shop\/elfenstuebchen\/wp-json\/wp\/v2\/media?parent=1128"}],"wp:term":[{"taxonomy":"product_brand","embeddable":true,"href":"https:\/\/www.regionalis.shop\/elfenstuebchen\/wp-json\/wp\/v2\/product_brand?post=1128"},{"taxonomy":"product_cat","embeddable":true,"href":"https:\/\/www.regionalis.shop\/elfenstuebchen\/wp-json\/wp\/v2\/product_cat?post=1128"},{"taxonomy":"product_tag","embeddable":true,"href":"https:\/\/www.regionalis.shop\/elfenstuebchen\/wp-json\/wp\/v2\/product_tag?post=1128"}],"curies":[{"name":"wp","href":"https:\/\/api.w.org\/{rel}","templated":true}]}}