{"id":1132,"date":"2025-04-18T01:40:10","date_gmt":"2025-04-17T23:40:10","guid":{"rendered":"https:\/\/www.regionalis.shop\/elfenstuebchen\/product\/kissen-mit-schafwolle\/"},"modified":"2025-04-18T01:40:10","modified_gmt":"2025-04-17T23:40:10","slug":"kissen-mit-schafwolle","status":"publish","type":"product","link":"https:\/\/www.regionalis.shop\/elfenstuebchen\/shop\/kissen-mit-schafwolle\/","title":{"rendered":"Kissen mit Schafwolle"},"content":{"rendered":"<p>Gr\u00f6\u00dfe: 42 cm x 22 cm<br \/>\nHallo ich bin ein richtiges Kuschelkissen, da ich mit waschbaren Schafwollk\u00fcgelchen gef\u00fcllt bin.<br \/>\nSchaf- bzw. Heilwolle ist schon seit langer Zeit f\u00fcr entz\u00fcndungshemmende Wirkung bekannt und daher vielseitig verwendbar.<br \/>\nBezug: 100 % Baumwolle<br \/>\nInlett: 100 % Baumwolle<br \/>\nF\u00fcllung: Schafwolle<br \/>\nBezug hat einen Klettverschluss und ist bei 30 \u00b0C waschbar.<br \/>\nVorderseite und R\u00fcckseite gleich.<br \/>\nFreue mich auf einen Platz in deinem Kinderzimmer!<\/p>\n","protected":false},"excerpt":{"rendered":"<p>Gr\u00f6\u00dfe: 42 cm x 22 cm Hallo ich bin ein richtiges Kuschelkissen, da ich mit waschbaren Schafwollk\u00fcgelchen gef\u00fcllt bin. Schaf- bzw. Heilwolle ist schon seit langer Zeit f\u00fcr entz\u00fcndungshemmende Wirkung bekannt und daher vielseitig verwendbar. Bezug: 100 % Baumwolle Inlett: 100 % Baumwolle F\u00fcllung: Schafwolle Bezug hat einen Klettverschluss und ist bei 30 \u00b0C waschbar. &hellip; <a href=\"https:\/\/www.regionalis.shop\/elfenstuebchen\/shop\/kissen-mit-schafwolle\/\">Continued<\/a><\/p>\n","protected":false},"featured_media":1133,"template":"","meta":{"_acf_changed":false},"product_brand":[],"product_cat":[103,104],"product_tag":[],"class_list":{"0":"post-1132","1":"product","2":"type-product","3":"status-publish","4":"has-post-thumbnail","6":"product_cat-wohnen-deko","7":"product_cat-wohntextilien","9":"first","10":"instock","11":"purchasable","12":"product-type-simple"},"acf":[],"_links":{"self":[{"href":"https:\/\/www.regionalis.shop\/elfenstuebchen\/wp-json\/wp\/v2\/product\/1132","targetHints":{"allow":["GET"]}}],"collection":[{"href":"https:\/\/www.regionalis.shop\/elfenstuebchen\/wp-json\/wp\/v2\/product"}],"about":[{"href":"https:\/\/www.regionalis.shop\/elfenstuebchen\/wp-json\/wp\/v2\/types\/product"}],"wp:featuredmedia":[{"embeddable":true,"href":"https:\/\/www.regionalis.shop\/elfenstuebchen\/wp-json\/wp\/v2\/media\/1133"}],"wp:attachment":[{"href":"https:\/\/www.regionalis.shop\/elfenstuebchen\/wp-json\/wp\/v2\/media?parent=1132"}],"wp:term":[{"taxonomy":"product_brand","embeddable":true,"href":"https:\/\/www.regionalis.shop\/elfenstuebchen\/wp-json\/wp\/v2\/product_brand?post=1132"},{"taxonomy":"product_cat","embeddable":true,"href":"https:\/\/www.regionalis.shop\/elfenstuebchen\/wp-json\/wp\/v2\/product_cat?post=1132"},{"taxonomy":"product_tag","embeddable":true,"href":"https:\/\/www.regionalis.shop\/elfenstuebchen\/wp-json\/wp\/v2\/product_tag?post=1132"}],"curies":[{"name":"wp","href":"https:\/\/api.w.org\/{rel}","templated":true}]}}