{"id":1134,"date":"2025-04-18T01:39:10","date_gmt":"2025-04-17T23:39:10","guid":{"rendered":"https:\/\/www.regionalis.shop\/elfenstuebchen\/product\/zirbenkissen-mit-borte\/"},"modified":"2025-04-18T01:39:10","modified_gmt":"2025-04-17T23:39:10","slug":"zirbenkissen-mit-borte","status":"publish","type":"product","link":"https:\/\/www.regionalis.shop\/elfenstuebchen\/shop\/zirbenkissen-mit-borte\/","title":{"rendered":"Zirbenkissen mit Borte"},"content":{"rendered":"<p>Gr\u00f6\u00dfe:  19 x 21 cm<br \/>\nDieses kleine Kissen ist mit Zirbensp\u00e4nen gef\u00fcllt. Zur Beruhigung neben das Kopfkissen oder darauf legen. Es kann sich positiv auf den Organismus auswirken da es die Herzfrequenz reduziert.<br \/>\nKissen leicht aufsch\u00fctteln und \u00f6fters in die Sonne legen.<br \/>\nBezug: Baumwolle \u00f6ko-tex 100<br \/>\nInlett:  100% Baumwolle<br \/>\nF\u00fcllung: Zirbensp\u00e4ne<br \/>\nDer Bezug hat einen Klettverschluss und ist bei  30\u00b0C waschbar.<br \/>\nViel Freude mit dem Kissen!<\/p>\n","protected":false},"excerpt":{"rendered":"<p>Gr\u00f6\u00dfe: 19 x 21 cm Dieses kleine Kissen ist mit Zirbensp\u00e4nen gef\u00fcllt. Zur Beruhigung neben das Kopfkissen oder darauf legen. Es kann sich positiv auf den Organismus auswirken da es die Herzfrequenz reduziert. Kissen leicht aufsch\u00fctteln und \u00f6fters in die Sonne legen. Bezug: Baumwolle \u00f6ko-tex 100 Inlett: 100% Baumwolle F\u00fcllung: Zirbensp\u00e4ne Der Bezug hat einen &hellip; <a href=\"https:\/\/www.regionalis.shop\/elfenstuebchen\/shop\/zirbenkissen-mit-borte\/\">Continued<\/a><\/p>\n","protected":false},"featured_media":1135,"template":"","meta":{"_acf_changed":false},"product_brand":[],"product_cat":[103,104],"product_tag":[],"class_list":{"0":"post-1134","1":"product","2":"type-product","3":"status-publish","4":"has-post-thumbnail","6":"product_cat-wohnen-deko","7":"product_cat-wohntextilien","9":"first","10":"instock","11":"purchasable","12":"product-type-simple"},"acf":[],"_links":{"self":[{"href":"https:\/\/www.regionalis.shop\/elfenstuebchen\/wp-json\/wp\/v2\/product\/1134","targetHints":{"allow":["GET"]}}],"collection":[{"href":"https:\/\/www.regionalis.shop\/elfenstuebchen\/wp-json\/wp\/v2\/product"}],"about":[{"href":"https:\/\/www.regionalis.shop\/elfenstuebchen\/wp-json\/wp\/v2\/types\/product"}],"wp:featuredmedia":[{"embeddable":true,"href":"https:\/\/www.regionalis.shop\/elfenstuebchen\/wp-json\/wp\/v2\/media\/1135"}],"wp:attachment":[{"href":"https:\/\/www.regionalis.shop\/elfenstuebchen\/wp-json\/wp\/v2\/media?parent=1134"}],"wp:term":[{"taxonomy":"product_brand","embeddable":true,"href":"https:\/\/www.regionalis.shop\/elfenstuebchen\/wp-json\/wp\/v2\/product_brand?post=1134"},{"taxonomy":"product_cat","embeddable":true,"href":"https:\/\/www.regionalis.shop\/elfenstuebchen\/wp-json\/wp\/v2\/product_cat?post=1134"},{"taxonomy":"product_tag","embeddable":true,"href":"https:\/\/www.regionalis.shop\/elfenstuebchen\/wp-json\/wp\/v2\/product_tag?post=1134"}],"curies":[{"name":"wp","href":"https:\/\/api.w.org\/{rel}","templated":true}]}}