{"id":3,"date":"2023-10-31T09:02:46","date_gmt":"2023-10-31T09:02:46","guid":{"rendered":"https:\/\/stage.shop-it.at\/?page_id=3"},"modified":"2025-10-23T16:29:26","modified_gmt":"2025-10-23T14:29:26","slug":"datenschutzerklarung","status":"publish","type":"page","link":"https:\/\/www.regionalis.shop\/energie-kraft-essenzen\/datenschutzerklarung\/","title":{"rendered":"Datenschutzerkl\u00e4rung"},"content":{"rendered":"<section>\n            <p>Energie &#038; Kraft Essenzen aus Vorarlbergs Bergen.<br \/>\nVerspr\u00fchen Sie mit unseren Energie &#038; Kraft Sprays die wundervolle,<br \/>\nkr\u00e4ftigende Energie der Alpen in Deinen R\u00e4umen.<\/p>\n<p>Alle Energie &#038; Kraft Essenzen stellen wir in liebevoller Handarbeit aus Pflanzen aus unserem Garten sowie dem Freschen- und Furkagebiet her.<br \/>\nDie Sprays sind mit speziell von uns selbst entwickelten Duft\u00f6lmischungen abgerundet.<\/p>\n<p>Wir holen das Wasser f\u00fcr unsere Sprays direkt von einer Quelle auf 1.500 m<br \/>\nStellen alles Essenzen selbst her, selbst die Abf\u00fcllung machen wir selbst.<\/p>\n<p>Das einzigartige unserer Essenzen ist das die daf\u00fcr verwendeten Pflanzen nicht gepfl\u00fcckt werden sondern an ihrem angestammten Platz weiter wachsen k\u00f6nnen.<\/p>\n\n    <\/section>","protected":false},"excerpt":{"rendered":"","protected":false},"author":1,"featured_media":0,"parent":0,"menu_order":0,"comment_status":"closed","ping_status":"closed","template":"","meta":{"_acf_changed":false,"footnotes":""},"class_list":["post-3","page","type-page","status-publish","hentry"],"acf":[],"_links":{"self":[{"href":"https:\/\/www.regionalis.shop\/energie-kraft-essenzen\/wp-json\/wp\/v2\/pages\/3","targetHints":{"allow":["GET"]}}],"collection":[{"href":"https:\/\/www.regionalis.shop\/energie-kraft-essenzen\/wp-json\/wp\/v2\/pages"}],"about":[{"href":"https:\/\/www.regionalis.shop\/energie-kraft-essenzen\/wp-json\/wp\/v2\/types\/page"}],"author":[{"embeddable":true,"href":"https:\/\/www.regionalis.shop\/energie-kraft-essenzen\/wp-json\/wp\/v2\/users\/1"}],"replies":[{"embeddable":true,"href":"https:\/\/www.regionalis.shop\/energie-kraft-essenzen\/wp-json\/wp\/v2\/comments?post=3"}],"version-history":[{"count":4,"href":"https:\/\/www.regionalis.shop\/energie-kraft-essenzen\/wp-json\/wp\/v2\/pages\/3\/revisions"}],"predecessor-version":[{"id":1047,"href":"https:\/\/www.regionalis.shop\/energie-kraft-essenzen\/wp-json\/wp\/v2\/pages\/3\/revisions\/1047"}],"wp:attachment":[{"href":"https:\/\/www.regionalis.shop\/energie-kraft-essenzen\/wp-json\/wp\/v2\/media?parent=3"}],"curies":[{"name":"wp","href":"https:\/\/api.w.org\/{rel}","templated":true}]}}