{"id":1064,"date":"2025-04-28T03:28:22","date_gmt":"2025-04-28T01:28:22","guid":{"rendered":"https:\/\/www.regionalis.shop\/energie-kraft-essenzen\/product\/kinder\/"},"modified":"2025-04-28T03:28:22","modified_gmt":"2025-04-28T01:28:22","slug":"kinder","status":"publish","type":"product","link":"https:\/\/www.regionalis.shop\/energie-kraft-essenzen\/shop\/kinder\/","title":{"rendered":"Kinder"},"content":{"rendered":"<p>Kinder<br \/>\nSicherheit und Geborgenheit, Freude und Leichtigkeit<br \/>\n&#8222;Beh\u00fctet durch die Kindheit&#8220;<br \/>\nEin Spray den Kinder lieben.<br \/>\nMit Essenzen von K\u00e4sepappel und B\u00e4rlauch Bl\u00fcte.<br \/>\nAm Morgen vor dem aus dem Haus gehen in die Schuhe spr\u00fchen, \u00fcber den K\u00f6rper oder am Abend \u00fcbers Bett gespr\u00fcht, .<\/p>\n","protected":false},"excerpt":{"rendered":"<p>Kinder Sicherheit und Geborgenheit, Freude und Leichtigkeit &#8222;Beh\u00fctet durch die Kindheit&#8220; Ein Spray den Kinder lieben. Mit Essenzen von K\u00e4sepappel und B\u00e4rlauch Bl\u00fcte. Am Morgen vor dem aus dem Haus gehen in die Schuhe spr\u00fchen, \u00fcber den K\u00f6rper oder am Abend \u00fcbers Bett gespr\u00fcht, .<\/p>\n","protected":false},"featured_media":1065,"template":"","meta":{"_acf_changed":false},"product_brand":[],"product_cat":[111,41],"product_tag":[],"class_list":{"0":"post-1064","1":"product","2":"type-product","3":"status-publish","4":"has-post-thumbnail","6":"product_cat-aromasprays-duftoele","7":"product_cat-freizeit-lifestyle","9":"first","10":"instock","11":"purchasable","12":"product-type-simple"},"acf":[],"_links":{"self":[{"href":"https:\/\/www.regionalis.shop\/energie-kraft-essenzen\/wp-json\/wp\/v2\/product\/1064","targetHints":{"allow":["GET"]}}],"collection":[{"href":"https:\/\/www.regionalis.shop\/energie-kraft-essenzen\/wp-json\/wp\/v2\/product"}],"about":[{"href":"https:\/\/www.regionalis.shop\/energie-kraft-essenzen\/wp-json\/wp\/v2\/types\/product"}],"wp:featuredmedia":[{"embeddable":true,"href":"https:\/\/www.regionalis.shop\/energie-kraft-essenzen\/wp-json\/wp\/v2\/media\/1065"}],"wp:attachment":[{"href":"https:\/\/www.regionalis.shop\/energie-kraft-essenzen\/wp-json\/wp\/v2\/media?parent=1064"}],"wp:term":[{"taxonomy":"product_brand","embeddable":true,"href":"https:\/\/www.regionalis.shop\/energie-kraft-essenzen\/wp-json\/wp\/v2\/product_brand?post=1064"},{"taxonomy":"product_cat","embeddable":true,"href":"https:\/\/www.regionalis.shop\/energie-kraft-essenzen\/wp-json\/wp\/v2\/product_cat?post=1064"},{"taxonomy":"product_tag","embeddable":true,"href":"https:\/\/www.regionalis.shop\/energie-kraft-essenzen\/wp-json\/wp\/v2\/product_tag?post=1064"}],"curies":[{"name":"wp","href":"https:\/\/api.w.org\/{rel}","templated":true}]}}