{"id":1067,"date":"2025-04-28T03:28:22","date_gmt":"2025-04-28T01:28:22","guid":{"rendered":"https:\/\/www.regionalis.shop\/energie-kraft-essenzen\/product\/seelenlicht\/"},"modified":"2025-04-28T03:28:22","modified_gmt":"2025-04-28T01:28:22","slug":"seelenlicht","status":"publish","type":"product","link":"https:\/\/www.regionalis.shop\/energie-kraft-essenzen\/shop\/seelenlicht\/","title":{"rendered":"Seelenlicht"},"content":{"rendered":"<p>Seelenlicht<br \/>\nLicht f\u00fcr die Seele, Lichtbegleiterin, Licht f\u00fcr dunkle Zeiten,<br \/>\n&#8222;Licht begleitet mich durch die Dunkelheit.&#8220;<br \/>\nEin Essenzen Spray bef\u00fcllt mit Lichtvollen Essenzen von Johanniskraut, Sonnenblume, Trollblume und Ringelblume.<br \/>\nEine Unterst\u00fctzung um wieder ins Leben einkehren zu lassen und Licht zu finden.<\/p>\n","protected":false},"excerpt":{"rendered":"<p>Seelenlicht Licht f\u00fcr die Seele, Lichtbegleiterin, Licht f\u00fcr dunkle Zeiten, &#8222;Licht begleitet mich durch die Dunkelheit.&#8220; Ein Essenzen Spray bef\u00fcllt mit Lichtvollen Essenzen von Johanniskraut, Sonnenblume, Trollblume und Ringelblume. Eine Unterst\u00fctzung um wieder ins Leben einkehren zu lassen und Licht zu finden.<\/p>\n","protected":false},"featured_media":1068,"template":"","meta":{"_acf_changed":false},"product_brand":[],"product_cat":[111,41],"product_tag":[],"class_list":{"0":"post-1067","1":"product","2":"type-product","3":"status-publish","4":"has-post-thumbnail","6":"product_cat-aromasprays-duftoele","7":"product_cat-freizeit-lifestyle","9":"first","10":"instock","11":"purchasable","12":"product-type-simple"},"acf":[],"_links":{"self":[{"href":"https:\/\/www.regionalis.shop\/energie-kraft-essenzen\/wp-json\/wp\/v2\/product\/1067","targetHints":{"allow":["GET"]}}],"collection":[{"href":"https:\/\/www.regionalis.shop\/energie-kraft-essenzen\/wp-json\/wp\/v2\/product"}],"about":[{"href":"https:\/\/www.regionalis.shop\/energie-kraft-essenzen\/wp-json\/wp\/v2\/types\/product"}],"wp:featuredmedia":[{"embeddable":true,"href":"https:\/\/www.regionalis.shop\/energie-kraft-essenzen\/wp-json\/wp\/v2\/media\/1068"}],"wp:attachment":[{"href":"https:\/\/www.regionalis.shop\/energie-kraft-essenzen\/wp-json\/wp\/v2\/media?parent=1067"}],"wp:term":[{"taxonomy":"product_brand","embeddable":true,"href":"https:\/\/www.regionalis.shop\/energie-kraft-essenzen\/wp-json\/wp\/v2\/product_brand?post=1067"},{"taxonomy":"product_cat","embeddable":true,"href":"https:\/\/www.regionalis.shop\/energie-kraft-essenzen\/wp-json\/wp\/v2\/product_cat?post=1067"},{"taxonomy":"product_tag","embeddable":true,"href":"https:\/\/www.regionalis.shop\/energie-kraft-essenzen\/wp-json\/wp\/v2\/product_tag?post=1067"}],"curies":[{"name":"wp","href":"https:\/\/api.w.org\/{rel}","templated":true}]}}