{"id":1076,"date":"2025-04-28T03:28:22","date_gmt":"2025-04-28T01:28:22","guid":{"rendered":"https:\/\/www.regionalis.shop\/energie-kraft-essenzen\/product\/neuanfang\/"},"modified":"2025-04-28T03:28:22","modified_gmt":"2025-04-28T01:28:22","slug":"neuanfang","status":"publish","type":"product","link":"https:\/\/www.regionalis.shop\/energie-kraft-essenzen\/shop\/neuanfang\/","title":{"rendered":"Neuanfang"},"content":{"rendered":"<p>Neuanfang<br \/>\nUnterst\u00fctzung f\u00fcr Neubeginne, Mut f\u00fcr Neues,<br \/>\nnach vorne sehen, neues Wagen.<br \/>\n&#8222;Ich bin mutig und wage Neues.&#8220;<br \/>\nEine Unterst\u00fctzung um den ersten Schritt zu tun, sich ins unbekannte zu wagen.<\/p>\n","protected":false},"excerpt":{"rendered":"<p>Neuanfang Unterst\u00fctzung f\u00fcr Neubeginne, Mut f\u00fcr Neues, nach vorne sehen, neues Wagen. &#8222;Ich bin mutig und wage Neues.&#8220; Eine Unterst\u00fctzung um den ersten Schritt zu tun, sich ins unbekannte zu wagen.<\/p>\n","protected":false},"featured_media":1077,"template":"","meta":{"_acf_changed":false},"product_brand":[],"product_cat":[111,41],"product_tag":[],"class_list":{"0":"post-1076","1":"product","2":"type-product","3":"status-publish","4":"has-post-thumbnail","6":"product_cat-aromasprays-duftoele","7":"product_cat-freizeit-lifestyle","9":"first","10":"instock","11":"purchasable","12":"product-type-simple"},"acf":[],"_links":{"self":[{"href":"https:\/\/www.regionalis.shop\/energie-kraft-essenzen\/wp-json\/wp\/v2\/product\/1076","targetHints":{"allow":["GET"]}}],"collection":[{"href":"https:\/\/www.regionalis.shop\/energie-kraft-essenzen\/wp-json\/wp\/v2\/product"}],"about":[{"href":"https:\/\/www.regionalis.shop\/energie-kraft-essenzen\/wp-json\/wp\/v2\/types\/product"}],"wp:featuredmedia":[{"embeddable":true,"href":"https:\/\/www.regionalis.shop\/energie-kraft-essenzen\/wp-json\/wp\/v2\/media\/1077"}],"wp:attachment":[{"href":"https:\/\/www.regionalis.shop\/energie-kraft-essenzen\/wp-json\/wp\/v2\/media?parent=1076"}],"wp:term":[{"taxonomy":"product_brand","embeddable":true,"href":"https:\/\/www.regionalis.shop\/energie-kraft-essenzen\/wp-json\/wp\/v2\/product_brand?post=1076"},{"taxonomy":"product_cat","embeddable":true,"href":"https:\/\/www.regionalis.shop\/energie-kraft-essenzen\/wp-json\/wp\/v2\/product_cat?post=1076"},{"taxonomy":"product_tag","embeddable":true,"href":"https:\/\/www.regionalis.shop\/energie-kraft-essenzen\/wp-json\/wp\/v2\/product_tag?post=1076"}],"curies":[{"name":"wp","href":"https:\/\/api.w.org\/{rel}","templated":true}]}}