{"id":1085,"date":"2025-04-28T03:28:22","date_gmt":"2025-04-28T01:28:22","guid":{"rendered":"https:\/\/www.regionalis.shop\/energie-kraft-essenzen\/product\/kraft\/"},"modified":"2025-04-28T03:28:22","modified_gmt":"2025-04-28T01:28:22","slug":"kraft","status":"publish","type":"product","link":"https:\/\/www.regionalis.shop\/energie-kraft-essenzen\/shop\/kraft\/","title":{"rendered":"Kraft"},"content":{"rendered":"<p>Kraft<br \/>\nKraftvoll durchs Leben gehen, Kraft f\u00fcr Seele, Geist und K\u00f6rper<br \/>\nvoll Kraft den n\u00e4chsten Schritt wagen,<br \/>\n&#8222;Ich sp\u00fcre die Kraft in mir!&#8220;<br \/>\nKr\u00e4ftigende Essenzen von Brombeere, Holder,  Wasser Dost und<br \/>\nWasser Dost sind wundervolle Unterst\u00fctzer.<\/p>\n","protected":false},"excerpt":{"rendered":"<p>Kraft Kraftvoll durchs Leben gehen, Kraft f\u00fcr Seele, Geist und K\u00f6rper voll Kraft den n\u00e4chsten Schritt wagen, &#8222;Ich sp\u00fcre die Kraft in mir!&#8220; Kr\u00e4ftigende Essenzen von Brombeere, Holder, Wasser Dost und Wasser Dost sind wundervolle Unterst\u00fctzer.<\/p>\n","protected":false},"featured_media":1086,"template":"","meta":{"_acf_changed":false},"product_brand":[],"product_cat":[111,41],"product_tag":[],"class_list":{"0":"post-1085","1":"product","2":"type-product","3":"status-publish","4":"has-post-thumbnail","6":"product_cat-aromasprays-duftoele","7":"product_cat-freizeit-lifestyle","9":"first","10":"instock","11":"purchasable","12":"product-type-simple"},"acf":[],"_links":{"self":[{"href":"https:\/\/www.regionalis.shop\/energie-kraft-essenzen\/wp-json\/wp\/v2\/product\/1085","targetHints":{"allow":["GET"]}}],"collection":[{"href":"https:\/\/www.regionalis.shop\/energie-kraft-essenzen\/wp-json\/wp\/v2\/product"}],"about":[{"href":"https:\/\/www.regionalis.shop\/energie-kraft-essenzen\/wp-json\/wp\/v2\/types\/product"}],"wp:featuredmedia":[{"embeddable":true,"href":"https:\/\/www.regionalis.shop\/energie-kraft-essenzen\/wp-json\/wp\/v2\/media\/1086"}],"wp:attachment":[{"href":"https:\/\/www.regionalis.shop\/energie-kraft-essenzen\/wp-json\/wp\/v2\/media?parent=1085"}],"wp:term":[{"taxonomy":"product_brand","embeddable":true,"href":"https:\/\/www.regionalis.shop\/energie-kraft-essenzen\/wp-json\/wp\/v2\/product_brand?post=1085"},{"taxonomy":"product_cat","embeddable":true,"href":"https:\/\/www.regionalis.shop\/energie-kraft-essenzen\/wp-json\/wp\/v2\/product_cat?post=1085"},{"taxonomy":"product_tag","embeddable":true,"href":"https:\/\/www.regionalis.shop\/energie-kraft-essenzen\/wp-json\/wp\/v2\/product_tag?post=1085"}],"curies":[{"name":"wp","href":"https:\/\/api.w.org\/{rel}","templated":true}]}}