{"id":1088,"date":"2025-04-28T03:28:22","date_gmt":"2025-04-28T01:28:22","guid":{"rendered":"https:\/\/www.regionalis.shop\/energie-kraft-essenzen\/product\/reinigung\/"},"modified":"2025-04-28T03:28:22","modified_gmt":"2025-04-28T01:28:22","slug":"reinigung","status":"publish","type":"product","link":"https:\/\/www.regionalis.shop\/energie-kraft-essenzen\/shop\/reinigung\/","title":{"rendered":"Reinigung"},"content":{"rendered":"<p>Reinigung<br \/>\nReinigen von K\u00f6rper, Geist und Seele; Raumreinigung<br \/>\n&#8222;Reinigen und Aufr\u00e4umen&#8220;<br \/>\nHier unterst\u00fctzen die Essenzen von Brennnessel, Borretsch und Erika<br \/>\ndas energetische reinigen von R\u00e4umen.<\/p>\n","protected":false},"excerpt":{"rendered":"<p>Reinigung Reinigen von K\u00f6rper, Geist und Seele; Raumreinigung &#8222;Reinigen und Aufr\u00e4umen&#8220; Hier unterst\u00fctzen die Essenzen von Brennnessel, Borretsch und Erika das energetische reinigen von R\u00e4umen.<\/p>\n","protected":false},"featured_media":1089,"template":"","meta":{"_acf_changed":false},"product_brand":[],"product_cat":[111,41],"product_tag":[],"class_list":{"0":"post-1088","1":"product","2":"type-product","3":"status-publish","4":"has-post-thumbnail","6":"product_cat-aromasprays-duftoele","7":"product_cat-freizeit-lifestyle","9":"first","10":"instock","11":"purchasable","12":"product-type-simple"},"acf":[],"_links":{"self":[{"href":"https:\/\/www.regionalis.shop\/energie-kraft-essenzen\/wp-json\/wp\/v2\/product\/1088","targetHints":{"allow":["GET"]}}],"collection":[{"href":"https:\/\/www.regionalis.shop\/energie-kraft-essenzen\/wp-json\/wp\/v2\/product"}],"about":[{"href":"https:\/\/www.regionalis.shop\/energie-kraft-essenzen\/wp-json\/wp\/v2\/types\/product"}],"wp:featuredmedia":[{"embeddable":true,"href":"https:\/\/www.regionalis.shop\/energie-kraft-essenzen\/wp-json\/wp\/v2\/media\/1089"}],"wp:attachment":[{"href":"https:\/\/www.regionalis.shop\/energie-kraft-essenzen\/wp-json\/wp\/v2\/media?parent=1088"}],"wp:term":[{"taxonomy":"product_brand","embeddable":true,"href":"https:\/\/www.regionalis.shop\/energie-kraft-essenzen\/wp-json\/wp\/v2\/product_brand?post=1088"},{"taxonomy":"product_cat","embeddable":true,"href":"https:\/\/www.regionalis.shop\/energie-kraft-essenzen\/wp-json\/wp\/v2\/product_cat?post=1088"},{"taxonomy":"product_tag","embeddable":true,"href":"https:\/\/www.regionalis.shop\/energie-kraft-essenzen\/wp-json\/wp\/v2\/product_tag?post=1088"}],"curies":[{"name":"wp","href":"https:\/\/api.w.org\/{rel}","templated":true}]}}