{"id":108,"date":"2024-03-04T10:57:41","date_gmt":"2024-03-04T10:57:41","guid":{"rendered":"https:\/\/stage.shop-it.at\/?page_id=108"},"modified":"2025-10-21T17:33:35","modified_gmt":"2025-10-21T15:33:35","slug":"info","status":"publish","type":"page","link":"https:\/\/www.regionalis.shop\/eternel-naturkosmetik\/info\/","title":{"rendered":"Info"},"content":{"rendered":"<section>\n            <p>\u00e9ternel austria ist eine BIO Zertifizierte Naturkosmetikmanufaktur aus Wien.<br \/>\nEs wird alles per Hand und in kleinen Chargen produziert.<\/p>\n<p>\u00e9ternel steht f\u00fcr eine hochwertige und authentische Naturkosmetiklinie, weg von der industriellen Massenproduktion.<\/p>\n<p>Das Gesicht hinter \u00e9ternel hei\u00dft Sihame Aziz. Die geb\u00fcrtige Algerierin und Apothekerin setzt sich intensiv mit der Naturkosmetikherstellung<br \/>\nauseinander. Ihr Ziel dabei ist es, die edlen und hochwertigen Rohstoffe, die im Orient und den Maghreb schon seit Jahrhunderten in der K\u00f6rper- und Sch\u00f6nheitspflege Verwendung finden, mit ihren Rezepturen auch in \u00d6sterreich bekannt zu machen.<\/p>\n\n    <\/section>\n\n\n<p><\/p>\n","protected":false},"excerpt":{"rendered":"","protected":false},"author":1,"featured_media":0,"parent":0,"menu_order":0,"comment_status":"closed","ping_status":"closed","template":"","meta":{"_acf_changed":false,"footnotes":""},"class_list":["post-108","page","type-page","status-publish","hentry"],"acf":[],"_links":{"self":[{"href":"https:\/\/www.regionalis.shop\/eternel-naturkosmetik\/wp-json\/wp\/v2\/pages\/108","targetHints":{"allow":["GET"]}}],"collection":[{"href":"https:\/\/www.regionalis.shop\/eternel-naturkosmetik\/wp-json\/wp\/v2\/pages"}],"about":[{"href":"https:\/\/www.regionalis.shop\/eternel-naturkosmetik\/wp-json\/wp\/v2\/types\/page"}],"author":[{"embeddable":true,"href":"https:\/\/www.regionalis.shop\/eternel-naturkosmetik\/wp-json\/wp\/v2\/users\/1"}],"replies":[{"embeddable":true,"href":"https:\/\/www.regionalis.shop\/eternel-naturkosmetik\/wp-json\/wp\/v2\/comments?post=108"}],"version-history":[{"count":39,"href":"https:\/\/www.regionalis.shop\/eternel-naturkosmetik\/wp-json\/wp\/v2\/pages\/108\/revisions"}],"predecessor-version":[{"id":1028,"href":"https:\/\/www.regionalis.shop\/eternel-naturkosmetik\/wp-json\/wp\/v2\/pages\/108\/revisions\/1028"}],"wp:attachment":[{"href":"https:\/\/www.regionalis.shop\/eternel-naturkosmetik\/wp-json\/wp\/v2\/media?parent=108"}],"curies":[{"name":"wp","href":"https:\/\/api.w.org\/{rel}","templated":true}]}}