{"id":1059,"date":"2025-04-28T03:41:26","date_gmt":"2025-04-28T01:41:26","guid":{"rendered":"https:\/\/www.regionalis.shop\/eternel-naturkosmetik\/product\/koerper-und-haaroel-100ml\/"},"modified":"2025-04-28T03:41:26","modified_gmt":"2025-04-28T01:41:26","slug":"koerper-und-haaroel-100ml","status":"publish","type":"product","link":"https:\/\/www.regionalis.shop\/eternel-naturkosmetik\/shop\/koerper-und-haaroel-100ml\/","title":{"rendered":"K\u00f6rper- und Haar\u00f6l 100ml"},"content":{"rendered":"<p>K\u00f6rper- und Haar\u00f6l \u201cHuile Miracle\u201d 100ml<br \/>\n\u00e9ternel \u201ehuile miracle\u201c ist ein Trocken\u00f6l f\u00fcr Haut und Haare.<br \/>\nDieses Luxus\u00f6l ist besonders gut geeignet f\u00fcr reife Haut und trockene, strapazierte Haare.<br \/>\nAuch IDEAL als MASSAGE\u00d6L<br \/>\n\u00e9ternel \u201ehuile miracle\u201c sch\u00fctzt die Haut vor Beeintr\u00e4chtigungen und macht sie samtweich,<br \/>\nglatt und elastisch. Au\u00dferdem, es repariert trockene, br\u00fcchige Haare.<br \/>\nBio- Argan\u00f6l sch\u00fctzt die Haut vor dem Austrocknen, vor freien Radikalen und beugt vorzeitiger<br \/>\nHautalterung vor. Die Zellerneuerung wird unterst\u00fctzt.<br \/>\nBio- Kaktusfeigenkern\u00f6l  ist das teuerste \u00d6l der Welt und ist besonders gut geeignet als<br \/>\nrestrukturierendes \u00d6l f\u00fcr sehr trockene, barrieregesch\u00e4digte Haut.<br \/>\nBio-Rosen\u00f6l (Rosa damascena ) geh\u00f6rt  zu den wirksamsten und teuersten \u00d6le.  Es wirkt beruhigend<br \/>\nund hautpflegend.<br \/>\nBergamotte wirkt erfrischend wie eine Sommerbrise,  entspannend und stimmungsaufhellend.<\/p>\n<p>Nach dem Duschen oder Baden in die noch feuchte Haut einmassieren. Dazu etwas \u00e9ternel \u201ehuile miracle\u201c  zwischen den Handfl\u00e4chen anw\u00e4rmen und mit kreisenden Bewegungen auftragen. Es zieht rasch ein, duftet herrlich  und hinterl\u00e4sst keinen unangenehmen Film sondern schenkt der Haut einen seidig-goldenen Schimmer.<\/p>\n<p>Ingredients (INCI):<br \/>\nPrunus Amygdalus Dulcis (Sweet Almond) Oil*, Simmondsia Chinensis (Jojoba) Seed Oil*, Prunus Armeniaca (Apricot) Kernel Oil*, Argania Spinosa (Argan) Kernel Oil*, Parfum**, Opuntia Ficus Indica (Prickly Pear) Seed Oil*, Helianthus Annuus (Sunflower) Seed Oil*, Hippophae Rhamnoides (Seabuckthorn Fruit) Oil*, Tocopherol, Citral***, Citronellol***, Geraniol***, limonene***, Linalool***<\/p>\n<p>* Ingredients from certified organic agriculture<br \/>\n** Natural organic essential oils<br \/>\n*** Ingredients of essential oils<\/p>\n","protected":false},"excerpt":{"rendered":"<p>K\u00f6rper- und Haar\u00f6l \u201cHuile Miracle\u201d 100ml \u00e9ternel \u201ehuile miracle\u201c ist ein Trocken\u00f6l f\u00fcr Haut und Haare. Dieses Luxus\u00f6l ist besonders gut geeignet f\u00fcr reife Haut und trockene, strapazierte Haare. Auch IDEAL als MASSAGE\u00d6L \u00e9ternel \u201ehuile miracle\u201c sch\u00fctzt die Haut vor Beeintr\u00e4chtigungen und macht sie samtweich, glatt und elastisch. Au\u00dferdem, es repariert trockene, br\u00fcchige Haare. Bio- &hellip; <a href=\"https:\/\/www.regionalis.shop\/eternel-naturkosmetik\/shop\/koerper-und-haaroel-100ml\/\">Continued<\/a><\/p>\n","protected":false},"featured_media":1060,"template":"","meta":{"_acf_changed":false},"product_brand":[],"product_cat":[153,52],"product_tag":[],"class_list":{"0":"post-1059","1":"product","2":"type-product","3":"status-publish","4":"has-post-thumbnail","6":"product_cat-koerperpflege","7":"product_cat-kosmetika","9":"first","10":"instock","11":"purchasable","12":"product-type-simple"},"acf":[],"_links":{"self":[{"href":"https:\/\/www.regionalis.shop\/eternel-naturkosmetik\/wp-json\/wp\/v2\/product\/1059","targetHints":{"allow":["GET"]}}],"collection":[{"href":"https:\/\/www.regionalis.shop\/eternel-naturkosmetik\/wp-json\/wp\/v2\/product"}],"about":[{"href":"https:\/\/www.regionalis.shop\/eternel-naturkosmetik\/wp-json\/wp\/v2\/types\/product"}],"wp:featuredmedia":[{"embeddable":true,"href":"https:\/\/www.regionalis.shop\/eternel-naturkosmetik\/wp-json\/wp\/v2\/media\/1060"}],"wp:attachment":[{"href":"https:\/\/www.regionalis.shop\/eternel-naturkosmetik\/wp-json\/wp\/v2\/media?parent=1059"}],"wp:term":[{"taxonomy":"product_brand","embeddable":true,"href":"https:\/\/www.regionalis.shop\/eternel-naturkosmetik\/wp-json\/wp\/v2\/product_brand?post=1059"},{"taxonomy":"product_cat","embeddable":true,"href":"https:\/\/www.regionalis.shop\/eternel-naturkosmetik\/wp-json\/wp\/v2\/product_cat?post=1059"},{"taxonomy":"product_tag","embeddable":true,"href":"https:\/\/www.regionalis.shop\/eternel-naturkosmetik\/wp-json\/wp\/v2\/product_tag?post=1059"}],"curies":[{"name":"wp","href":"https:\/\/api.w.org\/{rel}","templated":true}]}}