{"id":1061,"date":"2025-04-18T04:49:34","date_gmt":"2025-04-18T02:49:34","guid":{"rendered":"https:\/\/www.regionalis.shop\/eternel-naturkosmetik\/product\/christmas-beauty-set-big\/"},"modified":"2025-04-18T04:49:34","modified_gmt":"2025-04-18T02:49:34","slug":"christmas-beauty-set-big","status":"publish","type":"product","link":"https:\/\/www.regionalis.shop\/eternel-naturkosmetik\/shop\/christmas-beauty-set-big\/","title":{"rendered":"Christmas Beauty SET BIG"},"content":{"rendered":"<p>\u00e9ternel Christmas Box Gro\u00df 2021 beinhaltet folgende Produkte:<\/p>\n<p>1- Bio K\u00f6rper- und Haar\u00f6l \u201cHuile Miracle\u201d 100ml<\/p>\n<p>2- Bio Handbalsam 50 ml<\/p>\n<p>3- Deo Creme 50 g<\/p>\n<p>4- Festes Shampoo 50 g<\/p>\n<p>5- Waschlappen aus Baumwolle<\/p>\n<p>das Christmas Box ist:<\/p>\n<p>Vegan<br \/>\nBIO<br \/>\nOhne Plastik<br \/>\nNachhaltig<\/p>\n","protected":false},"excerpt":{"rendered":"<p>\u00e9ternel Christmas Box Gro\u00df 2021 beinhaltet folgende Produkte: 1- Bio K\u00f6rper- und Haar\u00f6l \u201cHuile Miracle\u201d 100ml 2- Bio Handbalsam 50 ml 3- Deo Creme 50 g 4- Festes Shampoo 50 g 5- Waschlappen aus Baumwolle das Christmas Box ist: Vegan BIO Ohne Plastik Nachhaltig<\/p>\n","protected":false},"featured_media":1062,"template":"","meta":{"_acf_changed":false},"product_brand":[],"product_cat":[52,85],"product_tag":[],"class_list":{"0":"post-1061","1":"product","2":"type-product","3":"status-publish","4":"has-post-thumbnail","6":"product_cat-kosmetika","7":"product_cat-sonstiges-kosmetika","9":"first","10":"instock","11":"purchasable","12":"product-type-simple"},"acf":[],"_links":{"self":[{"href":"https:\/\/www.regionalis.shop\/eternel-naturkosmetik\/wp-json\/wp\/v2\/product\/1061","targetHints":{"allow":["GET"]}}],"collection":[{"href":"https:\/\/www.regionalis.shop\/eternel-naturkosmetik\/wp-json\/wp\/v2\/product"}],"about":[{"href":"https:\/\/www.regionalis.shop\/eternel-naturkosmetik\/wp-json\/wp\/v2\/types\/product"}],"wp:featuredmedia":[{"embeddable":true,"href":"https:\/\/www.regionalis.shop\/eternel-naturkosmetik\/wp-json\/wp\/v2\/media\/1062"}],"wp:attachment":[{"href":"https:\/\/www.regionalis.shop\/eternel-naturkosmetik\/wp-json\/wp\/v2\/media?parent=1061"}],"wp:term":[{"taxonomy":"product_brand","embeddable":true,"href":"https:\/\/www.regionalis.shop\/eternel-naturkosmetik\/wp-json\/wp\/v2\/product_brand?post=1061"},{"taxonomy":"product_cat","embeddable":true,"href":"https:\/\/www.regionalis.shop\/eternel-naturkosmetik\/wp-json\/wp\/v2\/product_cat?post=1061"},{"taxonomy":"product_tag","embeddable":true,"href":"https:\/\/www.regionalis.shop\/eternel-naturkosmetik\/wp-json\/wp\/v2\/product_tag?post=1061"}],"curies":[{"name":"wp","href":"https:\/\/api.w.org\/{rel}","templated":true}]}}