{"id":1064,"date":"2025-04-17T23:54:15","date_gmt":"2025-04-17T21:54:15","guid":{"rendered":"https:\/\/www.regionalis.shop\/eternel-naturkosmetik\/product\/silence-by-eternel\/"},"modified":"2025-04-17T23:54:15","modified_gmt":"2025-04-17T21:54:15","slug":"silence-by-eternel","status":"publish","type":"product","link":"https:\/\/www.regionalis.shop\/eternel-naturkosmetik\/shop\/silence-by-eternel\/","title":{"rendered":"Silence by \u00e9ternel"},"content":{"rendered":"<p>Limited Edition X-MAS 2021<\/p>\n<p>Vegane Kerze, Aromatherapie<\/p>\n<p>\u201cSilence\u201d by eternel sorgt f\u00fcr innere Ruhe und Entspannung, wichtig in Zeiten wie diesen!<\/p>\n<p>Vegane Kerze, Aromatherapie f\u00fcr Zuhause.<\/p>\n<p>Mit ausgesuchten Bio-\u00e4therischen \u00d6le, f\u00fcr Entspannung und Relaxen zuhause:<\/p>\n<p>Kopfnote: Bergamotte &#038; Orange<\/p>\n<p>Herznote: Lavendel, Rosengeranie<\/p>\n<p>Basisnote: Vanille<\/p>\n<p>Keine Chemischen Zus\u00e4tze<\/p>\n<p>Ohne K\u00fcnstliche Farb- und Duftstoffe<\/p>\n<p>Mit Sojawachs, 100% biologisch abbaubar<\/p>\n<p>Hand made with Love<\/p>\n<p>Made in Austria<\/p>\n","protected":false},"excerpt":{"rendered":"<p>Limited Edition X-MAS 2021 Vegane Kerze, Aromatherapie \u201cSilence\u201d by eternel sorgt f\u00fcr innere Ruhe und Entspannung, wichtig in Zeiten wie diesen! Vegane Kerze, Aromatherapie f\u00fcr Zuhause. Mit ausgesuchten Bio-\u00e4therischen \u00d6le, f\u00fcr Entspannung und Relaxen zuhause: Kopfnote: Bergamotte &#038; Orange Herznote: Lavendel, Rosengeranie Basisnote: Vanille Keine Chemischen Zus\u00e4tze Ohne K\u00fcnstliche Farb- und Duftstoffe Mit Sojawachs, 100% &hellip; <a href=\"https:\/\/www.regionalis.shop\/eternel-naturkosmetik\/shop\/silence-by-eternel\/\">Continued<\/a><\/p>\n","protected":false},"featured_media":1065,"template":"","meta":{"_acf_changed":false},"product_brand":[],"product_cat":[151,103],"product_tag":[],"class_list":{"0":"post-1064","1":"product","2":"type-product","3":"status-publish","4":"has-post-thumbnail","6":"product_cat-kerzen-kerzenstaender","7":"product_cat-wohnen-deko","9":"first","10":"instock","11":"purchasable","12":"product-type-simple"},"acf":[],"_links":{"self":[{"href":"https:\/\/www.regionalis.shop\/eternel-naturkosmetik\/wp-json\/wp\/v2\/product\/1064","targetHints":{"allow":["GET"]}}],"collection":[{"href":"https:\/\/www.regionalis.shop\/eternel-naturkosmetik\/wp-json\/wp\/v2\/product"}],"about":[{"href":"https:\/\/www.regionalis.shop\/eternel-naturkosmetik\/wp-json\/wp\/v2\/types\/product"}],"wp:featuredmedia":[{"embeddable":true,"href":"https:\/\/www.regionalis.shop\/eternel-naturkosmetik\/wp-json\/wp\/v2\/media\/1065"}],"wp:attachment":[{"href":"https:\/\/www.regionalis.shop\/eternel-naturkosmetik\/wp-json\/wp\/v2\/media?parent=1064"}],"wp:term":[{"taxonomy":"product_brand","embeddable":true,"href":"https:\/\/www.regionalis.shop\/eternel-naturkosmetik\/wp-json\/wp\/v2\/product_brand?post=1064"},{"taxonomy":"product_cat","embeddable":true,"href":"https:\/\/www.regionalis.shop\/eternel-naturkosmetik\/wp-json\/wp\/v2\/product_cat?post=1064"},{"taxonomy":"product_tag","embeddable":true,"href":"https:\/\/www.regionalis.shop\/eternel-naturkosmetik\/wp-json\/wp\/v2\/product_tag?post=1064"}],"curies":[{"name":"wp","href":"https:\/\/api.w.org\/{rel}","templated":true}]}}