{"id":1066,"date":"2025-04-17T23:53:39","date_gmt":"2025-04-17T21:53:39","guid":{"rendered":"https:\/\/www.regionalis.shop\/eternel-naturkosmetik\/product\/handbalsam-50-ml\/"},"modified":"2025-04-17T23:53:39","modified_gmt":"2025-04-17T21:53:39","slug":"handbalsam-50-ml","status":"publish","type":"product","link":"https:\/\/www.regionalis.shop\/eternel-naturkosmetik\/shop\/handbalsam-50-ml\/","title":{"rendered":"Handbalsam 50 ml"},"content":{"rendered":"<p>Mit Bio-Argan\u00f6l, Bio-Kaktusfeigenkern\u00f6l, Bio-Damascena Rosen\u00f6l<br \/>\nPflegt trockene H\u00e4nde und macht sie besonders samtweich<br \/>\nIst ideal f\u00fcr  strapazierte H\u00e4nde sowie trockene F\u00fc\u00dfe und raue Ellbogen<br \/>\nPraktische Verpackung f\u00fcr unterwegs<br \/>\nIn Winter, sehr geeignet als K\u00e4lteschutz<br \/>\n Anwendung: Mehrmals t\u00e4glich auf die H\u00e4nde auftragen und einmassieren.<\/p>\n<p>Ingredients (INCI): Butyrospermum Parkii (Shea) Butter* , Theobroma Cacao (Cocoa) Seed Butter* , Cocos Nucifera (Coconut) Oil* , Parfum**, Argania Spinosa (Argan) Kernel Oil*, Euphorbia Cerifera (Candelilla) Wax, Copernicia Prunifera (Carnauba) Wax, Helianthus Annuus (Sunflower) Seed Oil*, Opuntia Ficus Indica (Prickly Pear) Seed Oil*, Citral***, Citronellol***, Geraniol***, limonene***, Linalool***<\/p>\n<p>* Ingredients from certified organic agriculture<br \/>\n** Natural organic essential oils<br \/>\n*** Ingredients of essential oils<\/p>\n","protected":false},"excerpt":{"rendered":"<p>Mit Bio-Argan\u00f6l, Bio-Kaktusfeigenkern\u00f6l, Bio-Damascena Rosen\u00f6l Pflegt trockene H\u00e4nde und macht sie besonders samtweich Ist ideal f\u00fcr strapazierte H\u00e4nde sowie trockene F\u00fc\u00dfe und raue Ellbogen Praktische Verpackung f\u00fcr unterwegs In Winter, sehr geeignet als K\u00e4lteschutz Anwendung: Mehrmals t\u00e4glich auf die H\u00e4nde auftragen und einmassieren. Ingredients (INCI): Butyrospermum Parkii (Shea) Butter* , Theobroma Cacao (Cocoa) Seed Butter* &hellip; <a href=\"https:\/\/www.regionalis.shop\/eternel-naturkosmetik\/shop\/handbalsam-50-ml\/\">Continued<\/a><\/p>\n","protected":false},"featured_media":1067,"template":"","meta":{"_acf_changed":false},"product_brand":[],"product_cat":[153,52],"product_tag":[],"class_list":{"0":"post-1066","1":"product","2":"type-product","3":"status-publish","4":"has-post-thumbnail","6":"product_cat-koerperpflege","7":"product_cat-kosmetika","9":"first","10":"instock","11":"purchasable","12":"product-type-simple"},"acf":[],"_links":{"self":[{"href":"https:\/\/www.regionalis.shop\/eternel-naturkosmetik\/wp-json\/wp\/v2\/product\/1066","targetHints":{"allow":["GET"]}}],"collection":[{"href":"https:\/\/www.regionalis.shop\/eternel-naturkosmetik\/wp-json\/wp\/v2\/product"}],"about":[{"href":"https:\/\/www.regionalis.shop\/eternel-naturkosmetik\/wp-json\/wp\/v2\/types\/product"}],"wp:featuredmedia":[{"embeddable":true,"href":"https:\/\/www.regionalis.shop\/eternel-naturkosmetik\/wp-json\/wp\/v2\/media\/1067"}],"wp:attachment":[{"href":"https:\/\/www.regionalis.shop\/eternel-naturkosmetik\/wp-json\/wp\/v2\/media?parent=1066"}],"wp:term":[{"taxonomy":"product_brand","embeddable":true,"href":"https:\/\/www.regionalis.shop\/eternel-naturkosmetik\/wp-json\/wp\/v2\/product_brand?post=1066"},{"taxonomy":"product_cat","embeddable":true,"href":"https:\/\/www.regionalis.shop\/eternel-naturkosmetik\/wp-json\/wp\/v2\/product_cat?post=1066"},{"taxonomy":"product_tag","embeddable":true,"href":"https:\/\/www.regionalis.shop\/eternel-naturkosmetik\/wp-json\/wp\/v2\/product_tag?post=1066"}],"curies":[{"name":"wp","href":"https:\/\/api.w.org\/{rel}","templated":true}]}}